{"id":39649,"date":"2018-02-12T00:00:00","date_gmt":"2018-02-11T23:00:00","guid":{"rendered":"https:\/\/www.theinvisiblecollection.com\/product\/table-lady-bug\/"},"modified":"2026-05-08T04:40:59","modified_gmt":"2026-05-08T04:40:59","slug":"table-lady-bug","status":"publish","type":"product","link":"https:\/\/theinvisiblecollection.com\/fr\/produit\/table-lady-bug\/","title":{"rendered":"Table D&#8217;appoint Lady Bug"},"content":{"rendered":"<p>La table d&#8217;appoint Lady Bug par Reda Amalou allie simplicit\u00e9 et modernit\u00e9 gr\u00e2ce \u00e0 la noblesse de ses mati\u00e8res et de ses lignes \u00e9pur\u00e9es. Ses pieds en bronze martel\u00e9 et son \u00e9pais plateau en voile de coton laqu\u00e9 lui conf\u00e8re une \u00e9l\u00e9gance teint\u00e9e d&#8217;originalit\u00e9. Reda Amalou, architecte et designer fran\u00e7ais, a\u00a0choisi de concevoir l\u2019architecture dans sa globalit\u00e9 : de la construction \u00e0 l\u2019architecture et d\u00e9coration d\u2019int\u00e9rieur.\u00a0Inspir\u00e9 par l\u2019esth\u00e9tisme du XX\u00e8me si\u00e8cle, il dessine chaque pi\u00e8ce dans un souci d\u2019\u00e9quilibre entre \u00e9l\u00e9gance, sobri\u00e9t\u00e9, et identit\u00e9 visuelle. Tous les mat\u00e9riaux utilis\u00e9s sont nobles, textur\u00e9s et vivants tels que le cuir, le bronze et les bois pr\u00e9cieux.<\/p>\n","protected":false},"excerpt":{"rendered":"<p>Mat\u00e9riaux : Bronze martel\u00e9 et voile de coton laqu\u00e9<\/p>\n<p>\u00d8 40 x H 49 cm (Pi\u00e8tement 41cm)<\/p>\n<p>D\u00e9lais de production : 10 &#8211; 18 semaines<br \/>\nFabrication artisanale<br \/>\n<a href=\"https:\/\/www.theinvisiblecollection.com\/fr\/nous-contacter\/\">Veuillez nous contacter pour davantage d&#8217;informations\u00a0<\/a><\/p>\n","protected":false},"featured_media":126091,"template":"","meta":{"_acf_changed":false,"content-type":"","_themeisle_gutenberg_block_has_review":false},"product_brand":[],"product_cat":[12332,12503,12514,16319],"product_tag":[8857,9431,10890,31477],"product_designer":[8895],"comfabric":[],"manufacturer":[34221],"reporting_designer":[37724],"samplecomfabric":[],"designer_clubroom":[],"class_list":{"0":"post-39649","1":"product","2":"type-product","3":"status-publish","4":"has-post-thumbnail","6":"product_cat-tables-dappoint","7":"product_cat-tables-fr","8":"product_cat-tables-de-chevet","9":"product_cat-cartes-cadeaux","10":"product_tag-table-de-chevet","11":"product_tag-gueridon-fr-3","12":"product_tag-appoint-fr-fr","13":"product_tag-st-curvy-fr","14":"pa_size-dimensions-standards","15":"product_designer-reda-amalou-fr","16":"manufacturer-reda-amalou-pick-up-cadogan-tate-cdg-fr","17":"reporting_designer-reda-amalou","19":"first","20":"instock","21":"taxable","22":"shipping-taxable","23":"purchasable","24":"product-type-simple"},"acf":[],"_links":{"self":[{"href":"https:\/\/theinvisiblecollection.com\/fr\/wp-json\/wp\/v2\/product\/39649","targetHints":{"allow":["GET"]}}],"collection":[{"href":"https:\/\/theinvisiblecollection.com\/fr\/wp-json\/wp\/v2\/product"}],"about":[{"href":"https:\/\/theinvisiblecollection.com\/fr\/wp-json\/wp\/v2\/types\/product"}],"wp:featuredmedia":[{"embeddable":true,"href":"https:\/\/theinvisiblecollection.com\/fr\/wp-json\/wp\/v2\/media\/126091"}],"wp:attachment":[{"href":"https:\/\/theinvisiblecollection.com\/fr\/wp-json\/wp\/v2\/media?parent=39649"}],"wp:term":[{"taxonomy":"product_brand","embeddable":true,"href":"https:\/\/theinvisiblecollection.com\/fr\/wp-json\/wp\/v2\/product_brand?post=39649"},{"taxonomy":"product_cat","embeddable":true,"href":"https:\/\/theinvisiblecollection.com\/fr\/wp-json\/wp\/v2\/product_cat?post=39649"},{"taxonomy":"product_tag","embeddable":true,"href":"https:\/\/theinvisiblecollection.com\/fr\/wp-json\/wp\/v2\/product_tag?post=39649"},{"taxonomy":"product_designer","embeddable":true,"href":"https:\/\/theinvisiblecollection.com\/fr\/wp-json\/wp\/v2\/product_designer?post=39649"},{"taxonomy":"comfabric","embeddable":true,"href":"https:\/\/theinvisiblecollection.com\/fr\/wp-json\/wp\/v2\/comfabric?post=39649"},{"taxonomy":"manufacturer","embeddable":true,"href":"https:\/\/theinvisiblecollection.com\/fr\/wp-json\/wp\/v2\/manufacturer?post=39649"},{"taxonomy":"reporting_designer","embeddable":true,"href":"https:\/\/theinvisiblecollection.com\/fr\/wp-json\/wp\/v2\/reporting_designer?post=39649"},{"taxonomy":"samplecomfabric","embeddable":true,"href":"https:\/\/theinvisiblecollection.com\/fr\/wp-json\/wp\/v2\/samplecomfabric?post=39649"},{"taxonomy":"clubroom_product_designer","embeddable":true,"href":"https:\/\/theinvisiblecollection.com\/fr\/wp-json\/wp\/v2\/designer_clubroom?post=39649"}],"curies":[{"name":"wp","href":"https:\/\/api.w.org\/{rel}","templated":true}]}}