{"id":39680,"date":"2021-04-01T10:00:00","date_gmt":"2021-04-01T09:00:00","guid":{"rendered":"https:\/\/www.theinvisiblecollection.com\/product\/table-nuage\/"},"modified":"2026-05-01T07:39:47","modified_gmt":"2026-05-01T07:39:47","slug":"table-nuage","status":"publish","type":"product","link":"https:\/\/theinvisiblecollection.com\/fr\/produit\/table-nuage\/","title":{"rendered":"Table Nuage"},"content":{"rendered":"<p style=\"text-align: justify;\"><span class=\"TextRun SCXW156767930 BCX0\" lang=\"FR-FR\" xml:lang=\"FR-FR\" data-contrast=\"auto\"><span class=\"NormalTextRun SCXW156767930 BCX0\">La Table Nuage de J\u00e9r\u00f4me Faillant-Dumas r\u00e9interpr\u00e8te avec po\u00e9sie les formes libres de la nature. Inspir\u00e9e par le reflet d\u2019un nuage dans une flaque d\u2019eau sur les pav\u00e9s parisiens, cette pi\u00e8ce sculpturale prolonge la recherche amorc\u00e9e avec la Table Encre. R\u00e9alis\u00e9e \u00e0 la main par Lison de Caunes, ma\u00eetre incontest\u00e9e de la marqueterie de paille en France, la table rend hommage au savoir-faire d\u00e9coratif de l\u2019Art d\u00e9co. La paille, m\u00e9ticuleusement s\u00e9ch\u00e9e, ouverte, puis aplatie, est ensuite polie <\/span><span class=\"NormalTextRun ContextualSpellingAndGrammarErrorV2Themed SCXW156767930 BCX0\">au silice naturel<\/span><span class=\"NormalTextRun SCXW156767930 BCX0\"> afin d\u2019en r\u00e9v\u00e9ler la brillance et d\u2019assurer sa r\u00e9sistance. Chaque ondulation, chaque courbe du plateau refl\u00e8te la d\u00e9licatesse d\u2019un geste artisanal, entre ma\u00eetrise technique et sensibilit\u00e9 artistique.\u00a0<\/span><\/span><span class=\"EOP SCXW156767930 BCX0\" data-ccp-props=\"{&quot;134233117&quot;:false,&quot;134233118&quot;:false,&quot;201341983&quot;:0,&quot;335551550&quot;:1,&quot;335551620&quot;:1,&quot;335559685&quot;:0,&quot;335559737&quot;:0,&quot;335559738&quot;:0,&quot;335559739&quot;:160,&quot;335559740&quot;:279}\">\u00a0<\/span><\/p>\n","protected":false},"excerpt":{"rendered":"<p>Table en marqueterie de paille ou marqueterie de paille et laiton<\/p>\n<p>\u00d8 135 x H 73 cm<\/p>\n<p>Fabriqu\u00e9e \u00e0 la main en France<br \/>\nD\u00e9lais de fabrication : 14 semaines<\/p>\n<p><span style=\"text-decoration: underline;\"><span class=\"s1\"><a href=\"https:\/\/www.theinvisiblecollection.com\/fr\/demande-de-devis\/?product_id=39680\">Contactez-nous pour toute demande de devis ou de renseignements<\/a><\/span><\/span><\/p>\n","protected":false},"featured_media":77854,"template":"","meta":{"_acf_changed":false,"content-type":"","_themeisle_gutenberg_block_has_review":false},"product_brand":[],"product_cat":[8977,12503],"product_tag":[8855,9404,9453,10389],"product_designer":[8887],"comfabric":[],"manufacturer":[19887],"reporting_designer":[37606],"samplecomfabric":[],"designer_clubroom":[],"class_list":{"0":"post-39680","1":"product","2":"type-product","3":"status-publish","4":"has-post-thumbnail","6":"product_cat-tables-salle-a-manger","7":"product_cat-tables-fr","8":"product_tag-table-fr-3","9":"product_tag-wishlist","10":"product_tag-nuage-fr","11":"product_tag-jerome-faillant-dumas-fr-fr","12":"pa_material-marqueterie-de-paille-fr","13":"pa_material-marqueterie-et-laiton-fr","14":"product_designer-jerome-faillant-dumas-fr","15":"manufacturer-ateliers-lison-de-caunes-fr","16":"reporting_designer-jerome-faillant-dumas","18":"first","19":"instock","20":"taxable","21":"shipping-taxable","22":"product-type-variable"},"acf":[],"_links":{"self":[{"href":"https:\/\/theinvisiblecollection.com\/fr\/wp-json\/wp\/v2\/product\/39680","targetHints":{"allow":["GET"]}}],"collection":[{"href":"https:\/\/theinvisiblecollection.com\/fr\/wp-json\/wp\/v2\/product"}],"about":[{"href":"https:\/\/theinvisiblecollection.com\/fr\/wp-json\/wp\/v2\/types\/product"}],"wp:featuredmedia":[{"embeddable":true,"href":"https:\/\/theinvisiblecollection.com\/fr\/wp-json\/wp\/v2\/media\/77854"}],"wp:attachment":[{"href":"https:\/\/theinvisiblecollection.com\/fr\/wp-json\/wp\/v2\/media?parent=39680"}],"wp:term":[{"taxonomy":"product_brand","embeddable":true,"href":"https:\/\/theinvisiblecollection.com\/fr\/wp-json\/wp\/v2\/product_brand?post=39680"},{"taxonomy":"product_cat","embeddable":true,"href":"https:\/\/theinvisiblecollection.com\/fr\/wp-json\/wp\/v2\/product_cat?post=39680"},{"taxonomy":"product_tag","embeddable":true,"href":"https:\/\/theinvisiblecollection.com\/fr\/wp-json\/wp\/v2\/product_tag?post=39680"},{"taxonomy":"product_designer","embeddable":true,"href":"https:\/\/theinvisiblecollection.com\/fr\/wp-json\/wp\/v2\/product_designer?post=39680"},{"taxonomy":"comfabric","embeddable":true,"href":"https:\/\/theinvisiblecollection.com\/fr\/wp-json\/wp\/v2\/comfabric?post=39680"},{"taxonomy":"manufacturer","embeddable":true,"href":"https:\/\/theinvisiblecollection.com\/fr\/wp-json\/wp\/v2\/manufacturer?post=39680"},{"taxonomy":"reporting_designer","embeddable":true,"href":"https:\/\/theinvisiblecollection.com\/fr\/wp-json\/wp\/v2\/reporting_designer?post=39680"},{"taxonomy":"samplecomfabric","embeddable":true,"href":"https:\/\/theinvisiblecollection.com\/fr\/wp-json\/wp\/v2\/samplecomfabric?post=39680"},{"taxonomy":"clubroom_product_designer","embeddable":true,"href":"https:\/\/theinvisiblecollection.com\/fr\/wp-json\/wp\/v2\/designer_clubroom?post=39680"}],"curies":[{"name":"wp","href":"https:\/\/api.w.org\/{rel}","templated":true}]}}