{"id":39707,"date":"2019-04-16T00:00:00","date_gmt":"2019-04-15T23:00:00","guid":{"rendered":"https:\/\/www.theinvisiblecollection.com\/product\/table-rino\/"},"modified":"2026-05-08T04:40:59","modified_gmt":"2026-05-08T04:40:59","slug":"etel-table-rino","status":"publish","type":"product","link":"https:\/\/theinvisiblecollection.com\/fr\/produit\/etel-table-rino\/","title":{"rendered":"Table Rino"},"content":{"rendered":"<p style=\"text-align: justify;\">Deux bases soutiennent le port de cette imposante table \u00e0 d\u00eener, disponible en dix tailles, qui repr\u00e9sente le mode de vie d&#8217;Arthur Casas.<\/p>\n","protected":false},"excerpt":{"rendered":"<p>Design par Arthur de Mattos Casas<br \/>\nSur l\u2019image, table r\u00e9alis\u00e9e en bois de\u00a0cannelle<br \/>\nTable aussi disponible en bois de c\u00e8dre, bois de Freijo, et bois Jequitiba<br \/>\n<a href=\"https:\/\/www.theinvisiblecollection.com\/wp-content\/uploads\/2019\/04\/Etel_WoodSample_RinoDiningTable.pdf\"><span style=\"text-decoration: underline;\">D\u00e9couvrez la s\u00e9lection de bois ici<\/span><\/a><\/p>\n<p>Dix dimensions disponibles :<br \/>\nA partir de L 220 x l 110 x H 74 cm<br \/>\nJusqu&#8217;\u00e0 L 400 x l 110 x H 74 cm<\/p>\n<p style=\"text-align: justify;\">Cette pi\u00e8ce est r\u00e9alis\u00e9e \u00e0 la main au Br\u00e9sil, a partir de bois provenant de for\u00eats faisant l&#8217;objet d&#8217;une gestion durable. Ainsi, nous ne pouvons pas garantir de d\u00e9lais de production actuellement. La production pourrait prendre jusqu&#8217;\u00e0 une ann\u00e9e enti\u00e8re. Commandez maintenant pour vous placer en haut de la liste d&#8217;attente ou <span style=\"text-decoration: underline;\"><a href=\"https:\/\/www.theinvisiblecollection.com\/fr\/demande-de-devis\/?product_id=39707\" target=\"_blank\" rel=\"noopener\">contactez-nous pour recevoir d&#8217;autres propositions<\/a>.<\/span><\/p>\n<p>&nbsp;<\/p>\n","protected":false},"featured_media":78209,"template":"","meta":{"_acf_changed":false,"content-type":"","_themeisle_gutenberg_block_has_review":false},"product_brand":[],"product_cat":[8977,12503],"product_tag":[8854,8855,10255,10558,11335],"product_designer":[8866],"comfabric":[28854],"manufacturer":[16878],"reporting_designer":[37382],"samplecomfabric":[30448],"designer_clubroom":[],"class_list":{"0":"post-39707","1":"product","2":"type-product","3":"status-publish","4":"has-post-thumbnail","6":"product_cat-tables-salle-a-manger","7":"product_cat-tables-fr","8":"product_tag-etel-fr-2","9":"product_tag-table-fr-3","10":"product_tag-salon-fr-4","11":"product_tag-arthur-de-mattos-casas-fr-fr","12":"product_tag-eco-design","13":"pa_size-l-280-x-l-100-x-h-80-fr","14":"pa_size-moyen","15":"pa_size-petit","16":"pa_wood-freijo-delave-fr","17":"pa_wood-freijo-naturel-fr","18":"product_designer-etel-fr","19":"comfabric-etel-atelier-1-fr","20":"manufacturer-etel-atelier-1-fr","21":"reporting_designer-etel","22":"samplecomfabric-etel-fr","24":"first","25":"instock","26":"taxable","27":"shipping-taxable","28":"purchasable","29":"product-type-variable"},"acf":[],"_links":{"self":[{"href":"https:\/\/theinvisiblecollection.com\/fr\/wp-json\/wp\/v2\/product\/39707","targetHints":{"allow":["GET"]}}],"collection":[{"href":"https:\/\/theinvisiblecollection.com\/fr\/wp-json\/wp\/v2\/product"}],"about":[{"href":"https:\/\/theinvisiblecollection.com\/fr\/wp-json\/wp\/v2\/types\/product"}],"wp:featuredmedia":[{"embeddable":true,"href":"https:\/\/theinvisiblecollection.com\/fr\/wp-json\/wp\/v2\/media\/78209"}],"wp:attachment":[{"href":"https:\/\/theinvisiblecollection.com\/fr\/wp-json\/wp\/v2\/media?parent=39707"}],"wp:term":[{"taxonomy":"product_brand","embeddable":true,"href":"https:\/\/theinvisiblecollection.com\/fr\/wp-json\/wp\/v2\/product_brand?post=39707"},{"taxonomy":"product_cat","embeddable":true,"href":"https:\/\/theinvisiblecollection.com\/fr\/wp-json\/wp\/v2\/product_cat?post=39707"},{"taxonomy":"product_tag","embeddable":true,"href":"https:\/\/theinvisiblecollection.com\/fr\/wp-json\/wp\/v2\/product_tag?post=39707"},{"taxonomy":"product_designer","embeddable":true,"href":"https:\/\/theinvisiblecollection.com\/fr\/wp-json\/wp\/v2\/product_designer?post=39707"},{"taxonomy":"comfabric","embeddable":true,"href":"https:\/\/theinvisiblecollection.com\/fr\/wp-json\/wp\/v2\/comfabric?post=39707"},{"taxonomy":"manufacturer","embeddable":true,"href":"https:\/\/theinvisiblecollection.com\/fr\/wp-json\/wp\/v2\/manufacturer?post=39707"},{"taxonomy":"reporting_designer","embeddable":true,"href":"https:\/\/theinvisiblecollection.com\/fr\/wp-json\/wp\/v2\/reporting_designer?post=39707"},{"taxonomy":"samplecomfabric","embeddable":true,"href":"https:\/\/theinvisiblecollection.com\/fr\/wp-json\/wp\/v2\/samplecomfabric?post=39707"},{"taxonomy":"clubroom_product_designer","embeddable":true,"href":"https:\/\/theinvisiblecollection.com\/fr\/wp-json\/wp\/v2\/designer_clubroom?post=39707"}],"curies":[{"name":"wp","href":"https:\/\/api.w.org\/{rel}","templated":true}]}}