{"id":39785,"date":"2024-09-10T00:00:00","date_gmt":"2024-09-10T00:00:00","guid":{"rendered":"https:\/\/www.theinvisiblecollection.com\/?post_type=product&#038;p=39785"},"modified":"2026-05-01T07:39:45","modified_gmt":"2026-05-01T07:39:45","slug":"kelly-behun-table-ronde-mosaique-2","status":"publish","type":"product","link":"https:\/\/theinvisiblecollection.com\/fr\/produit\/kelly-behun-table-ronde-mosaique-2\/","title":{"rendered":"Table Ronde Mosa\u00efque"},"content":{"rendered":"<p style=\"text-align: justify;\">Inspir\u00e9e par le travail iconique du designer italien Carlo Bugatti et de l&#8217;architecte catalan Antoni Gaudi, Kelly Behun a invent\u00e9 un nouveau vocabulaire de formes, fusionnant des lignes inattendues avec des mat\u00e9riaux luxueux, notamment l\u2019acajou blanchi, et des mosa\u00efques de porcelaine aux motifs uniques. Les d\u00e9tails sculpt\u00e9s, complexes, donnent \u00e0 chacune des pi\u00e8ces une valeur sculpturale intemporelle, qui d\u00e9fie le temps. La collection est enti\u00e8rement r\u00e9alis\u00e9e \u00e0 la main par les meilleurs artisans am\u00e9ricains.<\/p>\n","protected":false},"excerpt":{"rendered":"<p>Table photographi\u00e9e ici en acajou blanchi (usage ext\u00e9rieur), finition \u00e0 la main<br \/>\nDisponible \u00e9galement en ch\u00eane \u00e9b\u00e8ne (usage int\u00e9rieur) ou ch\u00eane blanc (usage int\u00e9rieur), finition \u00e0 la main<br \/>\n<a href=\"https:\/\/theinvisiblecollection.com\/wp-content\/uploads\/2022\/11\/TheInvisibleCollection_KellyBehun_WoodSelection_3.jpg\" target=\"_blank\" rel=\"noopener\"><span style=\"text-decoration: underline;\">D\u00e9couvrez la s\u00e9lection de bois ici<\/span><\/a><br \/>\nPlateau en carreaux de mosa\u00efque taill\u00e9s \u00e0 la main en pierre tala black<br \/>\nPhotographi\u00e9e ici en tant que projet de conception, veuillez attendre votre rendu final personnalis\u00e9<br \/>\nDimensions et mosa\u00efques sur-mesure sur demande<br \/>\n<span style=\"text-decoration: underline;\"><a href=\"https:\/\/www.theinvisiblecollection.com\/wp-content\/uploads\/2020\/02\/TheInvisibleCollection_KellyBehun_MosaicColors-r.pdf\" target=\"_blank\" rel=\"noopener noreferrer\">D\u00e9couvrez la s\u00e9lection de couleurs de mosa\u00efque ici<\/a><\/span><\/p>\n<p>\u00d8 152.4 x H 73.7 cm<\/p>\n<p>Fabriqu\u00e9e \u00e0 la main aux Etats-Unis<br \/>\nD\u00e9lais de production : 18 &#8211; 20 semaines<\/p>\n<p><span style=\"text-decoration: underline;\"><a href=\"https:\/\/www.theinvisiblecollection.com\/fr\/demande-de-devis\/?product_id=39785\" target=\"_blank\" rel=\"noopener noreferrer\">Contactez-nous pour toute demande de devis ou de renseignements<\/a><\/span><\/p>\n","protected":false},"featured_media":102065,"template":"","meta":{"_acf_changed":false,"content-type":"","_themeisle_gutenberg_block_has_review":false},"product_brand":[],"product_cat":[8977,10549,12503],"product_tag":[8955,10125,10126,10127,10128,10140,10142,10143,31476,31477],"product_designer":[8913],"comfabric":[],"manufacturer":[21768],"reporting_designer":[37666],"samplecomfabric":[],"designer_clubroom":[],"class_list":{"0":"post-39785","1":"product","2":"type-product","3":"status-publish","4":"has-post-thumbnail","6":"product_cat-tables-salle-a-manger","7":"product_cat-mobilier-dexterieur","8":"product_cat-tables-fr","9":"product_tag-table","10":"product_tag-acajou-fr-2","11":"product_tag-mosaique","12":"product_tag-kelly-behun-fr","13":"product_tag-table-dexterieur","14":"product_tag-mobilier-exterieur-fr","15":"product_tag-table-ronde","16":"product_tag-piatro-fr","17":"product_tag-st-collectible-fr","18":"product_tag-st-curvy-fr","19":"pa_wood-acajou-blanchi-fr","20":"pa_wood-chene-blanc-fr","21":"pa_wood-chene-ebonise","22":"product_designer-kelly-behun-fr","23":"manufacturer-bespoke-furniture-inc-fr","24":"reporting_designer-kelly-behun","26":"first","27":"instock","28":"taxable","29":"shipping-taxable","30":"product-type-variable"},"acf":[],"_links":{"self":[{"href":"https:\/\/theinvisiblecollection.com\/fr\/wp-json\/wp\/v2\/product\/39785","targetHints":{"allow":["GET"]}}],"collection":[{"href":"https:\/\/theinvisiblecollection.com\/fr\/wp-json\/wp\/v2\/product"}],"about":[{"href":"https:\/\/theinvisiblecollection.com\/fr\/wp-json\/wp\/v2\/types\/product"}],"wp:featuredmedia":[{"embeddable":true,"href":"https:\/\/theinvisiblecollection.com\/fr\/wp-json\/wp\/v2\/media\/102065"}],"wp:attachment":[{"href":"https:\/\/theinvisiblecollection.com\/fr\/wp-json\/wp\/v2\/media?parent=39785"}],"wp:term":[{"taxonomy":"product_brand","embeddable":true,"href":"https:\/\/theinvisiblecollection.com\/fr\/wp-json\/wp\/v2\/product_brand?post=39785"},{"taxonomy":"product_cat","embeddable":true,"href":"https:\/\/theinvisiblecollection.com\/fr\/wp-json\/wp\/v2\/product_cat?post=39785"},{"taxonomy":"product_tag","embeddable":true,"href":"https:\/\/theinvisiblecollection.com\/fr\/wp-json\/wp\/v2\/product_tag?post=39785"},{"taxonomy":"product_designer","embeddable":true,"href":"https:\/\/theinvisiblecollection.com\/fr\/wp-json\/wp\/v2\/product_designer?post=39785"},{"taxonomy":"comfabric","embeddable":true,"href":"https:\/\/theinvisiblecollection.com\/fr\/wp-json\/wp\/v2\/comfabric?post=39785"},{"taxonomy":"manufacturer","embeddable":true,"href":"https:\/\/theinvisiblecollection.com\/fr\/wp-json\/wp\/v2\/manufacturer?post=39785"},{"taxonomy":"reporting_designer","embeddable":true,"href":"https:\/\/theinvisiblecollection.com\/fr\/wp-json\/wp\/v2\/reporting_designer?post=39785"},{"taxonomy":"samplecomfabric","embeddable":true,"href":"https:\/\/theinvisiblecollection.com\/fr\/wp-json\/wp\/v2\/samplecomfabric?post=39785"},{"taxonomy":"clubroom_product_designer","embeddable":true,"href":"https:\/\/theinvisiblecollection.com\/fr\/wp-json\/wp\/v2\/designer_clubroom?post=39785"}],"curies":[{"name":"wp","href":"https:\/\/api.w.org\/{rel}","templated":true}]}}