{"id":39794,"date":"2019-11-26T00:00:00","date_gmt":"2019-11-26T00:00:00","guid":{"rendered":"https:\/\/www.theinvisiblecollection.com\/product\/table-saturne\/"},"modified":"2026-05-01T07:39:45","modified_gmt":"2026-05-01T07:39:45","slug":"mayaro-editions-table-saturne","status":"publish","type":"product","link":"https:\/\/theinvisiblecollection.com\/fr\/produit\/mayaro-editions-table-saturne\/","title":{"rendered":"Table Saturne"},"content":{"rendered":"<p>Con\u00e7ue par Virieu di Petrillo pour Mayaro<br \/>\nEdition limit\u00e9e &#8211; 12 pi\u00e8ces<\/p>\n<p style=\"text-align: justify;\">La table Saturne est construite par un ma\u00eetre \u00e9b\u00e9niste avec un anneau de bois amovible qui agit comme une extension. Cet anneau en bois peut devenir une pi\u00e8ce d\u00e9corative une fois accroch\u00e9 au mur lorsque la table est mise pour quatre, ou prolonger la table pour accueillir un d\u00eener pour dix. Il a \u00e9t\u00e9 imagin\u00e9 par Virieu di Petrillo en collaboration avec l&#8217;Atelier Iota Element.<\/p>\n","protected":false},"excerpt":{"rendered":"<p>Plateau de table et anneau de Saturne en fr\u00eane<br \/>\nDisponible en ch\u00eane, noyer, sycomore ou poirier noirci sur demande<br \/>\nPi\u00e9tement en acier trait\u00e9 \u00e0 l&#8217;h\u00e9matite pour un effet rouille<br \/>\nBois sur mesure sur demande<\/p>\n<p>Sans anneau (pour 4 pers.) : L 140 x l 77 x H 75 cm<br \/>\nAvec anneau (pour 10 pers.) : L 210 x l 115 x H 75 cm<br \/>\nDimensions sur mesure sur demande<\/p>\n<p>Fabriqu\u00e9e \u00e0 la main en France<br \/>\nD\u00e9lais de production : 3 mois minimum<\/p>\n<p class=\"p1\"><span class=\"s1\"><a href=\"https:\/\/www.theinvisiblecollection.com\/fr\/contact-produit\/?product_id=39794\">Contactez-nous pour toute demande de devis ou de renseignements<\/a><\/span><\/p>\n","protected":false},"featured_media":100525,"template":"","meta":{"_acf_changed":false,"content-type":"","_themeisle_gutenberg_block_has_review":false},"product_brand":[],"product_cat":[8977,12503],"product_tag":[8855,9086,10560,31477],"product_designer":[8894],"comfabric":[],"manufacturer":[16730],"reporting_designer":[37226],"samplecomfabric":[],"designer_clubroom":[],"class_list":{"0":"post-39794","1":"product","2":"type-product","3":"status-publish","4":"has-post-thumbnail","6":"product_cat-tables-salle-a-manger","7":"product_cat-tables-fr","8":"product_tag-table-fr-3","9":"product_tag-acier","10":"product_tag-frene","11":"product_tag-st-curvy-fr","12":"pa_wood-chene-fr","13":"pa_wood-ebene-de-macassar-fr","14":"pa_wood-frene-fr","15":"pa_wood-noyer-damerique-fr","16":"pa_wood-noyer-de-france-fr","17":"pa_wood-poirier-noirci-fr","18":"product_designer-mayaro-editions-fr","19":"manufacturer-mayaro-editions-fr","20":"reporting_designer-mayaro-editions","22":"first","23":"instock","24":"taxable","25":"shipping-taxable","26":"purchasable","27":"product-type-variable"},"acf":[],"_links":{"self":[{"href":"https:\/\/theinvisiblecollection.com\/fr\/wp-json\/wp\/v2\/product\/39794","targetHints":{"allow":["GET"]}}],"collection":[{"href":"https:\/\/theinvisiblecollection.com\/fr\/wp-json\/wp\/v2\/product"}],"about":[{"href":"https:\/\/theinvisiblecollection.com\/fr\/wp-json\/wp\/v2\/types\/product"}],"wp:featuredmedia":[{"embeddable":true,"href":"https:\/\/theinvisiblecollection.com\/fr\/wp-json\/wp\/v2\/media\/100525"}],"wp:attachment":[{"href":"https:\/\/theinvisiblecollection.com\/fr\/wp-json\/wp\/v2\/media?parent=39794"}],"wp:term":[{"taxonomy":"product_brand","embeddable":true,"href":"https:\/\/theinvisiblecollection.com\/fr\/wp-json\/wp\/v2\/product_brand?post=39794"},{"taxonomy":"product_cat","embeddable":true,"href":"https:\/\/theinvisiblecollection.com\/fr\/wp-json\/wp\/v2\/product_cat?post=39794"},{"taxonomy":"product_tag","embeddable":true,"href":"https:\/\/theinvisiblecollection.com\/fr\/wp-json\/wp\/v2\/product_tag?post=39794"},{"taxonomy":"product_designer","embeddable":true,"href":"https:\/\/theinvisiblecollection.com\/fr\/wp-json\/wp\/v2\/product_designer?post=39794"},{"taxonomy":"comfabric","embeddable":true,"href":"https:\/\/theinvisiblecollection.com\/fr\/wp-json\/wp\/v2\/comfabric?post=39794"},{"taxonomy":"manufacturer","embeddable":true,"href":"https:\/\/theinvisiblecollection.com\/fr\/wp-json\/wp\/v2\/manufacturer?post=39794"},{"taxonomy":"reporting_designer","embeddable":true,"href":"https:\/\/theinvisiblecollection.com\/fr\/wp-json\/wp\/v2\/reporting_designer?post=39794"},{"taxonomy":"samplecomfabric","embeddable":true,"href":"https:\/\/theinvisiblecollection.com\/fr\/wp-json\/wp\/v2\/samplecomfabric?post=39794"},{"taxonomy":"clubroom_product_designer","embeddable":true,"href":"https:\/\/theinvisiblecollection.com\/fr\/wp-json\/wp\/v2\/designer_clubroom?post=39794"}],"curies":[{"name":"wp","href":"https:\/\/api.w.org\/{rel}","templated":true}]}}