{"id":39805,"date":"2019-04-16T00:00:00","date_gmt":"2019-04-15T23:00:00","guid":{"rendered":"https:\/\/www.theinvisiblecollection.com\/product\/table-sem-vergonha\/"},"modified":"2026-05-01T07:39:45","modified_gmt":"2026-05-01T07:39:45","slug":"table-sem-vergonha","status":"publish","type":"product","link":"https:\/\/theinvisiblecollection.com\/fr\/produit\/table-sem-vergonha\/","title":{"rendered":"Table Maria Sem-Vergonha"},"content":{"rendered":"<p style=\"text-align: justify;\">La cr\u00e9atrice a \u00e9t\u00e9 s\u00e9duite par les petits morceaux de bois qui restaient de la construction d&#8217;une autre pi\u00e8ce et qui lui rappelaient des p\u00e9tales de fleurs. Inspir\u00e9e par les fleurs d&#8217;Impatiens &#8211; connues sous le nom de Maria-Sem-Vergonha en portugais &#8211; qui fleurissent abondamment dans les jardins br\u00e9siliens, elle a cr\u00e9\u00e9 cette table.<\/p>\n","protected":false},"excerpt":{"rendered":"<p>Design par Etel Carmona<br \/>\nSur l&#8217;image, table d&#8217;appoint r\u00e9alis\u00e9e en bois d&#8217;Imbuia couleur miel<br \/>\nPieds de la table disponibles en acier Corten, en fer et en or vieilli<br \/>\nStructure aussi disponible en bois de c\u00e8dre et en bois de Freijo<\/p>\n<p>Deux dimensions disponibles :<br \/>\nPetit : L 37.5 x l 37.5 x H 40 cm<br \/>\nMoyen : L 37.5 x l 37.5 x H 50 cm<\/p>\n<p>Fabriqu\u00e9e \u00e0 la main au Br\u00e9sil<br \/>\nD\u00e9lais de production : 20 &#8211; 24 semaines<\/p>\n<p><span style=\"text-decoration: underline;\"><a href=\"https:\/\/www.theinvisiblecollection.com\/fr\/demande-de-devis\/?product_id=39805\" target=\"_blank\" rel=\"noopener noreferrer\">Contactez-nous pour toute demande de devis ou de renseignements<\/a><\/span><\/p>\n","protected":false},"featured_media":77180,"template":"","meta":{"_acf_changed":false,"content-type":"","_themeisle_gutenberg_block_has_review":false},"product_brand":[],"product_cat":[12332,12503,12514],"product_tag":[8854,8855,8862,8953,8993,9059,9668,10493,11335],"product_designer":[8866,10660],"comfabric":[28854],"manufacturer":[16878],"reporting_designer":[37690],"samplecomfabric":[30448],"designer_clubroom":[],"class_list":{"0":"post-39805","1":"product","2":"type-product","3":"status-publish","4":"has-post-thumbnail","6":"product_cat-tables-dappoint","7":"product_cat-tables-fr","8":"product_cat-tables-de-chevet","9":"product_tag-etel-fr-2","10":"product_tag-table-fr-3","11":"product_tag-etel-carmona-fr-3","12":"product_tag-salle-a-manger","13":"product_tag-salon","14":"product_tag-gueridon-fr-2","15":"product_tag-designer-bresilien-fr-fr","16":"product_tag-table-de-nuit","17":"product_tag-eco-design","18":"pa_size-medium-l-375-x-l-375-x-h-50-cm-fr","19":"pa_size-petit-fr","20":"pa_size-moyen-5-petales-l-37-5-x-l-37-5-x-h-50-cm","21":"product_designer-etel-fr","22":"product_designer-etel-carmona-fr","23":"comfabric-etel-atelier-1-fr","24":"manufacturer-etel-atelier-1-fr","25":"reporting_designer-etel-carmona","26":"samplecomfabric-etel-fr","28":"first","29":"instock","30":"taxable","31":"shipping-taxable","32":"purchasable","33":"product-type-variable"},"acf":[],"_links":{"self":[{"href":"https:\/\/theinvisiblecollection.com\/fr\/wp-json\/wp\/v2\/product\/39805","targetHints":{"allow":["GET"]}}],"collection":[{"href":"https:\/\/theinvisiblecollection.com\/fr\/wp-json\/wp\/v2\/product"}],"about":[{"href":"https:\/\/theinvisiblecollection.com\/fr\/wp-json\/wp\/v2\/types\/product"}],"wp:featuredmedia":[{"embeddable":true,"href":"https:\/\/theinvisiblecollection.com\/fr\/wp-json\/wp\/v2\/media\/77180"}],"wp:attachment":[{"href":"https:\/\/theinvisiblecollection.com\/fr\/wp-json\/wp\/v2\/media?parent=39805"}],"wp:term":[{"taxonomy":"product_brand","embeddable":true,"href":"https:\/\/theinvisiblecollection.com\/fr\/wp-json\/wp\/v2\/product_brand?post=39805"},{"taxonomy":"product_cat","embeddable":true,"href":"https:\/\/theinvisiblecollection.com\/fr\/wp-json\/wp\/v2\/product_cat?post=39805"},{"taxonomy":"product_tag","embeddable":true,"href":"https:\/\/theinvisiblecollection.com\/fr\/wp-json\/wp\/v2\/product_tag?post=39805"},{"taxonomy":"product_designer","embeddable":true,"href":"https:\/\/theinvisiblecollection.com\/fr\/wp-json\/wp\/v2\/product_designer?post=39805"},{"taxonomy":"comfabric","embeddable":true,"href":"https:\/\/theinvisiblecollection.com\/fr\/wp-json\/wp\/v2\/comfabric?post=39805"},{"taxonomy":"manufacturer","embeddable":true,"href":"https:\/\/theinvisiblecollection.com\/fr\/wp-json\/wp\/v2\/manufacturer?post=39805"},{"taxonomy":"reporting_designer","embeddable":true,"href":"https:\/\/theinvisiblecollection.com\/fr\/wp-json\/wp\/v2\/reporting_designer?post=39805"},{"taxonomy":"samplecomfabric","embeddable":true,"href":"https:\/\/theinvisiblecollection.com\/fr\/wp-json\/wp\/v2\/samplecomfabric?post=39805"},{"taxonomy":"clubroom_product_designer","embeddable":true,"href":"https:\/\/theinvisiblecollection.com\/fr\/wp-json\/wp\/v2\/designer_clubroom?post=39805"}],"curies":[{"name":"wp","href":"https:\/\/api.w.org\/{rel}","templated":true}]}}