{"id":39848,"date":"2021-04-30T10:30:00","date_gmt":"2021-04-30T09:30:00","guid":{"rendered":"https:\/\/www.theinvisiblecollection.com\/product\/table-sume\/"},"modified":"2026-05-01T07:39:45","modified_gmt":"2026-05-01T07:39:45","slug":"gustavo-neves-table-sume","status":"publish","type":"product","link":"https:\/\/theinvisiblecollection.com\/fr\/produit\/gustavo-neves-table-sume\/","title":{"rendered":"Table Sum\u00e9"},"content":{"rendered":"","protected":false},"excerpt":{"rendered":"<p>Table en bois coul\u00e9 avec incrustation de bronze<br \/>\nLe bois coul\u00e9 est une technique cr\u00e9\u00e9e par Gustavo dans laquelle il presse du m\u00e9tal sur le bois pour cr\u00e9er les textures du bois<\/p>\n<p>2 dimensions disponibles :<br \/>\n\u00d8 200 x H 75 cm<br \/>\n\u00d8 180 x H 75 cm<br \/>\nDimensions sur-mesure sur demande<\/p>\n<p>Fabriqu\u00e9e \u00e0 la main au Br\u00e9sil<br \/>\nD\u00e9lais de production : 13 \u2014 17 semaines<\/p>\n<p><span style=\"text-decoration: underline;\"><a href=\"https:\/\/www.theinvisiblecollection.com\/fr\/demande-de-devis\/?product_id=39848\">Contactez-nous pour toute demande de devis ou de renseignements<\/a><\/span><\/p>\n","protected":false},"featured_media":82044,"template":"","meta":{"_acf_changed":false,"content-type":"","_themeisle_gutenberg_block_has_review":false},"product_brand":[],"product_cat":[8977,12503],"product_tag":[9058,9196,9220,9230,11334,11335,11337,8855,8953,8955],"product_designer":[8926],"comfabric":[],"manufacturer":[16888],"reporting_designer":[37166],"samplecomfabric":[],"designer_clubroom":[],"class_list":{"0":"post-39848","1":"product","2":"type-product","3":"status-publish","4":"has-post-thumbnail","6":"product_cat-tables-salle-a-manger","7":"product_cat-tables-fr","8":"product_tag-bronze-fr-2","9":"product_tag-gustavo-fr","10":"product_tag-gustavo-neves","11":"product_tag-sume-fr","12":"product_tag-eco-friendly-fr","13":"product_tag-eco-design","14":"product_tag-durable","15":"product_tag-table-fr-3","16":"product_tag-salle-a-manger","17":"product_tag-table","18":"pa_size-grand-fr","19":"pa_size-petit","20":"product_designer-gustavo-neves-fr","21":"manufacturer-afonso-garbuio-fr","22":"reporting_designer-gustavo-neves","24":"first","25":"instock","26":"taxable","27":"shipping-taxable","28":"purchasable","29":"product-type-variable"},"acf":[],"_links":{"self":[{"href":"https:\/\/theinvisiblecollection.com\/fr\/wp-json\/wp\/v2\/product\/39848","targetHints":{"allow":["GET"]}}],"collection":[{"href":"https:\/\/theinvisiblecollection.com\/fr\/wp-json\/wp\/v2\/product"}],"about":[{"href":"https:\/\/theinvisiblecollection.com\/fr\/wp-json\/wp\/v2\/types\/product"}],"wp:featuredmedia":[{"embeddable":true,"href":"https:\/\/theinvisiblecollection.com\/fr\/wp-json\/wp\/v2\/media\/82044"}],"wp:attachment":[{"href":"https:\/\/theinvisiblecollection.com\/fr\/wp-json\/wp\/v2\/media?parent=39848"}],"wp:term":[{"taxonomy":"product_brand","embeddable":true,"href":"https:\/\/theinvisiblecollection.com\/fr\/wp-json\/wp\/v2\/product_brand?post=39848"},{"taxonomy":"product_cat","embeddable":true,"href":"https:\/\/theinvisiblecollection.com\/fr\/wp-json\/wp\/v2\/product_cat?post=39848"},{"taxonomy":"product_tag","embeddable":true,"href":"https:\/\/theinvisiblecollection.com\/fr\/wp-json\/wp\/v2\/product_tag?post=39848"},{"taxonomy":"product_designer","embeddable":true,"href":"https:\/\/theinvisiblecollection.com\/fr\/wp-json\/wp\/v2\/product_designer?post=39848"},{"taxonomy":"comfabric","embeddable":true,"href":"https:\/\/theinvisiblecollection.com\/fr\/wp-json\/wp\/v2\/comfabric?post=39848"},{"taxonomy":"manufacturer","embeddable":true,"href":"https:\/\/theinvisiblecollection.com\/fr\/wp-json\/wp\/v2\/manufacturer?post=39848"},{"taxonomy":"reporting_designer","embeddable":true,"href":"https:\/\/theinvisiblecollection.com\/fr\/wp-json\/wp\/v2\/reporting_designer?post=39848"},{"taxonomy":"samplecomfabric","embeddable":true,"href":"https:\/\/theinvisiblecollection.com\/fr\/wp-json\/wp\/v2\/samplecomfabric?post=39848"},{"taxonomy":"clubroom_product_designer","embeddable":true,"href":"https:\/\/theinvisiblecollection.com\/fr\/wp-json\/wp\/v2\/designer_clubroom?post=39848"}],"curies":[{"name":"wp","href":"https:\/\/api.w.org\/{rel}","templated":true}]}}