{"id":39854,"date":"2019-01-07T00:00:00","date_gmt":"2019-01-06T23:00:00","guid":{"rendered":"https:\/\/www.theinvisiblecollection.com\/product\/table-tatami-m\/"},"modified":"2026-05-01T07:39:45","modified_gmt":"2026-05-01T07:39:45","slug":"table-tatami-m","status":"publish","type":"product","link":"https:\/\/theinvisiblecollection.com\/fr\/produit\/table-tatami-m\/","title":{"rendered":"Table Tatami M"},"content":{"rendered":"<p style=\"text-align: justify;\">Inspir\u00e9es par les couleurs vibrantes du Japon moderne, les tables Tatami sont fabriqu\u00e9es selon un technique traditionnelle de tissage de paille typique des rev\u00eatements de sol japonais, et encadr\u00e9s de l\u2019art de la marqueterie. Ces pi\u00e8ces multifonctionnelles peuvent aussi bien servir de table que de banquette.<\/p>\n","protected":false},"excerpt":{"rendered":"<p>Table basse en tatami et marqueterie<br \/>\nCouleurs de tatami disponibles : rose, bleu, jaune, vert, rouge<\/p>\n<p>L 55 x l 31,6 x H 44,3 cm<\/p>\n<p>Fabriqu\u00e9e \u00e0 la main au Liban<br \/>\nD\u00e9lais de fabrication : 10 &#8211; 12 semaines<\/p>\n<p class=\"p1\"><span class=\"s1\"><a href=\"https:\/\/www.theinvisiblecollection.com\/fr\/demande-de-devis\/?product_id=39854\">Contactez-nous pour toute demande de devis ou de renseignements<\/a><\/span><\/p>\n","protected":false},"featured_media":76109,"template":"","meta":{"_acf_changed":false,"content-type":"","_themeisle_gutenberg_block_has_review":false},"product_brand":[],"product_cat":[7509,12332,12503],"product_tag":[6345,9174,9223,9573,9576,9673,9794],"product_designer":[8872],"comfabric":[],"manufacturer":[25164],"reporting_designer":[37874],"samplecomfabric":[],"designer_clubroom":[],"class_list":{"0":"post-39854","1":"product","2":"type-product","3":"status-publish","4":"has-post-thumbnail","6":"product_cat-tables-basses-dappoint","7":"product_cat-tables-dappoint","8":"product_cat-tables-fr","9":"product_tag-liban-fr","10":"product_tag-bleu","11":"product_tag-jaune","12":"product_tag-rosace","13":"product_tag-vert","14":"product_tag-nada-debs-fr-fr","15":"product_tag-rouge","16":"product_designer-nada-debs-fr","17":"manufacturer-capit-logistics-lebanon-fr","18":"reporting_designer-nada-debs","20":"first","21":"instock","22":"taxable","23":"shipping-taxable","24":"purchasable","25":"product-type-variable"},"acf":[],"_links":{"self":[{"href":"https:\/\/theinvisiblecollection.com\/fr\/wp-json\/wp\/v2\/product\/39854","targetHints":{"allow":["GET"]}}],"collection":[{"href":"https:\/\/theinvisiblecollection.com\/fr\/wp-json\/wp\/v2\/product"}],"about":[{"href":"https:\/\/theinvisiblecollection.com\/fr\/wp-json\/wp\/v2\/types\/product"}],"wp:featuredmedia":[{"embeddable":true,"href":"https:\/\/theinvisiblecollection.com\/fr\/wp-json\/wp\/v2\/media\/76109"}],"wp:attachment":[{"href":"https:\/\/theinvisiblecollection.com\/fr\/wp-json\/wp\/v2\/media?parent=39854"}],"wp:term":[{"taxonomy":"product_brand","embeddable":true,"href":"https:\/\/theinvisiblecollection.com\/fr\/wp-json\/wp\/v2\/product_brand?post=39854"},{"taxonomy":"product_cat","embeddable":true,"href":"https:\/\/theinvisiblecollection.com\/fr\/wp-json\/wp\/v2\/product_cat?post=39854"},{"taxonomy":"product_tag","embeddable":true,"href":"https:\/\/theinvisiblecollection.com\/fr\/wp-json\/wp\/v2\/product_tag?post=39854"},{"taxonomy":"product_designer","embeddable":true,"href":"https:\/\/theinvisiblecollection.com\/fr\/wp-json\/wp\/v2\/product_designer?post=39854"},{"taxonomy":"comfabric","embeddable":true,"href":"https:\/\/theinvisiblecollection.com\/fr\/wp-json\/wp\/v2\/comfabric?post=39854"},{"taxonomy":"manufacturer","embeddable":true,"href":"https:\/\/theinvisiblecollection.com\/fr\/wp-json\/wp\/v2\/manufacturer?post=39854"},{"taxonomy":"reporting_designer","embeddable":true,"href":"https:\/\/theinvisiblecollection.com\/fr\/wp-json\/wp\/v2\/reporting_designer?post=39854"},{"taxonomy":"samplecomfabric","embeddable":true,"href":"https:\/\/theinvisiblecollection.com\/fr\/wp-json\/wp\/v2\/samplecomfabric?post=39854"},{"taxonomy":"clubroom_product_designer","embeddable":true,"href":"https:\/\/theinvisiblecollection.com\/fr\/wp-json\/wp\/v2\/designer_clubroom?post=39854"}],"curies":[{"name":"wp","href":"https:\/\/api.w.org\/{rel}","templated":true}]}}