{"id":39864,"date":"2018-12-17T00:00:00","date_gmt":"2018-12-16T23:00:00","guid":{"rendered":"https:\/\/www.theinvisiblecollection.com\/product\/table-web\/"},"modified":"2026-05-01T07:39:45","modified_gmt":"2026-05-01T07:39:45","slug":"table-web","status":"publish","type":"product","link":"https:\/\/theinvisiblecollection.com\/fr\/produit\/table-web\/","title":{"rendered":"Table Web"},"content":{"rendered":"<p>Une \u00e9l\u00e9gante table basse support\u00e9e par une base sculpturale, disponible en finition feuille d&#8217;or, avec un plateau en acier noirci, ou en finition coquille d&#8217;oeuf et plateau en ch\u00eane fran\u00e7ais.<\/p>\n","protected":false},"excerpt":{"rendered":"<p>Table basse disponible en deux finitions :<br \/>\nBase en coquille d&#8217;oeuf avec plateau en ch\u00eane fran\u00e7ais<br \/>\nBase en feuille d&#8217;or avec plateau en acier noir<\/p>\n<p>\u00d8 200 x H 72 cm<\/p>\n<p>Fabriqu\u00e9e \u00e0 la main au Liban<br \/>\nD\u00e9lais de fabrication : 10 &#8211; 12 semaines<\/p>\n<p class=\"p1\"><span class=\"s1\"><a href=\"https:\/\/www.theinvisiblecollection.com\/fr\/demande-de-devis\/?product_id=39864\">Contactez-nous pour toute demande de devis ou de renseignements<\/a><\/span><\/p>\n","protected":false},"featured_media":75246,"template":"","meta":{"_acf_changed":false,"content-type":"","_themeisle_gutenberg_block_has_review":false},"product_brand":[],"product_cat":[8977,12503],"product_tag":[6345,9165,9673,10571],"product_designer":[8872],"comfabric":[],"manufacturer":[25164],"reporting_designer":[37874],"samplecomfabric":[],"designer_clubroom":[],"class_list":{"0":"post-39864","1":"product","2":"type-product","3":"status-publish","4":"has-post-thumbnail","6":"product_cat-tables-salle-a-manger","7":"product_cat-tables-fr","8":"product_tag-liban-fr","9":"product_tag-feuille-dor","10":"product_tag-nada-debs-fr-fr","11":"product_tag-web","12":"product_designer-nada-debs-fr","13":"manufacturer-capit-logistics-lebanon-fr","14":"reporting_designer-nada-debs","16":"first","17":"instock","18":"taxable","19":"shipping-taxable","20":"purchasable","21":"product-type-variable"},"acf":[],"_links":{"self":[{"href":"https:\/\/theinvisiblecollection.com\/fr\/wp-json\/wp\/v2\/product\/39864","targetHints":{"allow":["GET"]}}],"collection":[{"href":"https:\/\/theinvisiblecollection.com\/fr\/wp-json\/wp\/v2\/product"}],"about":[{"href":"https:\/\/theinvisiblecollection.com\/fr\/wp-json\/wp\/v2\/types\/product"}],"wp:featuredmedia":[{"embeddable":true,"href":"https:\/\/theinvisiblecollection.com\/fr\/wp-json\/wp\/v2\/media\/75246"}],"wp:attachment":[{"href":"https:\/\/theinvisiblecollection.com\/fr\/wp-json\/wp\/v2\/media?parent=39864"}],"wp:term":[{"taxonomy":"product_brand","embeddable":true,"href":"https:\/\/theinvisiblecollection.com\/fr\/wp-json\/wp\/v2\/product_brand?post=39864"},{"taxonomy":"product_cat","embeddable":true,"href":"https:\/\/theinvisiblecollection.com\/fr\/wp-json\/wp\/v2\/product_cat?post=39864"},{"taxonomy":"product_tag","embeddable":true,"href":"https:\/\/theinvisiblecollection.com\/fr\/wp-json\/wp\/v2\/product_tag?post=39864"},{"taxonomy":"product_designer","embeddable":true,"href":"https:\/\/theinvisiblecollection.com\/fr\/wp-json\/wp\/v2\/product_designer?post=39864"},{"taxonomy":"comfabric","embeddable":true,"href":"https:\/\/theinvisiblecollection.com\/fr\/wp-json\/wp\/v2\/comfabric?post=39864"},{"taxonomy":"manufacturer","embeddable":true,"href":"https:\/\/theinvisiblecollection.com\/fr\/wp-json\/wp\/v2\/manufacturer?post=39864"},{"taxonomy":"reporting_designer","embeddable":true,"href":"https:\/\/theinvisiblecollection.com\/fr\/wp-json\/wp\/v2\/reporting_designer?post=39864"},{"taxonomy":"samplecomfabric","embeddable":true,"href":"https:\/\/theinvisiblecollection.com\/fr\/wp-json\/wp\/v2\/samplecomfabric?post=39864"},{"taxonomy":"clubroom_product_designer","embeddable":true,"href":"https:\/\/theinvisiblecollection.com\/fr\/wp-json\/wp\/v2\/designer_clubroom?post=39864"}],"curies":[{"name":"wp","href":"https:\/\/api.w.org\/{rel}","templated":true}]}}