{"id":3987164,"date":"2023-10-23T18:33:52","date_gmt":"2023-10-23T17:33:52","guid":{"rendered":"https:\/\/theinvisiblecollection.com\/?post_type=product&#038;p=3987164"},"modified":"2026-05-01T07:37:56","modified_gmt":"2026-05-01T07:37:56","slug":"sophie-lou-jacobsen-assiette-petale-petite-indigo-transparente","status":"publish","type":"product","link":"https:\/\/theinvisiblecollection.com\/fr\/produit\/sophie-lou-jacobsen-assiette-petale-petite-indigo-transparente\/","title":{"rendered":"Assiette P\u00e9tale Petite Indigo Transparente"},"content":{"rendered":"","protected":false},"excerpt":{"rendered":"<ul>\n<li>Petite assiette<\/li>\n<li>Fabriqu\u00e9e \u00e0 la main en utilisant la technique de l&#8217;\u00e9mulsion du verre<\/li>\n<li>Couleur : Indigo Transparent<\/li>\n<\/ul>\n","protected":false},"featured_media":3987133,"template":"","meta":{"_acf_changed":false,"content-type":"","_themeisle_gutenberg_block_has_review":false},"product_brand":[],"product_cat":[19984,12536,19973,19981],"product_tag":[22790],"product_designer":[],"comfabric":[],"manufacturer":[25156],"reporting_designer":[],"samplecomfabric":[],"designer_clubroom":[25158],"class_list":{"0":"post-3987164","1":"product","2":"type-product","3":"status-publish","4":"has-post-thumbnail","6":"clubroom_taxonomies-gift-room","7":"product_cat-assiettes-et-plats","8":"product_cat-plateaux-vide-poche","9":"product_cat-accessoires-pour-la-maison","10":"product_cat-art-de-la-table","11":"product_tag-disponible-immediatement","12":"manufacturer-sophie-lou-jacobsen-fr","13":"clubroom_product_designer-sophie-lou-jacobsen-fr","14":"exhibitions-paris-fr","16":"first","17":"instock","18":"taxable","19":"shipping-taxable","20":"purchasable","21":"product-type-simple"},"acf":[],"_links":{"self":[{"href":"https:\/\/theinvisiblecollection.com\/fr\/wp-json\/wp\/v2\/product\/3987164","targetHints":{"allow":["GET"]}}],"collection":[{"href":"https:\/\/theinvisiblecollection.com\/fr\/wp-json\/wp\/v2\/product"}],"about":[{"href":"https:\/\/theinvisiblecollection.com\/fr\/wp-json\/wp\/v2\/types\/product"}],"wp:featuredmedia":[{"embeddable":true,"href":"https:\/\/theinvisiblecollection.com\/fr\/wp-json\/wp\/v2\/media\/3987133"}],"wp:attachment":[{"href":"https:\/\/theinvisiblecollection.com\/fr\/wp-json\/wp\/v2\/media?parent=3987164"}],"wp:term":[{"taxonomy":"product_brand","embeddable":true,"href":"https:\/\/theinvisiblecollection.com\/fr\/wp-json\/wp\/v2\/product_brand?post=3987164"},{"taxonomy":"product_cat","embeddable":true,"href":"https:\/\/theinvisiblecollection.com\/fr\/wp-json\/wp\/v2\/product_cat?post=3987164"},{"taxonomy":"product_tag","embeddable":true,"href":"https:\/\/theinvisiblecollection.com\/fr\/wp-json\/wp\/v2\/product_tag?post=3987164"},{"taxonomy":"product_designer","embeddable":true,"href":"https:\/\/theinvisiblecollection.com\/fr\/wp-json\/wp\/v2\/product_designer?post=3987164"},{"taxonomy":"comfabric","embeddable":true,"href":"https:\/\/theinvisiblecollection.com\/fr\/wp-json\/wp\/v2\/comfabric?post=3987164"},{"taxonomy":"manufacturer","embeddable":true,"href":"https:\/\/theinvisiblecollection.com\/fr\/wp-json\/wp\/v2\/manufacturer?post=3987164"},{"taxonomy":"reporting_designer","embeddable":true,"href":"https:\/\/theinvisiblecollection.com\/fr\/wp-json\/wp\/v2\/reporting_designer?post=3987164"},{"taxonomy":"samplecomfabric","embeddable":true,"href":"https:\/\/theinvisiblecollection.com\/fr\/wp-json\/wp\/v2\/samplecomfabric?post=3987164"},{"taxonomy":"clubroom_product_designer","embeddable":true,"href":"https:\/\/theinvisiblecollection.com\/fr\/wp-json\/wp\/v2\/designer_clubroom?post=3987164"}],"curies":[{"name":"wp","href":"https:\/\/api.w.org\/{rel}","templated":true}]}}