{"id":39886,"date":"2020-02-06T00:00:00","date_gmt":"2020-02-05T23:00:00","guid":{"rendered":"https:\/\/www.theinvisiblecollection.com\/product\/tabouret-ade\/"},"modified":"2026-05-01T07:39:45","modified_gmt":"2026-05-01T07:39:45","slug":"maison-integre-tabouret-ade","status":"publish","type":"product","link":"https:\/\/theinvisiblecollection.com\/fr\/produit\/maison-integre-tabouret-ade\/","title":{"rendered":"Tabouret Ad\u00e9"},"content":{"rendered":"<p>Au Burkina Faso, le mot &#8220;Ad\u00e9&#8221; est une invitation \u00e0 s&#8217;asseoir lorsqu&#8217;on accueille quelqu&#8217;un, souvent accompagn\u00e9 d&#8217;un geste indiquant la direction. Il pourrait se traduire par &#8220;voil\u00e0, c&#8217;est ici&#8221;. Ce tabouret \u00e9voque les formes des tabourets S\u00e9noufo et le pied centraal des tabourets Ashanti.<\/p>\n<p>Ce tabouret est artisanalement con\u00e7u au Burkina Faso \u00e0 partir de m\u00e9taux recycl\u00e9s.<\/p>\n","protected":false},"excerpt":{"rendered":"<p>Design par Fran\u00e7ois Champsaur<br \/>\nTabouret en bronze poli miroir, fait \u00e0 la main par des artisans \u00e0 partir de m\u00e9taux recycl\u00e9s<br \/>\n\u00c9galement disponible en finition bronze brut<br \/>\nChaque pi\u00e8ce est unique en raison de sa nature artisanale, les formes et les teintes varient l\u00e9g\u00e8rement<br \/>\n<span style=\"text-decoration: underline;\"><a href=\"https:\/\/theinvisiblecollection.com\/wp-content\/uploads\/2022\/03\/TheInvisibleCollection_MaisonIntegre_FinishesSelection-1.pdf\" target=\"_blank\" rel=\"noopener\">D\u00e9couvrez la s\u00e9lection de finitions ici<\/a><\/span><\/p>\n<p>L 63 x l 38 x H 34 cm<\/p>\n<p>Fabriqu\u00e9 \u00e0 la main au Burkina Faso<br \/>\nD\u00e9lais de production : 6 &#8211; 10 semaines<\/p>\n<p><span style=\"text-decoration: underline;\"><a href=\"https:\/\/www.theinvisiblecollection.com\/fr\/demande-de-devis\/?product_id=39886\" target=\"_blank\" rel=\"noopener\">Contactez-nous pour toute demande de devis ou de renseignements<\/a><\/span><\/p>\n","protected":false},"featured_media":111183,"template":"","meta":{"_acf_changed":false,"content-type":"","_themeisle_gutenberg_block_has_review":false},"product_brand":[],"product_cat":[8969,12499],"product_tag":[9006,9265,9267,9268,9273,9274,9275,11334,31477],"product_designer":[8869,8890],"comfabric":[],"manufacturer":[28429],"reporting_designer":[37517,37876],"samplecomfabric":[],"designer_clubroom":[],"class_list":{"0":"post-39886","1":"product","2":"type-product","3":"status-publish","4":"has-post-thumbnail","6":"product_cat-ottomans-tabourets","7":"product_cat-assises","8":"product_tag-st-moritz-fr-3","9":"product_tag-francois-champsaur-fr","10":"product_tag-house","11":"product_tag-maison-integre-fr","12":"product_tag-ade-fr-2","13":"product_tag-tabouret-ade-fr-2","14":"product_tag-tabouret-fr-2","15":"product_tag-eco-friendly-fr","16":"product_tag-st-curvy-fr","17":"pa_finish-bronze-brut","18":"pa_finish-poli-miroir-fr","19":"product_designer-maison-integre-fr","20":"product_designer-francois-champsaur-fr","21":"manufacturer-maison-intgre-matires-vives-fr","22":"reporting_designer-maison-integre","23":"reporting_designer-francois-champsaur","25":"first","26":"instock","27":"taxable","28":"shipping-taxable","29":"purchasable","30":"product-type-variable"},"acf":[],"_links":{"self":[{"href":"https:\/\/theinvisiblecollection.com\/fr\/wp-json\/wp\/v2\/product\/39886","targetHints":{"allow":["GET"]}}],"collection":[{"href":"https:\/\/theinvisiblecollection.com\/fr\/wp-json\/wp\/v2\/product"}],"about":[{"href":"https:\/\/theinvisiblecollection.com\/fr\/wp-json\/wp\/v2\/types\/product"}],"wp:featuredmedia":[{"embeddable":true,"href":"https:\/\/theinvisiblecollection.com\/fr\/wp-json\/wp\/v2\/media\/111183"}],"wp:attachment":[{"href":"https:\/\/theinvisiblecollection.com\/fr\/wp-json\/wp\/v2\/media?parent=39886"}],"wp:term":[{"taxonomy":"product_brand","embeddable":true,"href":"https:\/\/theinvisiblecollection.com\/fr\/wp-json\/wp\/v2\/product_brand?post=39886"},{"taxonomy":"product_cat","embeddable":true,"href":"https:\/\/theinvisiblecollection.com\/fr\/wp-json\/wp\/v2\/product_cat?post=39886"},{"taxonomy":"product_tag","embeddable":true,"href":"https:\/\/theinvisiblecollection.com\/fr\/wp-json\/wp\/v2\/product_tag?post=39886"},{"taxonomy":"product_designer","embeddable":true,"href":"https:\/\/theinvisiblecollection.com\/fr\/wp-json\/wp\/v2\/product_designer?post=39886"},{"taxonomy":"comfabric","embeddable":true,"href":"https:\/\/theinvisiblecollection.com\/fr\/wp-json\/wp\/v2\/comfabric?post=39886"},{"taxonomy":"manufacturer","embeddable":true,"href":"https:\/\/theinvisiblecollection.com\/fr\/wp-json\/wp\/v2\/manufacturer?post=39886"},{"taxonomy":"reporting_designer","embeddable":true,"href":"https:\/\/theinvisiblecollection.com\/fr\/wp-json\/wp\/v2\/reporting_designer?post=39886"},{"taxonomy":"samplecomfabric","embeddable":true,"href":"https:\/\/theinvisiblecollection.com\/fr\/wp-json\/wp\/v2\/samplecomfabric?post=39886"},{"taxonomy":"clubroom_product_designer","embeddable":true,"href":"https:\/\/theinvisiblecollection.com\/fr\/wp-json\/wp\/v2\/designer_clubroom?post=39886"}],"curies":[{"name":"wp","href":"https:\/\/api.w.org\/{rel}","templated":true}]}}