{"id":3989716,"date":"2023-10-10T16:14:58","date_gmt":"2023-10-10T15:14:58","guid":{"rendered":"https:\/\/theinvisiblecollection.com\/?post_type=product&#038;p=3989716"},"modified":"2026-05-01T07:37:56","modified_gmt":"2026-05-01T07:37:56","slug":"clubroom-julien-lagueste-tables-basses-les-antilles","status":"publish","type":"product","link":"https:\/\/theinvisiblecollection.com\/fr\/produit\/clubroom-julien-lagueste-tables-basses-les-antilles\/","title":{"rendered":"Tables Basses Les Antilles"},"content":{"rendered":"","protected":false},"excerpt":{"rendered":"<ul>\n<li>Table basse avec plateau travaill\u00e9 \u00e0 la main compos\u00e9 de cinq couches de r\u00e9sine transparente m\u00e9lang\u00e9es avec des pigments<\/li>\n<li>Pi\u00e8tement en bouleau contreplaqu\u00e9, finition vernis mat<\/li>\n<li>Couleur Emeraude<\/li>\n<\/ul>\n","protected":false},"featured_media":3989790,"template":"","meta":{"_acf_changed":false,"content-type":"","_themeisle_gutenberg_block_has_review":false},"product_brand":[],"product_cat":[7509,12503],"product_tag":[22790],"product_designer":[],"comfabric":[],"manufacturer":[16719],"reporting_designer":[],"samplecomfabric":[],"designer_clubroom":[25316],"class_list":{"0":"post-3989716","1":"product","2":"type-product","3":"status-publish","4":"has-post-thumbnail","6":"clubroom_taxonomies-boutiques","7":"product_cat-tables-basses-dappoint","8":"product_cat-tables-fr","9":"product_tag-disponible-immediatement","10":"pa_size-xs-l-57-cm","11":"pa_size-s-l-70-cm","12":"pa_size-m-l-73-cm","13":"pa_size-set-de-trois-xs-s-m","14":"manufacturer-julien-lagueste-fr","15":"clubroom_product_designer-julien-lagueste-fr","16":"exhibitions-new-york-fr","18":"first","19":"instock","20":"taxable","21":"shipping-taxable","22":"purchasable","23":"product-type-variable"},"acf":[],"_links":{"self":[{"href":"https:\/\/theinvisiblecollection.com\/fr\/wp-json\/wp\/v2\/product\/3989716","targetHints":{"allow":["GET"]}}],"collection":[{"href":"https:\/\/theinvisiblecollection.com\/fr\/wp-json\/wp\/v2\/product"}],"about":[{"href":"https:\/\/theinvisiblecollection.com\/fr\/wp-json\/wp\/v2\/types\/product"}],"wp:featuredmedia":[{"embeddable":true,"href":"https:\/\/theinvisiblecollection.com\/fr\/wp-json\/wp\/v2\/media\/3989790"}],"wp:attachment":[{"href":"https:\/\/theinvisiblecollection.com\/fr\/wp-json\/wp\/v2\/media?parent=3989716"}],"wp:term":[{"taxonomy":"product_brand","embeddable":true,"href":"https:\/\/theinvisiblecollection.com\/fr\/wp-json\/wp\/v2\/product_brand?post=3989716"},{"taxonomy":"product_cat","embeddable":true,"href":"https:\/\/theinvisiblecollection.com\/fr\/wp-json\/wp\/v2\/product_cat?post=3989716"},{"taxonomy":"product_tag","embeddable":true,"href":"https:\/\/theinvisiblecollection.com\/fr\/wp-json\/wp\/v2\/product_tag?post=3989716"},{"taxonomy":"product_designer","embeddable":true,"href":"https:\/\/theinvisiblecollection.com\/fr\/wp-json\/wp\/v2\/product_designer?post=3989716"},{"taxonomy":"comfabric","embeddable":true,"href":"https:\/\/theinvisiblecollection.com\/fr\/wp-json\/wp\/v2\/comfabric?post=3989716"},{"taxonomy":"manufacturer","embeddable":true,"href":"https:\/\/theinvisiblecollection.com\/fr\/wp-json\/wp\/v2\/manufacturer?post=3989716"},{"taxonomy":"reporting_designer","embeddable":true,"href":"https:\/\/theinvisiblecollection.com\/fr\/wp-json\/wp\/v2\/reporting_designer?post=3989716"},{"taxonomy":"samplecomfabric","embeddable":true,"href":"https:\/\/theinvisiblecollection.com\/fr\/wp-json\/wp\/v2\/samplecomfabric?post=3989716"},{"taxonomy":"clubroom_product_designer","embeddable":true,"href":"https:\/\/theinvisiblecollection.com\/fr\/wp-json\/wp\/v2\/designer_clubroom?post=3989716"}],"curies":[{"name":"wp","href":"https:\/\/api.w.org\/{rel}","templated":true}]}}