{"id":3991029,"date":"2023-10-11T11:22:20","date_gmt":"2023-10-11T10:22:20","guid":{"rendered":"https:\/\/theinvisiblecollection.com\/?post_type=product&#038;p=3991029"},"modified":"2026-05-01T07:37:56","modified_gmt":"2026-05-01T07:37:56","slug":"clubroom-louise-liljencrantz-table-basse-mini-cloud-paille","status":"publish","type":"product","link":"https:\/\/theinvisiblecollection.com\/fr\/produit\/clubroom-louise-liljencrantz-table-basse-mini-cloud-paille\/","title":{"rendered":"Table Basse Mini Cloud Paille"},"content":{"rendered":"<p style=\"text-align: justify;\">La Paille Mini Cloud Side Table de Louise Liljencrantz et Lison de Caunes est une version r\u00e9duite de la table basse Cloud, de la collection Veermakers. Tout comme sa grande s\u0153ur, elle semble en suspension dans la pi\u00e8ce, att\u00e9nuant la force de gravit\u00e9. Cette pi\u00e8ce remarquable est le fruit d&#8217;une attention particuli\u00e8re accord\u00e9e aux d\u00e9tails, avec un \u00e9quilibre parfait entre les diff\u00e9rentes nuances de la marqueterie de paille et les finitions satin\u00e9es et brillantes du bois.<\/p>\n","protected":false},"excerpt":{"rendered":"<ul>\n<li>Mini table basse avec plateau en marqueterie de paille bl\u00e9 n\u00b04<\/li>\n<li>Design par Louise Liljencrantz, d\u00e9cor en marqueterie de paille fait main par Lison de Caunes<\/li>\n<li>D\u00e9tails sur le plateau en h\u00eatre finition brillante<\/li>\n<li>Pieds en h\u00eatre, finition rich hi-gloss\u200b<\/li>\n<\/ul>\n","protected":false},"featured_media":3991038,"template":"","meta":{"_acf_changed":false,"content-type":"","_themeisle_gutenberg_block_has_review":false},"product_brand":[],"product_cat":[7509,12332,12503],"product_tag":[22790,31477,35326],"product_designer":[],"comfabric":[],"manufacturer":[16728],"reporting_designer":[],"samplecomfabric":[],"designer_clubroom":[22058],"class_list":{"0":"post-3991029","1":"product","2":"type-product","3":"status-publish","4":"has-post-thumbnail","6":"clubroom_taxonomies-boutiques","7":"product_cat-tables-basses-dappoint","8":"product_cat-tables-dappoint","9":"product_cat-tables-fr","10":"product_tag-disponible-immediatement","11":"product_tag-st-curvy-fr","12":"product_tag-st-scandinavian-fr","13":"manufacturer-louise-liljencrantz-fr","14":"clubroom_product_designer-louise-liljencrantz-fr","16":"first","17":"instock","18":"taxable","19":"shipping-taxable","20":"purchasable","21":"product-type-simple"},"acf":[],"_links":{"self":[{"href":"https:\/\/theinvisiblecollection.com\/fr\/wp-json\/wp\/v2\/product\/3991029","targetHints":{"allow":["GET"]}}],"collection":[{"href":"https:\/\/theinvisiblecollection.com\/fr\/wp-json\/wp\/v2\/product"}],"about":[{"href":"https:\/\/theinvisiblecollection.com\/fr\/wp-json\/wp\/v2\/types\/product"}],"wp:featuredmedia":[{"embeddable":true,"href":"https:\/\/theinvisiblecollection.com\/fr\/wp-json\/wp\/v2\/media\/3991038"}],"wp:attachment":[{"href":"https:\/\/theinvisiblecollection.com\/fr\/wp-json\/wp\/v2\/media?parent=3991029"}],"wp:term":[{"taxonomy":"product_brand","embeddable":true,"href":"https:\/\/theinvisiblecollection.com\/fr\/wp-json\/wp\/v2\/product_brand?post=3991029"},{"taxonomy":"product_cat","embeddable":true,"href":"https:\/\/theinvisiblecollection.com\/fr\/wp-json\/wp\/v2\/product_cat?post=3991029"},{"taxonomy":"product_tag","embeddable":true,"href":"https:\/\/theinvisiblecollection.com\/fr\/wp-json\/wp\/v2\/product_tag?post=3991029"},{"taxonomy":"product_designer","embeddable":true,"href":"https:\/\/theinvisiblecollection.com\/fr\/wp-json\/wp\/v2\/product_designer?post=3991029"},{"taxonomy":"comfabric","embeddable":true,"href":"https:\/\/theinvisiblecollection.com\/fr\/wp-json\/wp\/v2\/comfabric?post=3991029"},{"taxonomy":"manufacturer","embeddable":true,"href":"https:\/\/theinvisiblecollection.com\/fr\/wp-json\/wp\/v2\/manufacturer?post=3991029"},{"taxonomy":"reporting_designer","embeddable":true,"href":"https:\/\/theinvisiblecollection.com\/fr\/wp-json\/wp\/v2\/reporting_designer?post=3991029"},{"taxonomy":"samplecomfabric","embeddable":true,"href":"https:\/\/theinvisiblecollection.com\/fr\/wp-json\/wp\/v2\/samplecomfabric?post=3991029"},{"taxonomy":"clubroom_product_designer","embeddable":true,"href":"https:\/\/theinvisiblecollection.com\/fr\/wp-json\/wp\/v2\/designer_clubroom?post=3991029"}],"curies":[{"name":"wp","href":"https:\/\/api.w.org\/{rel}","templated":true}]}}