{"id":39955,"date":"2019-10-03T00:00:00","date_gmt":"2019-10-02T23:00:00","guid":{"rendered":"https:\/\/www.theinvisiblecollection.com\/product\/tabouret-de-bar-klub\/"},"modified":"2026-05-08T04:40:57","modified_gmt":"2026-05-08T04:40:57","slug":"thierry-lemaire-tabouret-de-bar-klub","status":"publish","type":"product","link":"https:\/\/theinvisiblecollection.com\/fr\/produit\/thierry-lemaire-tabouret-de-bar-klub\/","title":{"rendered":"Tabouret De Bar Klub"},"content":{"rendered":"","protected":false},"excerpt":{"rendered":"<p>Tabouret de bar en ch\u00eane<br \/>\n<a href=\"https:\/\/theinvisiblecollection.com\/wp-content\/uploads\/2022\/04\/TheInvisibleCollection_Thierry-Lemaire_OakSelection-1.pdf\" target=\"_blank\" rel=\"noopener\"><span style=\"text-decoration: underline;\">D\u00e9couvrez la s\u00e9lection de bois ici<\/span><\/a><br \/>\nAssise et dossier recouverts de cuir<br \/>\n<span style=\"text-decoration: underline;\"><a href=\"https:\/\/theinvisiblecollection.com\/wp-content\/uploads\/2022\/04\/TheInvisibleCollection_ThierryLemaire_LeatherSelection3.pdf\" target=\"_blank\" rel=\"noopener noreferrer\">D\u00e9couvrez une s\u00e9lection de cuirs ici<\/a><\/span><br \/>\nRepose-pieds en cuivre poli, \u00e9galement disponible en laiton poli<br \/>\n<a href=\"https:\/\/theinvisiblecollection.com\/wp-content\/uploads\/2022\/04\/TheInvisibleCollection_ThierryLemaire_MetalSelection2.pdf\" target=\"_blank\" rel=\"noopener\"><span style=\"text-decoration: underline;\">D\u00e9couvrez la s\u00e9lection de m\u00e9taux ici<\/span><\/a><br \/>\nDimensions et cuirs sur-mesure sur demande<\/p>\n<p>L 45 x l 53.5 x H 108.5 cm<br \/>\nHauteur d&#8217;assise : 77 cm<br \/>\nCuir requis : 3 m<\/p>\n<p>Fabriqu\u00e9 \u00e0 la main en France<br \/>\nD\u00e9lais de production : 14 &#8211; 16 semaines<\/p>\n<p class=\"p1\"><span style=\"text-decoration: underline;\"><span class=\"s1\"><a href=\"https:\/\/www.theinvisiblecollection.com\/fr\/contact-produit\/?product_id=39955\">Contactez-nous pour toute demande de devis ou de renseignements<\/a><\/span><\/span><\/p>\n","protected":false},"featured_media":88096,"template":"","meta":{"_acf_changed":false,"content-type":"","_themeisle_gutenberg_block_has_review":false},"product_brand":[],"product_cat":[8962,12499,34857],"product_tag":[10906,8952,9015,9019,9151,9683],"product_designer":[8875],"comfabric":[29410],"manufacturer":[19271],"reporting_designer":[37176],"samplecomfabric":[30460],"designer_clubroom":[],"class_list":{"0":"post-39955","1":"product","2":"type-product","3":"status-publish","4":"has-post-thumbnail","6":"product_cat-chaises","7":"product_cat-assises","8":"product_cat-tabourets-de-bar","9":"product_tag-tabouret-de-bar","10":"product_tag-bois-fr","11":"product_tag-cuir","12":"product_tag-cuisine","13":"product_tag-tissu","14":"product_tag-thierry-lemaire-fr-fr","15":"pa_choice-repose-pieds-en-cuivre-poli","16":"pa_choice-repose-pieds-en-laiton-poli","17":"pa_leather-cuir-cervo","18":"pa_leather-cuir-select","19":"pa_leather-en-blanc-sans-cuir","20":"product_designer-thierry-lemaire-fr","21":"comfabric-thierry-lemaire-fr","22":"manufacturer-plateforme-logistique-sogaris-fr","23":"reporting_designer-thierry-lemaire","24":"samplecomfabric-thierry-lemaire-fr","26":"first","27":"instock","28":"taxable","29":"shipping-taxable","30":"product-type-variable"},"acf":[],"_links":{"self":[{"href":"https:\/\/theinvisiblecollection.com\/fr\/wp-json\/wp\/v2\/product\/39955","targetHints":{"allow":["GET"]}}],"collection":[{"href":"https:\/\/theinvisiblecollection.com\/fr\/wp-json\/wp\/v2\/product"}],"about":[{"href":"https:\/\/theinvisiblecollection.com\/fr\/wp-json\/wp\/v2\/types\/product"}],"wp:featuredmedia":[{"embeddable":true,"href":"https:\/\/theinvisiblecollection.com\/fr\/wp-json\/wp\/v2\/media\/88096"}],"wp:attachment":[{"href":"https:\/\/theinvisiblecollection.com\/fr\/wp-json\/wp\/v2\/media?parent=39955"}],"wp:term":[{"taxonomy":"product_brand","embeddable":true,"href":"https:\/\/theinvisiblecollection.com\/fr\/wp-json\/wp\/v2\/product_brand?post=39955"},{"taxonomy":"product_cat","embeddable":true,"href":"https:\/\/theinvisiblecollection.com\/fr\/wp-json\/wp\/v2\/product_cat?post=39955"},{"taxonomy":"product_tag","embeddable":true,"href":"https:\/\/theinvisiblecollection.com\/fr\/wp-json\/wp\/v2\/product_tag?post=39955"},{"taxonomy":"product_designer","embeddable":true,"href":"https:\/\/theinvisiblecollection.com\/fr\/wp-json\/wp\/v2\/product_designer?post=39955"},{"taxonomy":"comfabric","embeddable":true,"href":"https:\/\/theinvisiblecollection.com\/fr\/wp-json\/wp\/v2\/comfabric?post=39955"},{"taxonomy":"manufacturer","embeddable":true,"href":"https:\/\/theinvisiblecollection.com\/fr\/wp-json\/wp\/v2\/manufacturer?post=39955"},{"taxonomy":"reporting_designer","embeddable":true,"href":"https:\/\/theinvisiblecollection.com\/fr\/wp-json\/wp\/v2\/reporting_designer?post=39955"},{"taxonomy":"samplecomfabric","embeddable":true,"href":"https:\/\/theinvisiblecollection.com\/fr\/wp-json\/wp\/v2\/samplecomfabric?post=39955"},{"taxonomy":"clubroom_product_designer","embeddable":true,"href":"https:\/\/theinvisiblecollection.com\/fr\/wp-json\/wp\/v2\/designer_clubroom?post=39955"}],"curies":[{"name":"wp","href":"https:\/\/api.w.org\/{rel}","templated":true}]}}