{"id":39958,"date":"2019-09-23T00:00:00","date_gmt":"2019-09-23T00:00:00","guid":{"rendered":"https:\/\/www.theinvisiblecollection.com\/product\/tabouret-de-bar-x\/"},"modified":"2026-05-01T07:39:45","modified_gmt":"2026-05-01T07:39:45","slug":"etel-tabouret-de-bar-x","status":"publish","type":"product","link":"https:\/\/theinvisiblecollection.com\/fr\/produit\/etel-tabouret-de-bar-x\/","title":{"rendered":"Tabouret de bar X"},"content":{"rendered":"<p style=\"text-align: justify;\">Le tabouret de bar X est une cr\u00e9ation de Jos\u00e9 Zanine Caldas. Sa structure est en bois de Freij\u00f3 naturel, vieilli ou noirci. Son assise est disponible dans le mat\u00e9riau de votre choix: en tissu, daim ou en cuir dans trois dimensions diff\u00e9rentes. Ce tabouret est un ajout parfait \u00e0 votre table de salle \u00e0 manger ou de cuisine.<\/p>\n","protected":false},"excerpt":{"rendered":"<p>Design par Jos\u00e9 Zanine Caldas<br \/>\nSur l&#8217;image, tabouret en bois de Freijo teint\u00e9 et \u00e9b\u00e8ne, assise en cuir<br \/>\nPieds aussi disponibles en bois de Freijo naturel<br \/>\n<span style=\"text-decoration: underline;\"><a href=\"https:\/\/theinvisiblecollection.com\/wp-content\/uploads\/2021\/06\/TheInvisibleCollection_Etel_Wood_Samples_1.pdf\" target=\"_blank\" rel=\"noopener\">D\u00e9couvrez la s\u00e9lection de bois ici<\/a><br \/>\n<a href=\"https:\/\/theinvisiblecollection.com\/wp-content\/uploads\/2021\/06\/TheInvisibleCollection_Etel_Samples_Catalogue_4.pdf\" target=\"_blank\" rel=\"noopener\">D\u00e9couvrez la s\u00e9lection de tissus ici<\/a><\/span><\/p>\n<p>Trois dimensions disponibles :<br \/>\nSmall : \u2300 50 x H 45 cm<br \/>\nMedium : \u2300 50 x H 55 cm<br \/>\nLarge : \u2300 50 x H 63 cm<br \/>\nLe diam\u00e8tre de l&#8217;assise est de \u2300 36 cm<\/p>\n<p>Fabriqu\u00e9 \u00e0 la main au Br\u00e9sil<br \/>\nD\u00e9lais de production : 20 &#8211; 24 semaines<\/p>\n<p><span style=\"text-decoration: underline;\"><a href=\"https:\/\/www.theinvisiblecollection.com\/fr\/demande-de-devis\/?product_id=39958\" target=\"_blank\" rel=\"noopener noreferrer\">Contactez-nous pour toute demande de devis ou de renseignements<\/a><\/span><\/p>\n","protected":false},"featured_media":75234,"template":"","meta":{"_acf_changed":false,"content-type":"","_themeisle_gutenberg_block_has_review":false},"product_brand":[],"product_cat":[8969,12499,34857],"product_tag":[11225,11235,11335,8952,9275,10904],"product_designer":[8866],"comfabric":[28854],"manufacturer":[16878],"reporting_designer":[37382],"samplecomfabric":[30448],"designer_clubroom":[],"class_list":{"0":"post-39958","1":"product","2":"type-product","3":"status-publish","4":"has-post-thumbnail","6":"product_cat-ottomans-tabourets","7":"product_cat-assises","8":"product_cat-tabourets-de-bar","9":"product_tag-reissue-issue-fr","10":"product_tag-reedition-fr-fr","11":"product_tag-eco-design","12":"product_tag-bois-fr","13":"product_tag-tabouret-fr-2","14":"product_tag-bar-fr","15":"pa_size-grand-fr","16":"pa_size-moyen-fr","17":"pa_size-petit-fr","18":"pa_wood-freijo-naturel-fr","19":"product_designer-etel-fr","20":"comfabric-etel-atelier-1-fr","21":"manufacturer-etel-atelier-1-fr","22":"reporting_designer-etel","23":"samplecomfabric-etel-fr","25":"first","26":"instock","27":"taxable","28":"shipping-taxable","29":"purchasable","30":"product-type-variable"},"acf":[],"_links":{"self":[{"href":"https:\/\/theinvisiblecollection.com\/fr\/wp-json\/wp\/v2\/product\/39958","targetHints":{"allow":["GET"]}}],"collection":[{"href":"https:\/\/theinvisiblecollection.com\/fr\/wp-json\/wp\/v2\/product"}],"about":[{"href":"https:\/\/theinvisiblecollection.com\/fr\/wp-json\/wp\/v2\/types\/product"}],"wp:featuredmedia":[{"embeddable":true,"href":"https:\/\/theinvisiblecollection.com\/fr\/wp-json\/wp\/v2\/media\/75234"}],"wp:attachment":[{"href":"https:\/\/theinvisiblecollection.com\/fr\/wp-json\/wp\/v2\/media?parent=39958"}],"wp:term":[{"taxonomy":"product_brand","embeddable":true,"href":"https:\/\/theinvisiblecollection.com\/fr\/wp-json\/wp\/v2\/product_brand?post=39958"},{"taxonomy":"product_cat","embeddable":true,"href":"https:\/\/theinvisiblecollection.com\/fr\/wp-json\/wp\/v2\/product_cat?post=39958"},{"taxonomy":"product_tag","embeddable":true,"href":"https:\/\/theinvisiblecollection.com\/fr\/wp-json\/wp\/v2\/product_tag?post=39958"},{"taxonomy":"product_designer","embeddable":true,"href":"https:\/\/theinvisiblecollection.com\/fr\/wp-json\/wp\/v2\/product_designer?post=39958"},{"taxonomy":"comfabric","embeddable":true,"href":"https:\/\/theinvisiblecollection.com\/fr\/wp-json\/wp\/v2\/comfabric?post=39958"},{"taxonomy":"manufacturer","embeddable":true,"href":"https:\/\/theinvisiblecollection.com\/fr\/wp-json\/wp\/v2\/manufacturer?post=39958"},{"taxonomy":"reporting_designer","embeddable":true,"href":"https:\/\/theinvisiblecollection.com\/fr\/wp-json\/wp\/v2\/reporting_designer?post=39958"},{"taxonomy":"samplecomfabric","embeddable":true,"href":"https:\/\/theinvisiblecollection.com\/fr\/wp-json\/wp\/v2\/samplecomfabric?post=39958"},{"taxonomy":"clubroom_product_designer","embeddable":true,"href":"https:\/\/theinvisiblecollection.com\/fr\/wp-json\/wp\/v2\/designer_clubroom?post=39958"}],"curies":[{"name":"wp","href":"https:\/\/api.w.org\/{rel}","templated":true}]}}