{"id":40026,"date":"2017-06-14T00:00:00","date_gmt":"2017-06-13T23:00:00","guid":{"rendered":"https:\/\/www.theinvisiblecollection.com\/product\/tabouret-link\/"},"modified":"2026-05-01T07:39:45","modified_gmt":"2026-05-01T07:39:45","slug":"tabouret-link","status":"publish","type":"product","link":"https:\/\/theinvisiblecollection.com\/fr\/produit\/tabouret-link\/","title":{"rendered":"Tabouret Link Noyer"},"content":{"rendered":"<p class=\"p1\" style=\"text-align: justify;\"><span style=\"font-family: Georgia; color: #333333;\">Le banc, la table et les tabourets sont les trois meubles qui composent la collection LINK. Dispos\u00e9s s\u00e9par\u00e9ment ou reli\u00e9s entre eux, les pi\u00e8ces peuvent \u00eatre adapt\u00e9es \u00e0 chaque int\u00e9rieur selon vos d\u00e9sirs.\u00a0<\/span><span style=\"font-family: Georgia; color: #333333;\">La collection LINK peut \u00e9galement former un ensemble plus vaste r\u00e9sultant de la composition de ses trois meubles ou d&#8217;une simple table d&#8217;appoint.\u00a0<\/span><span style=\"font-family: Georgia; color: #333333;\">Pour Reda Amalou, la simplicit\u00e9 est devenue une signature. Gr\u00e2ce \u00e0 cette collection, elle montre \u00e0 quel point la simplicit\u00e9 peut-\u00eatre complex .<\/span><\/p>\n","protected":false},"excerpt":{"rendered":"<p>Noyer am\u00e9ricain<\/p>\n<p>L 43 x l 42 x H 43 cm<\/p>\n<p>Disponible imm\u00e9diatement<\/p>\n<p class=\"p1\"><span style=\"text-decoration: underline;\"><span class=\"s1\"><a href=\"https:\/\/www.theinvisiblecollection.com\/fr\/demande-de-devis\/?product_id=40026\">Contactez-nous pour toute demande de devis ou de renseignements<\/a><\/span><\/span><\/p><\/p>\n","protected":false},"featured_media":77195,"template":"","meta":{"_acf_changed":false,"content-type":"","_themeisle_gutenberg_block_has_review":false},"product_brand":[],"product_cat":[8969,12332,12499,12503,12514],"product_tag":[9059,9275,12465],"product_designer":[8895],"comfabric":[],"manufacturer":[34221],"reporting_designer":[37724],"samplecomfabric":[],"designer_clubroom":[],"class_list":{"0":"post-40026","1":"product","2":"type-product","3":"status-publish","4":"has-post-thumbnail","6":"product_cat-ottomans-tabourets","7":"product_cat-tables-dappoint","8":"product_cat-assises","9":"product_cat-tables-fr","10":"product_cat-tables-de-chevet","11":"product_tag-gueridon-fr-2","12":"product_tag-tabouret-fr-2","13":"product_tag-walnut-fr","14":"product_designer-reda-amalou-fr","15":"manufacturer-reda-amalou-pick-up-cadogan-tate-cdg-fr","16":"reporting_designer-reda-amalou","18":"first","19":"instock","20":"taxable","21":"shipping-taxable","22":"purchasable","23":"product-type-variable"},"acf":[],"_links":{"self":[{"href":"https:\/\/theinvisiblecollection.com\/fr\/wp-json\/wp\/v2\/product\/40026","targetHints":{"allow":["GET"]}}],"collection":[{"href":"https:\/\/theinvisiblecollection.com\/fr\/wp-json\/wp\/v2\/product"}],"about":[{"href":"https:\/\/theinvisiblecollection.com\/fr\/wp-json\/wp\/v2\/types\/product"}],"wp:featuredmedia":[{"embeddable":true,"href":"https:\/\/theinvisiblecollection.com\/fr\/wp-json\/wp\/v2\/media\/77195"}],"wp:attachment":[{"href":"https:\/\/theinvisiblecollection.com\/fr\/wp-json\/wp\/v2\/media?parent=40026"}],"wp:term":[{"taxonomy":"product_brand","embeddable":true,"href":"https:\/\/theinvisiblecollection.com\/fr\/wp-json\/wp\/v2\/product_brand?post=40026"},{"taxonomy":"product_cat","embeddable":true,"href":"https:\/\/theinvisiblecollection.com\/fr\/wp-json\/wp\/v2\/product_cat?post=40026"},{"taxonomy":"product_tag","embeddable":true,"href":"https:\/\/theinvisiblecollection.com\/fr\/wp-json\/wp\/v2\/product_tag?post=40026"},{"taxonomy":"product_designer","embeddable":true,"href":"https:\/\/theinvisiblecollection.com\/fr\/wp-json\/wp\/v2\/product_designer?post=40026"},{"taxonomy":"comfabric","embeddable":true,"href":"https:\/\/theinvisiblecollection.com\/fr\/wp-json\/wp\/v2\/comfabric?post=40026"},{"taxonomy":"manufacturer","embeddable":true,"href":"https:\/\/theinvisiblecollection.com\/fr\/wp-json\/wp\/v2\/manufacturer?post=40026"},{"taxonomy":"reporting_designer","embeddable":true,"href":"https:\/\/theinvisiblecollection.com\/fr\/wp-json\/wp\/v2\/reporting_designer?post=40026"},{"taxonomy":"samplecomfabric","embeddable":true,"href":"https:\/\/theinvisiblecollection.com\/fr\/wp-json\/wp\/v2\/samplecomfabric?post=40026"},{"taxonomy":"clubroom_product_designer","embeddable":true,"href":"https:\/\/theinvisiblecollection.com\/fr\/wp-json\/wp\/v2\/designer_clubroom?post=40026"}],"curies":[{"name":"wp","href":"https:\/\/api.w.org\/{rel}","templated":true}]}}