{"id":40068,"date":"2019-04-16T00:00:00","date_gmt":"2019-04-16T00:00:00","guid":{"rendered":"https:\/\/www.theinvisiblecollection.com\/product\/tabouret-trinco\/"},"modified":"2026-05-01T07:39:45","modified_gmt":"2026-05-01T07:39:45","slug":"tabouret-trinco","status":"publish","type":"product","link":"https:\/\/theinvisiblecollection.com\/fr\/produit\/tabouret-trinco\/","title":{"rendered":"Tabouret Trinco"},"content":{"rendered":"<p style=\"text-align: justify;\">L&#8217;une des cr\u00e9ations les plus classiques de Lia Siqueira est le tabouret Trinco avec son assise en cuir. Son nom vient d&#8217;un d\u00e9tail de la pi\u00e8ce : une fois pli\u00e9, il peut \u00eatre verrouill\u00e9 avec un petit loquet en bois &#8211; appel\u00e9 Trinco en portugais.<\/p>\n","protected":false},"excerpt":{"rendered":"<p>Design par Lia Siqueira<br \/>\nSur l&#8217;image, structure du tabouret r\u00e9alis\u00e9e en bois d&#8217;Imbuia et assise en cuir<br \/>\nAssise r\u00e9alis\u00e9e en cuir dans la couleur de votre choix<br \/>\n<span style=\"text-decoration: underline;\"><a href=\"https:\/\/theinvisiblecollection.com\/wp-content\/uploads\/2022\/05\/TheInvisibleCollection_Etel_Wood_Selection.pdf\" target=\"_blank\" rel=\"noopener\">D\u00e9couvrez une s\u00e9lection de bois ici<\/a><\/span><br \/>\n<span style=\"text-decoration: underline;\"><a href=\"https:\/\/theinvisiblecollection.com\/wp-content\/uploads\/2021\/05\/TheInvisibleCollection_Saddle_Samples_Trinco_Bench.pdf\" target=\"_blank\" rel=\"noopener\">D\u00e9couvrez une s\u00e9lection de cuirs ici<\/a><\/span><\/p>\n<p>L 55 x l 40 x H 45 cm<\/p>\n<p>Fabriqu\u00e9 \u00e0 la main au Br\u00e9sil<br \/>\nD\u00e9lais de production : 20 &#8211; 24 semaines<\/p>\n<p><span style=\"text-decoration: underline;\"><a href=\"https:\/\/www.theinvisiblecollection.com\/fr\/demande-de-devis\/?product_id=40068\" target=\"_blank\" rel=\"noopener noreferrer\">Contactez-nous pour toute demande de devis ou de renseignements<\/a><\/span><\/p>\n","protected":false},"featured_media":100527,"template":"","meta":{"_acf_changed":false,"content-type":"","_themeisle_gutenberg_block_has_review":false},"product_brand":[],"product_cat":[8969,12499],"product_tag":[8863,8942,8952,9015,9016,9668,9715,10407,11335,11528,8854,8862],"product_designer":[8866,17874],"comfabric":[28854],"manufacturer":[16878],"reporting_designer":[37382],"samplecomfabric":[30448],"designer_clubroom":[],"class_list":{"0":"post-40068","1":"product","2":"type-product","3":"status-publish","4":"has-post-thumbnail","6":"product_cat-ottomans-tabourets","7":"product_cat-assises","8":"product_tag-etel-design-fr-2","9":"product_tag-assise","10":"product_tag-bois-fr","11":"product_tag-cuir","12":"product_tag-chambre-fr-2","13":"product_tag-designer-bresilien-fr-fr","14":"product_tag-salon-fr-2","15":"product_tag-lia-siqueira-fr","16":"product_tag-eco-design","17":"product_tag-bench","18":"product_tag-etel-fr-2","19":"product_tag-etel-carmona-fr-3","20":"pa_wood-imbuia-miel-fr","21":"product_designer-etel-fr","22":"product_designer-lia-siqueira-par-etel","23":"comfabric-etel-atelier-1-fr","24":"manufacturer-etel-atelier-1-fr","25":"reporting_designer-etel","26":"samplecomfabric-etel-fr","28":"first","29":"instock","30":"taxable","31":"shipping-taxable","32":"purchasable","33":"product-type-variable"},"acf":[],"_links":{"self":[{"href":"https:\/\/theinvisiblecollection.com\/fr\/wp-json\/wp\/v2\/product\/40068","targetHints":{"allow":["GET"]}}],"collection":[{"href":"https:\/\/theinvisiblecollection.com\/fr\/wp-json\/wp\/v2\/product"}],"about":[{"href":"https:\/\/theinvisiblecollection.com\/fr\/wp-json\/wp\/v2\/types\/product"}],"wp:featuredmedia":[{"embeddable":true,"href":"https:\/\/theinvisiblecollection.com\/fr\/wp-json\/wp\/v2\/media\/100527"}],"wp:attachment":[{"href":"https:\/\/theinvisiblecollection.com\/fr\/wp-json\/wp\/v2\/media?parent=40068"}],"wp:term":[{"taxonomy":"product_brand","embeddable":true,"href":"https:\/\/theinvisiblecollection.com\/fr\/wp-json\/wp\/v2\/product_brand?post=40068"},{"taxonomy":"product_cat","embeddable":true,"href":"https:\/\/theinvisiblecollection.com\/fr\/wp-json\/wp\/v2\/product_cat?post=40068"},{"taxonomy":"product_tag","embeddable":true,"href":"https:\/\/theinvisiblecollection.com\/fr\/wp-json\/wp\/v2\/product_tag?post=40068"},{"taxonomy":"product_designer","embeddable":true,"href":"https:\/\/theinvisiblecollection.com\/fr\/wp-json\/wp\/v2\/product_designer?post=40068"},{"taxonomy":"comfabric","embeddable":true,"href":"https:\/\/theinvisiblecollection.com\/fr\/wp-json\/wp\/v2\/comfabric?post=40068"},{"taxonomy":"manufacturer","embeddable":true,"href":"https:\/\/theinvisiblecollection.com\/fr\/wp-json\/wp\/v2\/manufacturer?post=40068"},{"taxonomy":"reporting_designer","embeddable":true,"href":"https:\/\/theinvisiblecollection.com\/fr\/wp-json\/wp\/v2\/reporting_designer?post=40068"},{"taxonomy":"samplecomfabric","embeddable":true,"href":"https:\/\/theinvisiblecollection.com\/fr\/wp-json\/wp\/v2\/samplecomfabric?post=40068"},{"taxonomy":"clubroom_product_designer","embeddable":true,"href":"https:\/\/theinvisiblecollection.com\/fr\/wp-json\/wp\/v2\/designer_clubroom?post=40068"}],"curies":[{"name":"wp","href":"https:\/\/api.w.org\/{rel}","templated":true}]}}