{"id":40076,"date":"2016-05-06T00:00:00","date_gmt":"2016-05-06T00:00:00","guid":{"rendered":"https:\/\/www.theinvisiblecollection.com\/product\/tabouret-zamalek\/"},"modified":"2026-05-08T04:40:57","modified_gmt":"2026-05-08T04:40:57","slug":"cslb-studio-tabouret-zamalek","status":"publish","type":"product","link":"https:\/\/theinvisiblecollection.com\/fr\/produit\/cslb-studio-tabouret-zamalek\/","title":{"rendered":"Tabouret Zamalek"},"content":{"rendered":"<p>Initialement dessin\u00e9s pour le salon Elle Decoration du PAD, ces tabourets ont \u00e9t\u00e9 cr\u00e9es pour mettre en avant le travail d&#8217;expertise des artisans. Les mati\u00e8res nobles sont mises \u00e0 l&#8217;honneur avec son tissu en lin et soie et sa structure en ch\u00eane massif.<\/p>\n","protected":false},"excerpt":{"rendered":"<p>Structure ch\u00eane avec assise en lin et soie ou structure bois laqu\u00e9 avec assise en velours<br \/>\nDimensions et mat\u00e9riaux sur-mesure sur demande<\/p>\n<p>L 40 x W 50 x\u00a0H 56 cm<br \/>\nHauteur d&#8217;assise : 40 cm<\/p>\n<p>R\u00e9alis\u00e9 \u00e0 la main au France<br \/>\nD\u00e9lais de production : 6 semaines<\/p>\n<p><span style=\"text-decoration: underline;\"><a href=\"https:\/\/www.theinvisiblecollection.com\/fr\/demande-de-devis\/?product_id=40076\" target=\"_blank\" rel=\"noopener noreferrer\">Contactez-nous pour toute demande de devis ou de renseignements<\/a><\/span><\/p>\n","protected":false},"featured_media":88094,"template":"","meta":{"_acf_changed":false,"content-type":"","_themeisle_gutenberg_block_has_review":false},"product_brand":[],"product_cat":[8969,12499],"product_tag":[9475,8942,9001,9150,9157,9217,9275,9405,9406,9407,9416,9449,9474],"product_designer":[8898],"comfabric":[],"manufacturer":[16870],"reporting_designer":[37354],"samplecomfabric":[],"designer_clubroom":[],"class_list":{"0":"post-40076","1":"product","2":"type-product","3":"status-publish","4":"has-post-thumbnail","6":"product_cat-ottomans-tabourets","7":"product_cat-assises","8":"product_tag-zamalek","9":"product_tag-assise","10":"product_tag-chene","11":"product_tag-fauteuil-fr-2","12":"product_tag-soie","13":"product_tag-velours","14":"product_tag-tabouret-fr-2","15":"product_tag-caroline-sarkozy","16":"product_tag-cslb-fr","17":"product_tag-cslb-studio","18":"product_tag-design-fr","19":"product_tag-laurent-bourgois-fr","20":"product_tag-tabouret-fr-3","21":"pa_finish-structure-bois-laque-assise-velours","22":"pa_finish-structure-chene-assise-lin-et-soie","23":"pa_finish-structure-bois-laque-hors-tissu","24":"pa_finish-structure-chene-hors-tissu","25":"product_designer-cslb-studio-fr","26":"manufacturer-cslb-studio-fr","27":"reporting_designer-cslb-studio","29":"first","30":"instock","31":"taxable","32":"shipping-taxable","33":"purchasable","34":"product-type-variable"},"acf":[],"_links":{"self":[{"href":"https:\/\/theinvisiblecollection.com\/fr\/wp-json\/wp\/v2\/product\/40076","targetHints":{"allow":["GET"]}}],"collection":[{"href":"https:\/\/theinvisiblecollection.com\/fr\/wp-json\/wp\/v2\/product"}],"about":[{"href":"https:\/\/theinvisiblecollection.com\/fr\/wp-json\/wp\/v2\/types\/product"}],"wp:featuredmedia":[{"embeddable":true,"href":"https:\/\/theinvisiblecollection.com\/fr\/wp-json\/wp\/v2\/media\/88094"}],"wp:attachment":[{"href":"https:\/\/theinvisiblecollection.com\/fr\/wp-json\/wp\/v2\/media?parent=40076"}],"wp:term":[{"taxonomy":"product_brand","embeddable":true,"href":"https:\/\/theinvisiblecollection.com\/fr\/wp-json\/wp\/v2\/product_brand?post=40076"},{"taxonomy":"product_cat","embeddable":true,"href":"https:\/\/theinvisiblecollection.com\/fr\/wp-json\/wp\/v2\/product_cat?post=40076"},{"taxonomy":"product_tag","embeddable":true,"href":"https:\/\/theinvisiblecollection.com\/fr\/wp-json\/wp\/v2\/product_tag?post=40076"},{"taxonomy":"product_designer","embeddable":true,"href":"https:\/\/theinvisiblecollection.com\/fr\/wp-json\/wp\/v2\/product_designer?post=40076"},{"taxonomy":"comfabric","embeddable":true,"href":"https:\/\/theinvisiblecollection.com\/fr\/wp-json\/wp\/v2\/comfabric?post=40076"},{"taxonomy":"manufacturer","embeddable":true,"href":"https:\/\/theinvisiblecollection.com\/fr\/wp-json\/wp\/v2\/manufacturer?post=40076"},{"taxonomy":"reporting_designer","embeddable":true,"href":"https:\/\/theinvisiblecollection.com\/fr\/wp-json\/wp\/v2\/reporting_designer?post=40076"},{"taxonomy":"samplecomfabric","embeddable":true,"href":"https:\/\/theinvisiblecollection.com\/fr\/wp-json\/wp\/v2\/samplecomfabric?post=40076"},{"taxonomy":"clubroom_product_designer","embeddable":true,"href":"https:\/\/theinvisiblecollection.com\/fr\/wp-json\/wp\/v2\/designer_clubroom?post=40076"}],"curies":[{"name":"wp","href":"https:\/\/api.w.org\/{rel}","templated":true}]}}