{"id":40135,"date":"2024-09-10T00:00:00","date_gmt":"2024-09-10T00:00:00","guid":{"rendered":"https:\/\/www.theinvisiblecollection.com\/product\/tapis-diamond\/"},"modified":"2026-05-01T07:39:45","modified_gmt":"2026-05-01T07:39:45","slug":"atelier-fevrier-tapis-diamond","status":"publish","type":"product","link":"https:\/\/theinvisiblecollection.com\/fr\/produit\/atelier-fevrier-tapis-diamond\/","title":{"rendered":"Tapis Diamond"},"content":{"rendered":"<div class=\"page\" title=\"Page 2\">\n<div class=\"layoutArea\">\n<div class=\"column\">\n<p style=\"text-align: justify;\">Un tapis, partie int\u00e9grante d\u2019un espace de vie.\u00a0Chaque tapis F\u00e9vrier tisse d\u00e9licatement un\u00a0lien entre\u00a0l\u2019art contemporain\u00a0et une\u00a0expertise traditionnelle\u00a0pour raconter une histoire unique.<\/p>\n<p style=\"text-align: justify;\">Les designs de Florian Pretet naissent sur le papier. Ils sont ensuite\u00a0nou\u00e9s \u00e0 la main\u00a0sur le tapis dans l\u2019Himalaya par des tisserands exp\u00e9riment\u00e9s utilisant des\u00a0techniques ancestrales. Tous nos tapis sont de qualit\u00e9 sup\u00e9rieure correspondant \u00e0 190 000 n\u0153uds au m\u00e8tre carr\u00e9.<\/p>\n<p style=\"text-align: justify;\">Chaque pi\u00e8ce est le\u00a0r\u00e9sultat du travail de plus de 50 personnes, ce qui\u00a0refl\u00e8te le soin et l\u2019attention port\u00e9s \u00e0 leur fabrication. Toutes les \u00e9tapes sont effectu\u00e9es \u00e0 la main, depuis le dessin initial \u00e0 la tonte des moutons puis au lavage final.<\/p>\n<p style=\"text-align: justify;\">La laine est sourc\u00e9e au Tibet et la soie d\u2019une exceptionnelle qualit\u00e9 provient de Chine. Les tapis d&#8217;Atelier F\u00e9vrier doivent aussi leur caract\u00e8re unique au fait que ni machines ni produits chimiques ne sont utilis\u00e9s pour leur\u00a0fabrication, afin de pr\u00e9server leur authenticit\u00e9 et leur beaut\u00e9 naturelle.<\/p>\n<p style=\"text-align: justify;\">Chaque pi\u00e8ce est fabriqu\u00e9e sur commande et le d\u00e9lai de fabrication est de 12 \u00e0 16 semaines.<br \/>\nIls peuvent \u00eatre personnalis\u00e9s selon vos pr\u00e9f\u00e9rences de tailles et de couleurs.<\/p>\n<p style=\"text-align: justify;\">\n<\/div>\n<\/div>\n<\/div>\n","protected":false},"excerpt":{"rendered":"<p>100% laine d\u2019Himalaya<br \/>\n200 000 noeuds par m\u00e8tre carr\u00e9<br \/>\nCouleurs sur-mesure sur demande<\/p>\n<p>Dimensions sur mesure<\/p>\n<p>Nou\u00e9 \u00e0 la main au Nepal<br \/>\nD\u00e9lais de fabrication : 3 \u00e0 4 mois<\/p>\n<p><span style=\"text-decoration: underline;\"><a href=\"https:\/\/www.theinvisiblecollection.com\/fr\/demande-de-devis\/?product_id=40135\">Contactez-nous pour toute demande de devis ou d&#8217;\u00e9chantillons<\/a><\/span><\/p>\n","protected":false},"featured_media":5846666,"template":"","meta":{"_acf_changed":false,"content-type":"","_themeisle_gutenberg_block_has_review":false},"product_brand":[],"product_cat":[8183,12540,13076],"product_tag":[9109,9113,9114,9115,11334],"product_designer":[8893],"comfabric":[],"manufacturer":[],"reporting_designer":[37178],"samplecomfabric":[],"designer_clubroom":[],"class_list":{"0":"post-40135","1":"product","2":"type-product","3":"status-publish","4":"has-post-thumbnail","6":"product_cat-tapis-noues-a-la-main","7":"product_cat-tapis-fr","8":"product_cat-bureau-a-la-maison","9":"product_tag-tapis","10":"product_tag-noue-main","11":"product_tag-noue","12":"product_tag-atelier-fevrier-fr-2","13":"product_tag-eco-friendly-fr","14":"pa_color-beige-bleu","15":"pa_color-couleurs-personalisees","16":"pa_size-dimensions-sur-mesure-fr","17":"pa_size-l-280-x-l-100-x-h-80-fr","18":"pa_size-petit-fr","19":"product_designer-atelier-fevrier-fr","20":"reporting_designer-atelier-fevrier","22":"first","23":"instock","24":"taxable","25":"shipping-taxable","26":"product-type-variable"},"acf":[],"_links":{"self":[{"href":"https:\/\/theinvisiblecollection.com\/fr\/wp-json\/wp\/v2\/product\/40135","targetHints":{"allow":["GET"]}}],"collection":[{"href":"https:\/\/theinvisiblecollection.com\/fr\/wp-json\/wp\/v2\/product"}],"about":[{"href":"https:\/\/theinvisiblecollection.com\/fr\/wp-json\/wp\/v2\/types\/product"}],"wp:featuredmedia":[{"embeddable":true,"href":"https:\/\/theinvisiblecollection.com\/fr\/wp-json\/wp\/v2\/media\/5846666"}],"wp:attachment":[{"href":"https:\/\/theinvisiblecollection.com\/fr\/wp-json\/wp\/v2\/media?parent=40135"}],"wp:term":[{"taxonomy":"product_brand","embeddable":true,"href":"https:\/\/theinvisiblecollection.com\/fr\/wp-json\/wp\/v2\/product_brand?post=40135"},{"taxonomy":"product_cat","embeddable":true,"href":"https:\/\/theinvisiblecollection.com\/fr\/wp-json\/wp\/v2\/product_cat?post=40135"},{"taxonomy":"product_tag","embeddable":true,"href":"https:\/\/theinvisiblecollection.com\/fr\/wp-json\/wp\/v2\/product_tag?post=40135"},{"taxonomy":"product_designer","embeddable":true,"href":"https:\/\/theinvisiblecollection.com\/fr\/wp-json\/wp\/v2\/product_designer?post=40135"},{"taxonomy":"comfabric","embeddable":true,"href":"https:\/\/theinvisiblecollection.com\/fr\/wp-json\/wp\/v2\/comfabric?post=40135"},{"taxonomy":"manufacturer","embeddable":true,"href":"https:\/\/theinvisiblecollection.com\/fr\/wp-json\/wp\/v2\/manufacturer?post=40135"},{"taxonomy":"reporting_designer","embeddable":true,"href":"https:\/\/theinvisiblecollection.com\/fr\/wp-json\/wp\/v2\/reporting_designer?post=40135"},{"taxonomy":"samplecomfabric","embeddable":true,"href":"https:\/\/theinvisiblecollection.com\/fr\/wp-json\/wp\/v2\/samplecomfabric?post=40135"},{"taxonomy":"clubroom_product_designer","embeddable":true,"href":"https:\/\/theinvisiblecollection.com\/fr\/wp-json\/wp\/v2\/designer_clubroom?post=40135"}],"curies":[{"name":"wp","href":"https:\/\/api.w.org\/{rel}","templated":true}]}}