{"id":40191,"date":"2017-11-14T00:00:00","date_gmt":"2017-11-13T23:00:00","guid":{"rendered":"https:\/\/www.theinvisiblecollection.com\/product\/tapis-london\/"},"modified":"2026-05-08T04:40:57","modified_gmt":"2026-05-08T04:40:57","slug":"bismut-tapis-london","status":"publish","type":"product","link":"https:\/\/theinvisiblecollection.com\/fr\/produit\/bismut-tapis-london\/","title":{"rendered":"Tapis London"},"content":{"rendered":"<p>Photos par Francis Amiand<\/p>\n","protected":false},"excerpt":{"rendered":"<div>\n<p>Laine boucl\u00e9e et velours cisel\u00e9 \u00e0 la main, sur 4 niveaux diff\u00e9rents<br \/>\nTuft\u00e9 \u00e0 la main<br \/>\nAutres couleurs disponibles<br \/>\n<span style=\"text-decoration: underline;\"><a href=\"https:\/\/www.theinvisiblecollection.com\/fr\/contact-produit\/?product_id=26474\">Vous souhaitez obtenir un \u00e9chantillon<\/a><\/span><\/p>\n<\/div>\n<p>Fabriqu\u00e9 \u00e0 la main en France<br \/>\nD\u00e9lais de fabrication : 20 semaines<\/p>\n<p><span style=\"text-decoration: underline;\"><a href=\"https:\/\/www.theinvisiblecollection.com\/fr\/contact-produit\/?product_id=40191\" target=\"_blank\" rel=\"noopener\">Contactez-nous pour toute demande de devis ou d&#8217;\u00e9chantillon<\/a><\/span><\/p>\n","protected":false},"featured_media":47541,"template":"","meta":{"_acf_changed":false,"content-type":"","_themeisle_gutenberg_block_has_review":false},"product_brand":[],"product_cat":[12540,12541],"product_tag":[9109,9156,9159,10250,10923,31477],"product_designer":[8904,24862],"comfabric":[],"manufacturer":[16762],"reporting_designer":[37762],"samplecomfabric":[],"designer_clubroom":[],"class_list":{"0":"post-40191","1":"product","2":"type-product","3":"status-publish","4":"has-post-thumbnail","6":"product_cat-tapis-fr","7":"product_cat-tufte-a-la-main","8":"product_tag-tapis","9":"product_tag-laine","10":"product_tag-tufte","11":"product_tag-main","12":"product_tag-bismut-bismut-fr-2","13":"product_tag-st-curvy-fr","14":"pa_size-dimensions-sur-mesure-fr","15":"product_designer-bismut-bismut-fr","16":"product_designer-manufacture-de-tapis-de-bourgogne-fr","17":"manufacturer-manufacture-de-tapis-de-bourgogne-fr","18":"reporting_designer-bismut-bismut","20":"first","21":"instock","22":"taxable","23":"shipping-taxable","24":"product-type-variable"},"acf":[],"_links":{"self":[{"href":"https:\/\/theinvisiblecollection.com\/fr\/wp-json\/wp\/v2\/product\/40191","targetHints":{"allow":["GET"]}}],"collection":[{"href":"https:\/\/theinvisiblecollection.com\/fr\/wp-json\/wp\/v2\/product"}],"about":[{"href":"https:\/\/theinvisiblecollection.com\/fr\/wp-json\/wp\/v2\/types\/product"}],"wp:featuredmedia":[{"embeddable":true,"href":"https:\/\/theinvisiblecollection.com\/fr\/wp-json\/wp\/v2\/media\/47541"}],"wp:attachment":[{"href":"https:\/\/theinvisiblecollection.com\/fr\/wp-json\/wp\/v2\/media?parent=40191"}],"wp:term":[{"taxonomy":"product_brand","embeddable":true,"href":"https:\/\/theinvisiblecollection.com\/fr\/wp-json\/wp\/v2\/product_brand?post=40191"},{"taxonomy":"product_cat","embeddable":true,"href":"https:\/\/theinvisiblecollection.com\/fr\/wp-json\/wp\/v2\/product_cat?post=40191"},{"taxonomy":"product_tag","embeddable":true,"href":"https:\/\/theinvisiblecollection.com\/fr\/wp-json\/wp\/v2\/product_tag?post=40191"},{"taxonomy":"product_designer","embeddable":true,"href":"https:\/\/theinvisiblecollection.com\/fr\/wp-json\/wp\/v2\/product_designer?post=40191"},{"taxonomy":"comfabric","embeddable":true,"href":"https:\/\/theinvisiblecollection.com\/fr\/wp-json\/wp\/v2\/comfabric?post=40191"},{"taxonomy":"manufacturer","embeddable":true,"href":"https:\/\/theinvisiblecollection.com\/fr\/wp-json\/wp\/v2\/manufacturer?post=40191"},{"taxonomy":"reporting_designer","embeddable":true,"href":"https:\/\/theinvisiblecollection.com\/fr\/wp-json\/wp\/v2\/reporting_designer?post=40191"},{"taxonomy":"samplecomfabric","embeddable":true,"href":"https:\/\/theinvisiblecollection.com\/fr\/wp-json\/wp\/v2\/samplecomfabric?post=40191"},{"taxonomy":"clubroom_product_designer","embeddable":true,"href":"https:\/\/theinvisiblecollection.com\/fr\/wp-json\/wp\/v2\/designer_clubroom?post=40191"}],"curies":[{"name":"wp","href":"https:\/\/api.w.org\/{rel}","templated":true}]}}