{"id":4024873,"date":"2024-07-12T08:51:35","date_gmt":"2024-07-12T08:51:35","guid":{"rendered":"https:\/\/theinvisiblecollection.com\/?post_type=product&#038;p=4024873"},"modified":"2026-05-01T07:37:54","modified_gmt":"2026-05-01T07:37:54","slug":"pietro-franceschini-table-basse-together-forever","status":"publish","type":"product","link":"https:\/\/theinvisiblecollection.com\/fr\/produit\/pietro-franceschini-table-basse-together-forever\/","title":{"rendered":"Table Basse Together Forever"},"content":{"rendered":"<p style=\"text-align: justify;\">Together Forever par Pietro Franceschini tire son nom du geste \u00e9vocateur de deux demi-sph\u00e8res qui s&#8217;embo\u00eetent l&#8217;une dans l&#8217;autre. Cette table basse sculpturale est minimale et essentielle dans sa forme, mais tr\u00e8s \u00e9labor\u00e9e dans sa mat\u00e9rialit\u00e9. R\u00e9alis\u00e9e en bronze selon la technique ancestrale de la fonte \u00e0 la cire perdue par d&#8217;habiles artisans italiens, elle est l&#8217;une des plus r\u00e9centes cr\u00e9ations de Francesco. Il s&#8217;agit de l&#8217;une des \u0153uvres les plus r\u00e9centes de Franceschini, con\u00e7ue au d\u00e9but de l&#8217;ann\u00e9e 2023.<\/p>\n","protected":false},"excerpt":{"rendered":"<p>Table basse photographi\u00e9e ici en fr\u00eane<br \/>\n\u00c9galement disponible en <a href=\"https:\/\/theinvisiblecollection.com\/fr\/produit\/pietro-franceschini-table-basse-slice-me-up-platre\/\" target=\"_blank\" rel=\"noopener\"><span style=\"text-decoration: underline;\">pl\u00e2tre<\/span><\/a>, bois d&#8217;Iroko, tanganika, Noce Canaletto, Radica Di Betulla<br \/>\n<span style=\"text-decoration: underline;\"><a href=\"https:\/\/theinvisiblecollection.com\/wp-content\/uploads\/2022\/03\/TheInvisibleCollection_Pietro_Franceschini_Wood_Selection.jpg\" target=\"_blank\" rel=\"noopener\">D\u00e9couvrir la s\u00e9lection de bois ici<\/a><\/span><br \/>\nFinition mate, semi-brillante ou brillante<\/p>\n<p>L 117 x l 161 x H 36 cm<\/p>\n<p>Fabriqu\u00e9e \u00e0 la main en Italie<br \/>\nD\u00e9lais de fabrication : 8 semaines<\/p>\n<p><span style=\"text-decoration: underline;\"><a href=\"https:\/\/www.theinvisiblecollection.com\/demande-de-devis\/?product_id=119681\">Contactez-nous pour toute demande de devis ou de renseignements<\/a><\/span><\/p>\n","protected":false},"featured_media":5894662,"template":"","meta":{"_acf_changed":false,"content-type":"","_themeisle_gutenberg_block_has_review":false},"product_brand":[],"product_cat":[7509,12503],"product_tag":[14925,31477],"product_designer":[15447],"comfabric":[],"manufacturer":[16854],"reporting_designer":[37831],"samplecomfabric":[],"designer_clubroom":[],"class_list":{"0":"post-4024873","1":"product","2":"type-product","3":"status-publish","4":"has-post-thumbnail","6":"product_cat-tables-basses-dappoint","7":"product_cat-tables-fr","8":"product_tag-hpfav-fr","9":"product_tag-st-curvy-fr","10":"product_designer-pietro-franceschini-fr","11":"manufacturer-pietro-franceschini-fr","12":"reporting_designer-pietro-franceschini","14":"first","15":"instock","16":"taxable","17":"shipping-taxable","18":"purchasable","19":"product-type-simple"},"acf":[],"_links":{"self":[{"href":"https:\/\/theinvisiblecollection.com\/fr\/wp-json\/wp\/v2\/product\/4024873","targetHints":{"allow":["GET"]}}],"collection":[{"href":"https:\/\/theinvisiblecollection.com\/fr\/wp-json\/wp\/v2\/product"}],"about":[{"href":"https:\/\/theinvisiblecollection.com\/fr\/wp-json\/wp\/v2\/types\/product"}],"wp:featuredmedia":[{"embeddable":true,"href":"https:\/\/theinvisiblecollection.com\/fr\/wp-json\/wp\/v2\/media\/5894662"}],"wp:attachment":[{"href":"https:\/\/theinvisiblecollection.com\/fr\/wp-json\/wp\/v2\/media?parent=4024873"}],"wp:term":[{"taxonomy":"product_brand","embeddable":true,"href":"https:\/\/theinvisiblecollection.com\/fr\/wp-json\/wp\/v2\/product_brand?post=4024873"},{"taxonomy":"product_cat","embeddable":true,"href":"https:\/\/theinvisiblecollection.com\/fr\/wp-json\/wp\/v2\/product_cat?post=4024873"},{"taxonomy":"product_tag","embeddable":true,"href":"https:\/\/theinvisiblecollection.com\/fr\/wp-json\/wp\/v2\/product_tag?post=4024873"},{"taxonomy":"product_designer","embeddable":true,"href":"https:\/\/theinvisiblecollection.com\/fr\/wp-json\/wp\/v2\/product_designer?post=4024873"},{"taxonomy":"comfabric","embeddable":true,"href":"https:\/\/theinvisiblecollection.com\/fr\/wp-json\/wp\/v2\/comfabric?post=4024873"},{"taxonomy":"manufacturer","embeddable":true,"href":"https:\/\/theinvisiblecollection.com\/fr\/wp-json\/wp\/v2\/manufacturer?post=4024873"},{"taxonomy":"reporting_designer","embeddable":true,"href":"https:\/\/theinvisiblecollection.com\/fr\/wp-json\/wp\/v2\/reporting_designer?post=4024873"},{"taxonomy":"samplecomfabric","embeddable":true,"href":"https:\/\/theinvisiblecollection.com\/fr\/wp-json\/wp\/v2\/samplecomfabric?post=4024873"},{"taxonomy":"clubroom_product_designer","embeddable":true,"href":"https:\/\/theinvisiblecollection.com\/fr\/wp-json\/wp\/v2\/designer_clubroom?post=4024873"}],"curies":[{"name":"wp","href":"https:\/\/api.w.org\/{rel}","templated":true}]}}