{"id":4029680,"date":"2023-10-17T13:57:02","date_gmt":"2023-10-17T12:57:02","guid":{"rendered":"https:\/\/theinvisiblecollection.com\/?post_type=product&#038;p=4029680"},"modified":"2026-05-01T07:37:54","modified_gmt":"2026-05-01T07:37:54","slug":"studioparisien-banquette-sevigne-mini","status":"publish","type":"product","link":"https:\/\/theinvisiblecollection.com\/fr\/produit\/studioparisien-banquette-sevigne-mini\/","title":{"rendered":"Banquette S\u00e9vign\u00e9 Mini"},"content":{"rendered":"<p style=\"text-align: justify;\">La banquette S\u00e9vign\u00e9 de Studioparisien est un hommage \u00e0 la Marquise de S\u00e9vign\u00e9, c\u00e9l\u00e8bre romanci\u00e8re et \u00e9pistoli\u00e8re fran\u00e7aise. Pour des moments d\u00e9di\u00e9s a la lecture et \u00e0 la r\u00eaverie.<\/p>\n","protected":false},"excerpt":{"rendered":"<p>Banquette en tissu M\u00e9taphores Tanganika, couleur Poudre<br \/>\nStructure multiplis, renforts en h\u00eatre<br \/>\n<a href=\"https:\/\/theinvisiblecollection.com\/wp-content\/uploads\/2020\/12\/StudioParisien_MetaphoresTanganika_FabricSamples_Final.pdf\"><span style=\"text-decoration: underline;\">D\u00e9couvrez la s\u00e9lection de tissus ici<\/span><\/a><br \/>\nTissu sur-mesure sur demande<\/p>\n<p>L 210 x l 85 x H 70 cm<br \/>\nHauteur d&#8217;assise : 45 cm<br \/>\nTissu requis avec coussins : 10 m<br \/>\nTissu requis sans coussins : 8 m<\/p>\n<p>Fabriqu\u00e9e \u00e0 la main en France par les Ateliers Jouffre<br \/>\nD\u00e9lais de fabrication : 9 mois<\/p>\n<p class=\"p1\"><span style=\"text-decoration: underline;\"><span class=\"s1\"><a href=\"https:\/\/www.theinvisiblecollection.com\/fr\/demande-de-devis\/?product_id=63455\">Contactez-nous pour toute demande de devis ou de renseignements<\/a><\/span><\/span><\/p>\n","protected":false},"featured_media":4032941,"template":"","meta":{"_acf_changed":false,"content-type":"","_themeisle_gutenberg_block_has_review":false},"product_brand":[],"product_cat":[8947,8973,12499],"product_tag":[12023],"product_designer":[11987],"comfabric":[29302],"manufacturer":[16820],"reporting_designer":[37791],"samplecomfabric":[30470],"designer_clubroom":[],"class_list":{"0":"post-4029680","1":"product","2":"type-product","3":"status-publish","4":"has-post-thumbnail","6":"product_cat-bancs","7":"product_cat-canapes-lits","8":"product_cat-assises","9":"product_tag-sevigne-fr","10":"product_designer-studioparisien-fr","11":"comfabric-atelier-jouffre-lyon-fr","12":"manufacturer-atelier-jouffre-paris-fr","13":"reporting_designer-studioparisien","14":"samplecomfabric-atelier-jouffre-lyon-fr","16":"first","17":"instock","18":"taxable","19":"shipping-taxable","20":"purchasable","21":"product-type-variable"},"acf":[],"_links":{"self":[{"href":"https:\/\/theinvisiblecollection.com\/fr\/wp-json\/wp\/v2\/product\/4029680","targetHints":{"allow":["GET"]}}],"collection":[{"href":"https:\/\/theinvisiblecollection.com\/fr\/wp-json\/wp\/v2\/product"}],"about":[{"href":"https:\/\/theinvisiblecollection.com\/fr\/wp-json\/wp\/v2\/types\/product"}],"wp:featuredmedia":[{"embeddable":true,"href":"https:\/\/theinvisiblecollection.com\/fr\/wp-json\/wp\/v2\/media\/4032941"}],"wp:attachment":[{"href":"https:\/\/theinvisiblecollection.com\/fr\/wp-json\/wp\/v2\/media?parent=4029680"}],"wp:term":[{"taxonomy":"product_brand","embeddable":true,"href":"https:\/\/theinvisiblecollection.com\/fr\/wp-json\/wp\/v2\/product_brand?post=4029680"},{"taxonomy":"product_cat","embeddable":true,"href":"https:\/\/theinvisiblecollection.com\/fr\/wp-json\/wp\/v2\/product_cat?post=4029680"},{"taxonomy":"product_tag","embeddable":true,"href":"https:\/\/theinvisiblecollection.com\/fr\/wp-json\/wp\/v2\/product_tag?post=4029680"},{"taxonomy":"product_designer","embeddable":true,"href":"https:\/\/theinvisiblecollection.com\/fr\/wp-json\/wp\/v2\/product_designer?post=4029680"},{"taxonomy":"comfabric","embeddable":true,"href":"https:\/\/theinvisiblecollection.com\/fr\/wp-json\/wp\/v2\/comfabric?post=4029680"},{"taxonomy":"manufacturer","embeddable":true,"href":"https:\/\/theinvisiblecollection.com\/fr\/wp-json\/wp\/v2\/manufacturer?post=4029680"},{"taxonomy":"reporting_designer","embeddable":true,"href":"https:\/\/theinvisiblecollection.com\/fr\/wp-json\/wp\/v2\/reporting_designer?post=4029680"},{"taxonomy":"samplecomfabric","embeddable":true,"href":"https:\/\/theinvisiblecollection.com\/fr\/wp-json\/wp\/v2\/samplecomfabric?post=4029680"},{"taxonomy":"clubroom_product_designer","embeddable":true,"href":"https:\/\/theinvisiblecollection.com\/fr\/wp-json\/wp\/v2\/designer_clubroom?post=4029680"}],"curies":[{"name":"wp","href":"https:\/\/api.w.org\/{rel}","templated":true}]}}