{"id":4030109,"date":"2023-10-17T15:59:37","date_gmt":"2023-10-17T14:59:37","guid":{"rendered":"https:\/\/theinvisiblecollection.com\/?post_type=product&#038;p=4030109"},"modified":"2026-05-08T04:39:08","modified_gmt":"2026-05-08T04:39:08","slug":"osanna-visconti-table-dappoint-fiore-bronze-plaque-nickel","status":"publish","type":"product","link":"https:\/\/theinvisiblecollection.com\/fr\/produit\/osanna-visconti-table-dappoint-fiore-bronze-plaque-nickel\/","title":{"rendered":"Table d&#8217;Appoint Fiore Bronze Plaqu\u00e9 Nickel"},"content":{"rendered":"<p style=\"text-align: justify;\">Une table d&#8217;appoint ravissante en nickel plated bronze fabriqu\u00e9e selon la technique traditionnelle de la cire perdue. Sa forme fantaisiste \u00e9voque la fra\u00eecheur d&#8217;une fleur printani\u00e8re \u00e0 longue tige.<\/p>\n","protected":false},"excerpt":{"rendered":"<ul>\n<li>Table d&#8217;appoint<\/li>\n<li>Composition : plaqu\u00e9 de nickel<\/li>\n<li>Sculpt\u00e9e gr\u00e2ce \u00e0 la technique de la cire perdue<\/li>\n<li>Chaque pi\u00e8ce est unique<\/li>\n<\/ul>\n","protected":false},"featured_media":4030125,"template":"","meta":{"_acf_changed":false,"content-type":"","_themeisle_gutenberg_block_has_review":false},"product_brand":[],"product_cat":[12332,12503,12514],"product_tag":[22790,31476],"product_designer":[],"comfabric":[],"manufacturer":[16737],"reporting_designer":[],"samplecomfabric":[],"designer_clubroom":[20496],"class_list":{"0":"post-4030109","1":"product","2":"type-product","3":"status-publish","4":"has-post-thumbnail","6":"clubroom_taxonomies-boutiques","7":"product_cat-tables-dappoint","8":"product_cat-tables-fr","9":"product_cat-tables-de-chevet","10":"product_tag-disponible-immediatement","11":"product_tag-st-collectible-fr","12":"pa_material-bronze-naturel-fr","13":"pa_material-nickel-plated-bronze-fr","14":"manufacturer-osanna-visconti-fr","15":"clubroom_product_designer-osanna-visconti-fr","16":"exhibitions-paris-fr","18":"first","19":"instock","20":"taxable","21":"shipping-taxable","22":"purchasable","23":"product-type-simple"},"acf":[],"_links":{"self":[{"href":"https:\/\/theinvisiblecollection.com\/fr\/wp-json\/wp\/v2\/product\/4030109","targetHints":{"allow":["GET"]}}],"collection":[{"href":"https:\/\/theinvisiblecollection.com\/fr\/wp-json\/wp\/v2\/product"}],"about":[{"href":"https:\/\/theinvisiblecollection.com\/fr\/wp-json\/wp\/v2\/types\/product"}],"wp:featuredmedia":[{"embeddable":true,"href":"https:\/\/theinvisiblecollection.com\/fr\/wp-json\/wp\/v2\/media\/4030125"}],"wp:attachment":[{"href":"https:\/\/theinvisiblecollection.com\/fr\/wp-json\/wp\/v2\/media?parent=4030109"}],"wp:term":[{"taxonomy":"product_brand","embeddable":true,"href":"https:\/\/theinvisiblecollection.com\/fr\/wp-json\/wp\/v2\/product_brand?post=4030109"},{"taxonomy":"product_cat","embeddable":true,"href":"https:\/\/theinvisiblecollection.com\/fr\/wp-json\/wp\/v2\/product_cat?post=4030109"},{"taxonomy":"product_tag","embeddable":true,"href":"https:\/\/theinvisiblecollection.com\/fr\/wp-json\/wp\/v2\/product_tag?post=4030109"},{"taxonomy":"product_designer","embeddable":true,"href":"https:\/\/theinvisiblecollection.com\/fr\/wp-json\/wp\/v2\/product_designer?post=4030109"},{"taxonomy":"comfabric","embeddable":true,"href":"https:\/\/theinvisiblecollection.com\/fr\/wp-json\/wp\/v2\/comfabric?post=4030109"},{"taxonomy":"manufacturer","embeddable":true,"href":"https:\/\/theinvisiblecollection.com\/fr\/wp-json\/wp\/v2\/manufacturer?post=4030109"},{"taxonomy":"reporting_designer","embeddable":true,"href":"https:\/\/theinvisiblecollection.com\/fr\/wp-json\/wp\/v2\/reporting_designer?post=4030109"},{"taxonomy":"samplecomfabric","embeddable":true,"href":"https:\/\/theinvisiblecollection.com\/fr\/wp-json\/wp\/v2\/samplecomfabric?post=4030109"},{"taxonomy":"clubroom_product_designer","embeddable":true,"href":"https:\/\/theinvisiblecollection.com\/fr\/wp-json\/wp\/v2\/designer_clubroom?post=4030109"}],"curies":[{"name":"wp","href":"https:\/\/api.w.org\/{rel}","templated":true}]}}