{"id":40313,"date":"2024-09-10T00:00:00","date_gmt":"2024-09-10T00:00:00","guid":{"rendered":"https:\/\/www.theinvisiblecollection.com\/product\/tapis-peigne-2\/"},"modified":"2026-05-01T07:39:42","modified_gmt":"2026-05-01T07:39:42","slug":"atelier-fevrier-tapis-peigne-2-bordeaux","status":"publish","type":"product","link":"https:\/\/theinvisiblecollection.com\/fr\/produit\/atelier-fevrier-tapis-peigne-2-bordeaux\/","title":{"rendered":"Tapis Peigne 2 Bordeaux"},"content":{"rendered":"<p>Un autre motif inspir\u00e9 de la beaut\u00e9 de l&#8217;ombre et de la lumi\u00e8re. La beaut\u00e9 d&#8217;un objet aussi simple que celui du dessin d&#8217;un peigne africain.<\/p>\n","protected":false},"excerpt":{"rendered":"<p>Prix au m\u00e8tre carr\u00e9<br \/>\n20% laine d\u2019Himalaya, 80% soie<br \/>\n125 noeuds<br \/>\nCouleurs sur-mesure sur demande<\/p>\n<p>Dimensions sur mesure<\/p>\n<p>Nou\u00e9 \u00e0 la main au N\u00e9pal<br \/>\nD\u00e9lais de fabrication : 12-16 semaines<\/p>\n<p><span style=\"text-decoration: underline;\"><a href=\"https:\/\/www.theinvisiblecollection.com\/fr\/demande-de-devis\/?product_id=40313\">Contactez-nous pour toute demande de devis ou d&#8217;\u00e9chantillons<\/a><\/span><\/p>\n","protected":false},"featured_media":96309,"template":"","meta":{"_acf_changed":false,"content-type":"","_themeisle_gutenberg_block_has_review":false},"product_brand":[],"product_cat":[8183,12540],"product_tag":[9115,9156,10249,11334,9109,9113,9114],"product_designer":[8893],"comfabric":[],"manufacturer":[],"reporting_designer":[37178],"samplecomfabric":[],"designer_clubroom":[],"class_list":{"0":"post-40313","1":"product","2":"type-product","3":"status-publish","4":"has-post-thumbnail","6":"product_cat-tapis-noues-a-la-main","7":"product_cat-tapis-fr","8":"product_tag-atelier-fevrier-fr-2","9":"product_tag-laine","10":"product_tag-entrance-fr","11":"product_tag-eco-friendly-fr","12":"product_tag-tapis","13":"product_tag-noue-main","14":"product_tag-noue","15":"pa_color-bordeaux-fr","16":"pa_color-couleurs-personalisees","17":"pa_color-orange-fr","18":"pa_color-sable-fr-2","19":"pa_color-sand-and-black-fr","20":"pa_size-dimensions-sur-mesure-fr","21":"pa_size-grand-fr","22":"pa_size-petit-fr","23":"product_designer-atelier-fevrier-fr","24":"reporting_designer-atelier-fevrier","26":"first","27":"instock","28":"taxable","29":"shipping-taxable","30":"product-type-variable"},"acf":[],"_links":{"self":[{"href":"https:\/\/theinvisiblecollection.com\/fr\/wp-json\/wp\/v2\/product\/40313","targetHints":{"allow":["GET"]}}],"collection":[{"href":"https:\/\/theinvisiblecollection.com\/fr\/wp-json\/wp\/v2\/product"}],"about":[{"href":"https:\/\/theinvisiblecollection.com\/fr\/wp-json\/wp\/v2\/types\/product"}],"wp:featuredmedia":[{"embeddable":true,"href":"https:\/\/theinvisiblecollection.com\/fr\/wp-json\/wp\/v2\/media\/96309"}],"wp:attachment":[{"href":"https:\/\/theinvisiblecollection.com\/fr\/wp-json\/wp\/v2\/media?parent=40313"}],"wp:term":[{"taxonomy":"product_brand","embeddable":true,"href":"https:\/\/theinvisiblecollection.com\/fr\/wp-json\/wp\/v2\/product_brand?post=40313"},{"taxonomy":"product_cat","embeddable":true,"href":"https:\/\/theinvisiblecollection.com\/fr\/wp-json\/wp\/v2\/product_cat?post=40313"},{"taxonomy":"product_tag","embeddable":true,"href":"https:\/\/theinvisiblecollection.com\/fr\/wp-json\/wp\/v2\/product_tag?post=40313"},{"taxonomy":"product_designer","embeddable":true,"href":"https:\/\/theinvisiblecollection.com\/fr\/wp-json\/wp\/v2\/product_designer?post=40313"},{"taxonomy":"comfabric","embeddable":true,"href":"https:\/\/theinvisiblecollection.com\/fr\/wp-json\/wp\/v2\/comfabric?post=40313"},{"taxonomy":"manufacturer","embeddable":true,"href":"https:\/\/theinvisiblecollection.com\/fr\/wp-json\/wp\/v2\/manufacturer?post=40313"},{"taxonomy":"reporting_designer","embeddable":true,"href":"https:\/\/theinvisiblecollection.com\/fr\/wp-json\/wp\/v2\/reporting_designer?post=40313"},{"taxonomy":"samplecomfabric","embeddable":true,"href":"https:\/\/theinvisiblecollection.com\/fr\/wp-json\/wp\/v2\/samplecomfabric?post=40313"},{"taxonomy":"clubroom_product_designer","embeddable":true,"href":"https:\/\/theinvisiblecollection.com\/fr\/wp-json\/wp\/v2\/designer_clubroom?post=40313"}],"curies":[{"name":"wp","href":"https:\/\/api.w.org\/{rel}","templated":true}]}}