{"id":40459,"date":"2023-06-22T10:50:00","date_gmt":"2023-06-22T09:50:00","guid":{"rendered":"https:\/\/www.theinvisiblecollection.com\/product\/tapis-zenith\/"},"modified":"2026-05-01T07:39:42","modified_gmt":"2026-05-01T07:39:42","slug":"damien-langlois-meurinne-tapis-zenith","status":"publish","type":"product","link":"https:\/\/theinvisiblecollection.com\/fr\/produit\/damien-langlois-meurinne-tapis-zenith\/","title":{"rendered":"Tapis Zenith"},"content":{"rendered":"<p style=\"text-align: justify;\"><span class=\"TextRun SCXW83110490 BCX8\" lang=\"FR\" xml:lang=\"FR\" data-contrast=\"auto\"><span class=\"NormalTextRun SCXW83110490 BCX8\">Pour mieux appr\u00e9hender le travail de Damien Langlois-Meurinne, imaginez la mer, le sable et le soleil&#8230; ainsi qu\u2019une bonne musique ! Surfeur dans l&#8217;\u00e2me, le c\u00e9l\u00e8bre architecte d&#8217;int\u00e9rieur fran\u00e7ais allie harmonieusement l&#8217;\u00e9l\u00e9gance de la cr\u00e9ation d&#8217;int\u00e9rieurs magnifiques \u00e0 sa passion du surf et \u00e0 son amour ind\u00e9fectible pour tous les tubes musicaux qui donnent envie de chanter. Ses cr\u00e9ations ne sont pas seulement des pi\u00e8ces de mobilier d\u00e9licatement travaill\u00e9es ; elles portent en elles une histoire, comme en t\u00e9moignent leurs noms.<\/span><\/span><span class=\"EOP SCXW83110490 BCX8\" data-ccp-props=\"{&quot;134233117&quot;:false,&quot;134233118&quot;:false,&quot;201341983&quot;:0,&quot;335551550&quot;:0,&quot;335551620&quot;:0,&quot;335559738&quot;:0,&quot;335559739&quot;:0,&quot;335559740&quot;:259}\">\u00a0<\/span><\/p>\n","protected":false},"excerpt":{"rendered":"<p>Tapis tuft\u00e9 main<br \/>\nFond boucl\u00e9 en laine et lin, lignes en soie<br \/>\n\u00c9galement disponible avec les lignes en bambou<br \/>\nCouleurs disponibles : or et argent<br \/>\nDimensions et couleurs sur-mesure sur demande<\/p>\n<p>Dimensions standards: 300 x 400 cm<\/p>\n<p>Tuft\u00e9 \u00e0 la main en France<br \/>\nD\u00e9lais de fabrication : 8 mois<\/p>\n<p><span style=\"text-decoration: underline;\"><a href=\"https:\/\/www.theinvisiblecollection.com\/fr\/demande-de-devis\/?product_id=40459\">Contactez-nous pour toute demande de devis ou d&#8217;\u00e9chantillons<\/a><\/span><\/p>\n","protected":false},"featured_media":715989,"template":"","meta":{"_acf_changed":false,"content-type":"","_themeisle_gutenberg_block_has_review":false},"product_brand":[],"product_cat":[12540,12541],"product_tag":[35206,9109,9156,9157,9158,9159,9582,14925],"product_designer":[8891,24862],"comfabric":[],"manufacturer":[16762],"reporting_designer":[37550],"samplecomfabric":[],"designer_clubroom":[],"class_list":{"0":"post-40459","1":"product","2":"type-product","3":"status-publish","4":"has-post-thumbnail","6":"product_cat-tapis-fr","7":"product_cat-tufte-a-la-main","8":"product_tag-exclusive-fr","9":"product_tag-tapis","10":"product_tag-laine","11":"product_tag-soie","12":"product_tag-tufte-a-la-main","13":"product_tag-tufte","14":"product_tag-damien-langlois-meurinne-fr","15":"product_tag-hpfav-fr","16":"pa_color-argent","17":"pa_color-couleurs-personalisees","18":"pa_color-or-fr","19":"pa_material-bambou-fr","20":"pa_material-soie-fr","21":"pa_size-dimensions-standards","22":"pa_size-dimensions-sur-mesure-fr","23":"product_designer-damien-langlois-meurinne-fr","24":"product_designer-manufacture-de-tapis-de-bourgogne-fr","25":"manufacturer-manufacture-de-tapis-de-bourgogne-fr","26":"reporting_designer-manufacture-de-tapis-de-bourgogne","28":"first","29":"instock","30":"taxable","31":"shipping-taxable","32":"product-type-variable"},"acf":[],"_links":{"self":[{"href":"https:\/\/theinvisiblecollection.com\/fr\/wp-json\/wp\/v2\/product\/40459","targetHints":{"allow":["GET"]}}],"collection":[{"href":"https:\/\/theinvisiblecollection.com\/fr\/wp-json\/wp\/v2\/product"}],"about":[{"href":"https:\/\/theinvisiblecollection.com\/fr\/wp-json\/wp\/v2\/types\/product"}],"wp:featuredmedia":[{"embeddable":true,"href":"https:\/\/theinvisiblecollection.com\/fr\/wp-json\/wp\/v2\/media\/715989"}],"wp:attachment":[{"href":"https:\/\/theinvisiblecollection.com\/fr\/wp-json\/wp\/v2\/media?parent=40459"}],"wp:term":[{"taxonomy":"product_brand","embeddable":true,"href":"https:\/\/theinvisiblecollection.com\/fr\/wp-json\/wp\/v2\/product_brand?post=40459"},{"taxonomy":"product_cat","embeddable":true,"href":"https:\/\/theinvisiblecollection.com\/fr\/wp-json\/wp\/v2\/product_cat?post=40459"},{"taxonomy":"product_tag","embeddable":true,"href":"https:\/\/theinvisiblecollection.com\/fr\/wp-json\/wp\/v2\/product_tag?post=40459"},{"taxonomy":"product_designer","embeddable":true,"href":"https:\/\/theinvisiblecollection.com\/fr\/wp-json\/wp\/v2\/product_designer?post=40459"},{"taxonomy":"comfabric","embeddable":true,"href":"https:\/\/theinvisiblecollection.com\/fr\/wp-json\/wp\/v2\/comfabric?post=40459"},{"taxonomy":"manufacturer","embeddable":true,"href":"https:\/\/theinvisiblecollection.com\/fr\/wp-json\/wp\/v2\/manufacturer?post=40459"},{"taxonomy":"reporting_designer","embeddable":true,"href":"https:\/\/theinvisiblecollection.com\/fr\/wp-json\/wp\/v2\/reporting_designer?post=40459"},{"taxonomy":"samplecomfabric","embeddable":true,"href":"https:\/\/theinvisiblecollection.com\/fr\/wp-json\/wp\/v2\/samplecomfabric?post=40459"},{"taxonomy":"clubroom_product_designer","embeddable":true,"href":"https:\/\/theinvisiblecollection.com\/fr\/wp-json\/wp\/v2\/designer_clubroom?post=40459"}],"curies":[{"name":"wp","href":"https:\/\/api.w.org\/{rel}","templated":true}]}}