{"id":40474,"date":"2018-10-08T00:00:00","date_gmt":"2018-10-07T23:00:00","guid":{"rendered":"https:\/\/www.theinvisiblecollection.com\/product\/tasses-demoiselles\/"},"modified":"2026-05-08T04:40:54","modified_gmt":"2026-05-08T04:40:54","slug":"creations-dragonfly-tasses-demoiselles","status":"publish","type":"product","link":"https:\/\/theinvisiblecollection.com\/fr\/produit\/creations-dragonfly-tasses-demoiselles\/","title":{"rendered":"Tasses Demoiselles"},"content":{"rendered":"<div class=\"page\" style=\"text-align: justify;\" title=\"Page 59\">\n<div class=\"section\">\n<div class=\"layoutArea\">\n<div class=\"column\">\n<p>Depuis 1825 la manufacture Porcelaines de la Fabrique bas\u00e9e\u00a0en Haute-Vienne au c\u0153ur du Limousin, travaille la blancheur du kaolin pour produire une porcelaine d\u2019une finesse et d\u2019une transparence exquise. Gr\u00e2ce \u00e0 son savoir-faire unique elle perp\u00e9tue et fait rayonner \u00e0 travers le monde la grande tradition des arts du feu.\u00a0Un feu dont l\u2019or et les braises transparaissent lorsque l\u2019on porte leurs cr\u00e9ations \u00e0 la lumi\u00e8re.<\/p>\n<\/div>\n<\/div>\n<\/div>\n<\/div>\n","protected":false},"excerpt":{"rendered":"<p>Direction Artistique : St\u00e9phane Parmentier<br \/>\nEnsemble de 6 mod\u00e8les de tasses \u00e0 caf\u00e9<br \/>\nBiscuit et porcelaine \u00e9maill\u00e9e<br \/>\nLes tasses sont toutes diff\u00e9rentes les unes des autres<\/p>\n<p>\u00d8 6.7 x H 6.7 cm<\/p>\n<p>Fabriqu\u00e9es \u00e0 la main en France<br \/>\nD\u00e9lais de production : 2 semaines<\/p>\n<p><a href=\"https:\/\/www.theinvisiblecollection.com\/fr\/contact-produit\/?product_id=40474\" target=\"_blank\" rel=\"noopener\">Contactez-nous pour toute demande de devis ou de renseignements<\/a><\/p>\n","protected":false},"featured_media":9246,"template":"","meta":{"_acf_changed":false,"content-type":"","_themeisle_gutenberg_block_has_review":false},"product_brand":[],"product_cat":[7517,12535],"product_tag":[9063,31477,9128,9130,9247,9248,9251,9309,9363,9500,9501,9502,9503,10355,12734,9046,31474,9047,31475],"product_designer":[8867],"comfabric":[],"manufacturer":[19879],"reporting_designer":[37758],"samplecomfabric":[],"designer_clubroom":[],"class_list":{"0":"post-40474","1":"product","2":"type-product","3":"status-publish","4":"has-post-thumbnail","6":"product_cat-deco-fr","7":"product_cat-arts-de-la-table","8":"product_tag-porcelaine","9":"product_tag-st-curvy-fr","10":"product_tag-domaine-des-etangs-fr","11":"product_tag-set-fr","12":"product_tag-biscuit-fr-fr","13":"product_tag-porcelaine-emaillee","14":"product_tag-tea-time","15":"product_tag-tasse","16":"product_tag-verre-a-boire","17":"product_tag-demoiselles-fr","18":"product_tag-design-unique","19":"product_tag-tasse-a-the","20":"product_tag-tasse-a-cafe","21":"product_tag-iconique","22":"product_tag-superstar-fr","23":"product_tag-art-de-la-table","24":"product_tag-co-white-fr","25":"product_tag-diner","26":"product_tag-st-ceramic-fr","27":"product_shipping_class-dragonfly-0-1-kg-fr","28":"product_designer-creations-dragonfly-fr","29":"manufacturer-ego-deco-fr","30":"reporting_designer-creations-dragonfly","32":"first","33":"instock","34":"taxable","35":"shipping-taxable","36":"purchasable","37":"product-type-simple"},"acf":[],"_links":{"self":[{"href":"https:\/\/theinvisiblecollection.com\/fr\/wp-json\/wp\/v2\/product\/40474","targetHints":{"allow":["GET"]}}],"collection":[{"href":"https:\/\/theinvisiblecollection.com\/fr\/wp-json\/wp\/v2\/product"}],"about":[{"href":"https:\/\/theinvisiblecollection.com\/fr\/wp-json\/wp\/v2\/types\/product"}],"wp:featuredmedia":[{"embeddable":true,"href":"https:\/\/theinvisiblecollection.com\/fr\/wp-json\/wp\/v2\/media\/9246"}],"wp:attachment":[{"href":"https:\/\/theinvisiblecollection.com\/fr\/wp-json\/wp\/v2\/media?parent=40474"}],"wp:term":[{"taxonomy":"product_brand","embeddable":true,"href":"https:\/\/theinvisiblecollection.com\/fr\/wp-json\/wp\/v2\/product_brand?post=40474"},{"taxonomy":"product_cat","embeddable":true,"href":"https:\/\/theinvisiblecollection.com\/fr\/wp-json\/wp\/v2\/product_cat?post=40474"},{"taxonomy":"product_tag","embeddable":true,"href":"https:\/\/theinvisiblecollection.com\/fr\/wp-json\/wp\/v2\/product_tag?post=40474"},{"taxonomy":"product_designer","embeddable":true,"href":"https:\/\/theinvisiblecollection.com\/fr\/wp-json\/wp\/v2\/product_designer?post=40474"},{"taxonomy":"comfabric","embeddable":true,"href":"https:\/\/theinvisiblecollection.com\/fr\/wp-json\/wp\/v2\/comfabric?post=40474"},{"taxonomy":"manufacturer","embeddable":true,"href":"https:\/\/theinvisiblecollection.com\/fr\/wp-json\/wp\/v2\/manufacturer?post=40474"},{"taxonomy":"reporting_designer","embeddable":true,"href":"https:\/\/theinvisiblecollection.com\/fr\/wp-json\/wp\/v2\/reporting_designer?post=40474"},{"taxonomy":"samplecomfabric","embeddable":true,"href":"https:\/\/theinvisiblecollection.com\/fr\/wp-json\/wp\/v2\/samplecomfabric?post=40474"},{"taxonomy":"clubroom_product_designer","embeddable":true,"href":"https:\/\/theinvisiblecollection.com\/fr\/wp-json\/wp\/v2\/designer_clubroom?post=40474"}],"curies":[{"name":"wp","href":"https:\/\/api.w.org\/{rel}","templated":true}]}}