{"id":40509,"date":"2025-02-20T12:38:26","date_gmt":"2025-02-20T12:38:26","guid":{"rendered":"https:\/\/www.theinvisiblecollection.com\/product\/the-art-of-interiors-anglais\/"},"modified":"2026-05-01T07:39:42","modified_gmt":"2026-05-01T07:39:42","slug":"the-art-of-interiors-anglais","status":"publish","type":"product","link":"https:\/\/theinvisiblecollection.com\/fr\/produit\/the-art-of-interiors-anglais\/","title":{"rendered":"The Art of Interiors (Anglais)"},"content":{"rendered":"<p style=\"text-align: justify;\">Nomm\u00e9 par Architectural Digest comme un &#8221; talent \u00e0 ne pas manquer &#8220;, Charles Zana a eu une carri\u00e8re prestigieuse de plus de vingt ans qui l&#8217;a amen\u00e9 \u00e0 Londres, Gstaad, Tel Aviv, Monaco, et \u00e0 concevoir des espaces empreints de son esth\u00e9tique moderne, intemporelle et unique. En fusionnant des \u00e9clats de couleurs judicieusement plac\u00e9s, des meubles et des \u0153uvres d&#8217;art, et des touches luxueuses mais toujours habitables, l&#8217;architecte parisien cr\u00e9e des espaces uniques r\u00e9put\u00e9s pour leur structure saisissante et leur po\u00e9sie visuelle riche.<br \/>\nDans cette premi\u00e8re monographie, Zana pr\u00e9sente magnifiquement son travail dans les sph\u00e8res r\u00e9sidentielles et commerciales, comme des villas aux lignes \u00e9pur\u00e9es et aux espaces lumineux, des appartements parisiens d&#8217;avant-garde, des showrooms d\u00e9finis par un m\u00e9lange sans effort de d\u00e9tails traditionnels dans un espace industriel et raffin\u00e9. Somptueusement illustr\u00e9 de deux cents photographies en couleur qui capturent v\u00e9ritablement le style cultiv\u00e9 de Zana, ce volume est un ajout essentiel \u00e0 toute biblioth\u00e8que de design d&#8217;int\u00e9rieur.<\/p>\n","protected":false},"excerpt":{"rendered":"<p>Publi\u00e9 par Rizzoli International Publications<br \/>\nR\u00e9dig\u00e9 par Charles Zana, pr\u00e9face par Andrea Branzi<br \/>\nTexte par Marion Vignal<br \/>\n5 Septembre 2018<br \/>\nLangue : Anglais<br \/>\nCouverture rigide<br \/>\n240 pages<\/p>\n<p>L 25,7 x l 33,4 x H 3,5 cm<\/p>\n","protected":false},"featured_media":1203642,"template":"","meta":{"_acf_changed":false,"content-type":"","_themeisle_gutenberg_block_has_review":false},"product_brand":[],"product_cat":[12532,7517,12509,12531],"product_tag":[35206,8997,9140,9686],"product_designer":[8871],"comfabric":[],"manufacturer":[16819],"reporting_designer":[37682],"samplecomfabric":[],"designer_clubroom":[],"class_list":{"0":"post-40509","1":"product","2":"type-product","3":"status-publish","4":"has-post-thumbnail","6":"product_cat-accessoires-de-bureau","7":"product_cat-deco-fr","8":"product_cat-livres","9":"product_cat-objets-de-decoration","10":"product_tag-exclusive-fr","11":"product_tag-livre","12":"product_tag-charles-zana-fr-3","13":"product_tag-rizzoli-fr-fr","14":"product_shipping_class-mmairo-2-3-fr","15":"product_designer-charles-zana-fr","16":"manufacturer-amazon-uk-fr","17":"reporting_designer-charles-zana","19":"first","20":"instock","21":"taxable","22":"shipping-taxable","23":"purchasable","24":"product-type-simple"},"acf":[],"_links":{"self":[{"href":"https:\/\/theinvisiblecollection.com\/fr\/wp-json\/wp\/v2\/product\/40509","targetHints":{"allow":["GET"]}}],"collection":[{"href":"https:\/\/theinvisiblecollection.com\/fr\/wp-json\/wp\/v2\/product"}],"about":[{"href":"https:\/\/theinvisiblecollection.com\/fr\/wp-json\/wp\/v2\/types\/product"}],"wp:featuredmedia":[{"embeddable":true,"href":"https:\/\/theinvisiblecollection.com\/fr\/wp-json\/wp\/v2\/media\/1203642"}],"wp:attachment":[{"href":"https:\/\/theinvisiblecollection.com\/fr\/wp-json\/wp\/v2\/media?parent=40509"}],"wp:term":[{"taxonomy":"product_brand","embeddable":true,"href":"https:\/\/theinvisiblecollection.com\/fr\/wp-json\/wp\/v2\/product_brand?post=40509"},{"taxonomy":"product_cat","embeddable":true,"href":"https:\/\/theinvisiblecollection.com\/fr\/wp-json\/wp\/v2\/product_cat?post=40509"},{"taxonomy":"product_tag","embeddable":true,"href":"https:\/\/theinvisiblecollection.com\/fr\/wp-json\/wp\/v2\/product_tag?post=40509"},{"taxonomy":"product_designer","embeddable":true,"href":"https:\/\/theinvisiblecollection.com\/fr\/wp-json\/wp\/v2\/product_designer?post=40509"},{"taxonomy":"comfabric","embeddable":true,"href":"https:\/\/theinvisiblecollection.com\/fr\/wp-json\/wp\/v2\/comfabric?post=40509"},{"taxonomy":"manufacturer","embeddable":true,"href":"https:\/\/theinvisiblecollection.com\/fr\/wp-json\/wp\/v2\/manufacturer?post=40509"},{"taxonomy":"reporting_designer","embeddable":true,"href":"https:\/\/theinvisiblecollection.com\/fr\/wp-json\/wp\/v2\/reporting_designer?post=40509"},{"taxonomy":"samplecomfabric","embeddable":true,"href":"https:\/\/theinvisiblecollection.com\/fr\/wp-json\/wp\/v2\/samplecomfabric?post=40509"},{"taxonomy":"clubroom_product_designer","embeddable":true,"href":"https:\/\/theinvisiblecollection.com\/fr\/wp-json\/wp\/v2\/designer_clubroom?post=40509"}],"curies":[{"name":"wp","href":"https:\/\/api.w.org\/{rel}","templated":true}]}}