{"id":40515,"date":"2017-07-11T00:00:00","date_gmt":"2017-07-10T23:00:00","guid":{"rendered":"https:\/\/www.theinvisiblecollection.com\/product\/totem-onyx-gueridon\/"},"modified":"2026-05-15T05:04:21","modified_gmt":"2026-05-15T05:04:21","slug":"totem-onyx-gueridon","status":"publish","type":"product","link":"https:\/\/theinvisiblecollection.com\/fr\/produit\/totem-onyx-gueridon\/","title":{"rendered":"Totem Onyx Gu\u00e9ridon"},"content":{"rendered":"<p>Design &#8211; Karen Chekerdjian<br \/>\n\u00c9dition limit\u00e9e &#8211; 19 pi\u00e8ces<\/p>\n<p>Couleur et mati\u00e8re, forme et ligne.\u00a0Avec une base cylindrique et une pointe interchangeable orient\u00e9e vers le sol ou le ciel, la cr\u00e9ation de Karen Chekerdjian est l&#8217;inspiration divine d&#8217;un objet design.<\/p>\n","protected":false},"excerpt":{"rendered":"<p>Table basse en onyx blanc poli<\/p>\n<p>D\u00a042 x H 62 cm<\/p>\n<p>Fabriqu\u00e9e \u00e0 la main en Italie<br \/>\nD\u00e9lais de production : 8 semaines<\/p>\n<p class=\"p1\"><span class=\"s1\"><a href=\"https:\/\/www.theinvisiblecollection.com\/fr\/demande-de-devis\/?product_id=40515\">Contactez-nous pour toute demande de devis ou de renseignements<\/a><\/span><\/p><\/p>\n","protected":false},"featured_media":59418,"template":"","meta":{"_acf_changed":false,"content-type":"","_themeisle_gutenberg_block_has_review":false},"product_brand":[],"product_cat":[12332,12503,12514],"product_tag":[10355,11257,12734,31474],"product_designer":[8892,8905],"comfabric":[],"manufacturer":[16732],"reporting_designer":[37664],"samplecomfabric":[],"designer_clubroom":[],"class_list":{"0":"post-40515","1":"product","2":"type-product","3":"status-publish","4":"has-post-thumbnail","6":"product_cat-tables-dappoint","7":"product_cat-tables-fr","8":"product_cat-tables-de-chevet","9":"product_tag-iconique","10":"product_tag-karen-chekerdjian-fr-2","11":"product_tag-superstar-fr","12":"product_tag-co-white-fr","13":"product_shipping_class-mmairo-70kg-fr","14":"product_designer-mmairo-fr","15":"product_designer-karen-chekerdjian-fr","16":"manufacturer-mmairo-fr","17":"reporting_designer-mmairo","19":"first","20":"instock","21":"taxable","22":"shipping-taxable","23":"purchasable","24":"product-type-simple"},"acf":[],"_links":{"self":[{"href":"https:\/\/theinvisiblecollection.com\/fr\/wp-json\/wp\/v2\/product\/40515","targetHints":{"allow":["GET"]}}],"collection":[{"href":"https:\/\/theinvisiblecollection.com\/fr\/wp-json\/wp\/v2\/product"}],"about":[{"href":"https:\/\/theinvisiblecollection.com\/fr\/wp-json\/wp\/v2\/types\/product"}],"wp:featuredmedia":[{"embeddable":true,"href":"https:\/\/theinvisiblecollection.com\/fr\/wp-json\/wp\/v2\/media\/59418"}],"wp:attachment":[{"href":"https:\/\/theinvisiblecollection.com\/fr\/wp-json\/wp\/v2\/media?parent=40515"}],"wp:term":[{"taxonomy":"product_brand","embeddable":true,"href":"https:\/\/theinvisiblecollection.com\/fr\/wp-json\/wp\/v2\/product_brand?post=40515"},{"taxonomy":"product_cat","embeddable":true,"href":"https:\/\/theinvisiblecollection.com\/fr\/wp-json\/wp\/v2\/product_cat?post=40515"},{"taxonomy":"product_tag","embeddable":true,"href":"https:\/\/theinvisiblecollection.com\/fr\/wp-json\/wp\/v2\/product_tag?post=40515"},{"taxonomy":"product_designer","embeddable":true,"href":"https:\/\/theinvisiblecollection.com\/fr\/wp-json\/wp\/v2\/product_designer?post=40515"},{"taxonomy":"comfabric","embeddable":true,"href":"https:\/\/theinvisiblecollection.com\/fr\/wp-json\/wp\/v2\/comfabric?post=40515"},{"taxonomy":"manufacturer","embeddable":true,"href":"https:\/\/theinvisiblecollection.com\/fr\/wp-json\/wp\/v2\/manufacturer?post=40515"},{"taxonomy":"reporting_designer","embeddable":true,"href":"https:\/\/theinvisiblecollection.com\/fr\/wp-json\/wp\/v2\/reporting_designer?post=40515"},{"taxonomy":"samplecomfabric","embeddable":true,"href":"https:\/\/theinvisiblecollection.com\/fr\/wp-json\/wp\/v2\/samplecomfabric?post=40515"},{"taxonomy":"clubroom_product_designer","embeddable":true,"href":"https:\/\/theinvisiblecollection.com\/fr\/wp-json\/wp\/v2\/designer_clubroom?post=40515"}],"curies":[{"name":"wp","href":"https:\/\/api.w.org\/{rel}","templated":true}]}}