{"id":40520,"date":"2017-06-14T00:00:00","date_gmt":"2017-06-13T23:00:00","guid":{"rendered":"https:\/\/www.theinvisiblecollection.com\/product\/tripods\/"},"modified":"2026-05-01T07:39:42","modified_gmt":"2026-05-01T07:39:42","slug":"tripods","status":"publish","type":"product","link":"https:\/\/theinvisiblecollection.com\/fr\/produit\/tripods\/","title":{"rendered":"Tripods"},"content":{"rendered":"<p>Un ensemble de trois assiettes d\u00e9coratives en gr\u00e8s. Enti\u00e8rement fabriqu\u00e9es\u00a0\u00e0 la main, chaque pi\u00e8ce est unique. Leurs couleurs et finitions peuvent varier l\u00e9g\u00e8rement d\u2019un objet \u00e0 l\u2019autre.<\/p>\n","protected":false},"excerpt":{"rendered":"<p>Gr\u00e8s brillant brun sable, gr\u00e8s martel\u00e9 mat brun noir \u00e0 l\u2019ext\u00e9rieur<br \/>\nCouleur : Gr\u00e8s brillant\u00a0brun sable<\/p>\n<p>Petit\u00a0: \u00a011 x 22,5 cm<br \/>\nMoyen\u00a0: 11,7 x 27 cm<br \/>\nGrand\u00a0: 14 x 30 cm<\/p>\n<p>D\u00e9lais de fabrication : 10 \u2014 12 semaines<\/p>\n<p class=\"p1\"><span class=\"s1\"><a href=\"https:\/\/www.theinvisiblecollection.com\/fr\/contact-produit\/?product_id=40520\">Contactez-nous pour toute demande de devis ou de renseignements<\/a><\/span><\/p><\/p>\n","protected":false},"featured_media":116152,"template":"","meta":{"_acf_changed":false,"content-type":"","_themeisle_gutenberg_block_has_review":false},"product_brand":[],"product_cat":[12531,7517,10549],"product_tag":[10140,31477],"product_designer":[8895],"comfabric":[],"manufacturer":[31525],"reporting_designer":[37724],"samplecomfabric":[],"designer_clubroom":[],"class_list":{"0":"post-40520","1":"product","2":"type-product","3":"status-publish","4":"has-post-thumbnail","6":"product_cat-objets-de-decoration","7":"product_cat-deco-fr","8":"product_cat-mobilier-dexterieur","9":"product_tag-mobilier-exterieur-fr","10":"product_tag-st-curvy-fr","11":"product_designer-reda-amalou-fr","12":"manufacturer-dgms-fr","13":"reporting_designer-reda-amalou","15":"first","16":"instock","17":"taxable","18":"shipping-taxable","19":"purchasable","20":"product-type-simple"},"acf":[],"_links":{"self":[{"href":"https:\/\/theinvisiblecollection.com\/fr\/wp-json\/wp\/v2\/product\/40520","targetHints":{"allow":["GET"]}}],"collection":[{"href":"https:\/\/theinvisiblecollection.com\/fr\/wp-json\/wp\/v2\/product"}],"about":[{"href":"https:\/\/theinvisiblecollection.com\/fr\/wp-json\/wp\/v2\/types\/product"}],"wp:featuredmedia":[{"embeddable":true,"href":"https:\/\/theinvisiblecollection.com\/fr\/wp-json\/wp\/v2\/media\/116152"}],"wp:attachment":[{"href":"https:\/\/theinvisiblecollection.com\/fr\/wp-json\/wp\/v2\/media?parent=40520"}],"wp:term":[{"taxonomy":"product_brand","embeddable":true,"href":"https:\/\/theinvisiblecollection.com\/fr\/wp-json\/wp\/v2\/product_brand?post=40520"},{"taxonomy":"product_cat","embeddable":true,"href":"https:\/\/theinvisiblecollection.com\/fr\/wp-json\/wp\/v2\/product_cat?post=40520"},{"taxonomy":"product_tag","embeddable":true,"href":"https:\/\/theinvisiblecollection.com\/fr\/wp-json\/wp\/v2\/product_tag?post=40520"},{"taxonomy":"product_designer","embeddable":true,"href":"https:\/\/theinvisiblecollection.com\/fr\/wp-json\/wp\/v2\/product_designer?post=40520"},{"taxonomy":"comfabric","embeddable":true,"href":"https:\/\/theinvisiblecollection.com\/fr\/wp-json\/wp\/v2\/comfabric?post=40520"},{"taxonomy":"manufacturer","embeddable":true,"href":"https:\/\/theinvisiblecollection.com\/fr\/wp-json\/wp\/v2\/manufacturer?post=40520"},{"taxonomy":"reporting_designer","embeddable":true,"href":"https:\/\/theinvisiblecollection.com\/fr\/wp-json\/wp\/v2\/reporting_designer?post=40520"},{"taxonomy":"samplecomfabric","embeddable":true,"href":"https:\/\/theinvisiblecollection.com\/fr\/wp-json\/wp\/v2\/samplecomfabric?post=40520"},{"taxonomy":"clubroom_product_designer","embeddable":true,"href":"https:\/\/theinvisiblecollection.com\/fr\/wp-json\/wp\/v2\/designer_clubroom?post=40520"}],"curies":[{"name":"wp","href":"https:\/\/api.w.org\/{rel}","templated":true}]}}