{"id":40521,"date":"2019-03-29T00:00:00","date_gmt":"2019-03-28T23:00:00","guid":{"rendered":"https:\/\/www.theinvisiblecollection.com\/product\/trois-cuilleres\/"},"modified":"2026-05-08T04:40:54","modified_gmt":"2026-05-08T04:40:54","slug":"osanna-visconti-trois-cuilleres","status":"publish","type":"product","link":"https:\/\/theinvisiblecollection.com\/fr\/produit\/osanna-visconti-trois-cuilleres\/","title":{"rendered":"Set Trois Cuill\u00e8res \u00c0 Caf\u00e9"},"content":{"rendered":"","protected":false},"excerpt":{"rendered":"<p>Argent et bronze naturels, sculpt\u00e9s gr\u00e2ce \u00e0 la technique de la cire perdue<br \/>\nChaque pi\u00e8ce est unique<br \/>\nDimensions et mat\u00e9riaux sur-mesure sur demande<\/p>\n<p>L 10 x l 1,5 cm<\/p>\n<p>Fabriqu\u00e9e \u00e0 la main en Italie<br \/>\nD\u00e9lais de fabrication : 12 &#8211; 14 semaines<\/p>\n<p><a href=\"https:\/\/www.theinvisiblecollection.com\/fr\/demande-de-devis\/?product_id=35655\" target=\"_blank\" rel=\"noopener noreferrer\">Contactez-nous pour toute demande de devis ou de renseignements<\/a><\/p>\n","protected":false},"featured_media":2601707,"template":"","meta":{"_acf_changed":false,"content-type":"","_themeisle_gutenberg_block_has_review":false},"product_brand":[],"product_cat":[7517,12535,19981,19985],"product_tag":[8953,9681],"product_designer":[8873],"comfabric":[],"manufacturer":[20001],"reporting_designer":[37502],"samplecomfabric":[],"designer_clubroom":[],"class_list":{"0":"post-40521","1":"product","2":"type-product","3":"status-publish","4":"has-post-thumbnail","6":"product_cat-deco-fr","7":"product_cat-arts-de-la-table","8":"product_cat-art-de-la-table","9":"product_cat-couverts","10":"product_tag-salle-a-manger","11":"product_tag-osanna-visconti-fr-fr","12":"product_designer-osanna-visconti-fr","13":"manufacturer-osanna-visconti-gallery-fr","14":"reporting_designer-osanna-visconti","16":"first","17":"instock","18":"taxable","19":"shipping-taxable","20":"product-type-variable"},"acf":[],"_links":{"self":[{"href":"https:\/\/theinvisiblecollection.com\/fr\/wp-json\/wp\/v2\/product\/40521","targetHints":{"allow":["GET"]}}],"collection":[{"href":"https:\/\/theinvisiblecollection.com\/fr\/wp-json\/wp\/v2\/product"}],"about":[{"href":"https:\/\/theinvisiblecollection.com\/fr\/wp-json\/wp\/v2\/types\/product"}],"wp:featuredmedia":[{"embeddable":true,"href":"https:\/\/theinvisiblecollection.com\/fr\/wp-json\/wp\/v2\/media\/2601707"}],"wp:attachment":[{"href":"https:\/\/theinvisiblecollection.com\/fr\/wp-json\/wp\/v2\/media?parent=40521"}],"wp:term":[{"taxonomy":"product_brand","embeddable":true,"href":"https:\/\/theinvisiblecollection.com\/fr\/wp-json\/wp\/v2\/product_brand?post=40521"},{"taxonomy":"product_cat","embeddable":true,"href":"https:\/\/theinvisiblecollection.com\/fr\/wp-json\/wp\/v2\/product_cat?post=40521"},{"taxonomy":"product_tag","embeddable":true,"href":"https:\/\/theinvisiblecollection.com\/fr\/wp-json\/wp\/v2\/product_tag?post=40521"},{"taxonomy":"product_designer","embeddable":true,"href":"https:\/\/theinvisiblecollection.com\/fr\/wp-json\/wp\/v2\/product_designer?post=40521"},{"taxonomy":"comfabric","embeddable":true,"href":"https:\/\/theinvisiblecollection.com\/fr\/wp-json\/wp\/v2\/comfabric?post=40521"},{"taxonomy":"manufacturer","embeddable":true,"href":"https:\/\/theinvisiblecollection.com\/fr\/wp-json\/wp\/v2\/manufacturer?post=40521"},{"taxonomy":"reporting_designer","embeddable":true,"href":"https:\/\/theinvisiblecollection.com\/fr\/wp-json\/wp\/v2\/reporting_designer?post=40521"},{"taxonomy":"samplecomfabric","embeddable":true,"href":"https:\/\/theinvisiblecollection.com\/fr\/wp-json\/wp\/v2\/samplecomfabric?post=40521"},{"taxonomy":"clubroom_product_designer","embeddable":true,"href":"https:\/\/theinvisiblecollection.com\/fr\/wp-json\/wp\/v2\/designer_clubroom?post=40521"}],"curies":[{"name":"wp","href":"https:\/\/api.w.org\/{rel}","templated":true}]}}