{"id":40534,"date":"2016-05-06T00:00:00","date_gmt":"2016-05-05T23:00:00","guid":{"rendered":"https:\/\/www.theinvisiblecollection.com\/product\/vase-alabastros\/"},"modified":"2026-05-08T04:40:54","modified_gmt":"2026-05-08T04:40:54","slug":"csbl-studio-vase-alabastros","status":"publish","type":"product","link":"https:\/\/theinvisiblecollection.com\/fr\/produit\/csbl-studio-vase-alabastros\/","title":{"rendered":"Vase Alabastros"},"content":{"rendered":"<p>Les vases de CSLB Studio sont faits de cristal de verre mis au point dans leur atelier. Brillant ou mat, blanc ou noir, ce cristal de verre opalin, proche de l\u2019alb\u00e2tre, diffuse et adoucit la lumi\u00e8re de mani\u00e8re unique.<\/p>\n","protected":false},"excerpt":{"rendered":"<p>Par Laurent Bourgois<br \/>\nCristal souffl\u00e9 \u00e0 la bouche et fa\u00e7onn\u00e9 main<br \/>\nFinitions : Cristal blanc ou noir, brillant ou mat<\/p>\n<p>Small : H 20 x L 20 cm<br \/>\nMedium : H 35 x L 20 cm<\/p>\n<p>Fabrication artisanale fran\u00e7aise<br \/>\nD\u00e9lais de production : 6 semaines<br \/>\n<a href=\"https:\/\/www.theinvisiblecollection.com\/request-a-quote\/?product_id=40534\">Contactez-nous pour toute demande de devis ou de renseignements\u00a0<\/a><\/p>\n","protected":false},"featured_media":101296,"template":"","meta":{"_acf_changed":false,"content-type":"","_themeisle_gutenberg_block_has_review":false},"product_brand":[],"product_cat":[7517,12531,12537],"product_tag":[8993,9046,9260,9261,9264,9406,9407,9449],"product_designer":[8898],"comfabric":[],"manufacturer":[16870],"reporting_designer":[37354],"samplecomfabric":[],"designer_clubroom":[],"class_list":{"0":"post-40534","1":"product","2":"type-product","3":"status-publish","4":"has-post-thumbnail","6":"product_cat-deco-fr","7":"product_cat-objets-de-decoration","8":"product_cat-vases","9":"product_tag-salon","10":"product_tag-art-de-la-table","11":"product_tag-plante","12":"product_tag-vase-fr-2","13":"product_tag-fleurs","14":"product_tag-cslb-fr","15":"product_tag-cslb-studio","16":"product_tag-laurent-bourgois-fr","17":"pa_color-blanc-fr","18":"pa_color-noir-fr","19":"pa_finish-brillante","20":"pa_finish-mate","21":"pa_size-moyen","22":"pa_size-petit","23":"product_designer-cslb-studio-fr","24":"manufacturer-cslb-studio-fr","25":"reporting_designer-cslb-studio","27":"first","28":"instock","29":"taxable","30":"shipping-taxable","31":"purchasable","32":"product-type-variable"},"acf":[],"_links":{"self":[{"href":"https:\/\/theinvisiblecollection.com\/fr\/wp-json\/wp\/v2\/product\/40534","targetHints":{"allow":["GET"]}}],"collection":[{"href":"https:\/\/theinvisiblecollection.com\/fr\/wp-json\/wp\/v2\/product"}],"about":[{"href":"https:\/\/theinvisiblecollection.com\/fr\/wp-json\/wp\/v2\/types\/product"}],"wp:featuredmedia":[{"embeddable":true,"href":"https:\/\/theinvisiblecollection.com\/fr\/wp-json\/wp\/v2\/media\/101296"}],"wp:attachment":[{"href":"https:\/\/theinvisiblecollection.com\/fr\/wp-json\/wp\/v2\/media?parent=40534"}],"wp:term":[{"taxonomy":"product_brand","embeddable":true,"href":"https:\/\/theinvisiblecollection.com\/fr\/wp-json\/wp\/v2\/product_brand?post=40534"},{"taxonomy":"product_cat","embeddable":true,"href":"https:\/\/theinvisiblecollection.com\/fr\/wp-json\/wp\/v2\/product_cat?post=40534"},{"taxonomy":"product_tag","embeddable":true,"href":"https:\/\/theinvisiblecollection.com\/fr\/wp-json\/wp\/v2\/product_tag?post=40534"},{"taxonomy":"product_designer","embeddable":true,"href":"https:\/\/theinvisiblecollection.com\/fr\/wp-json\/wp\/v2\/product_designer?post=40534"},{"taxonomy":"comfabric","embeddable":true,"href":"https:\/\/theinvisiblecollection.com\/fr\/wp-json\/wp\/v2\/comfabric?post=40534"},{"taxonomy":"manufacturer","embeddable":true,"href":"https:\/\/theinvisiblecollection.com\/fr\/wp-json\/wp\/v2\/manufacturer?post=40534"},{"taxonomy":"reporting_designer","embeddable":true,"href":"https:\/\/theinvisiblecollection.com\/fr\/wp-json\/wp\/v2\/reporting_designer?post=40534"},{"taxonomy":"samplecomfabric","embeddable":true,"href":"https:\/\/theinvisiblecollection.com\/fr\/wp-json\/wp\/v2\/samplecomfabric?post=40534"},{"taxonomy":"clubroom_product_designer","embeddable":true,"href":"https:\/\/theinvisiblecollection.com\/fr\/wp-json\/wp\/v2\/designer_clubroom?post=40534"}],"curies":[{"name":"wp","href":"https:\/\/api.w.org\/{rel}","templated":true}]}}