{"id":40540,"date":"2019-05-22T00:00:00","date_gmt":"2019-05-21T23:00:00","guid":{"rendered":"https:\/\/www.theinvisiblecollection.com\/product\/vase-capua\/"},"modified":"2026-05-01T07:39:42","modified_gmt":"2026-05-01T07:39:42","slug":"vase-capua","status":"publish","type":"product","link":"https:\/\/theinvisiblecollection.com\/fr\/produit\/vase-capua\/","title":{"rendered":"Vase Capua"},"content":{"rendered":"<p>Design par\u00a0Ivan Colominas<\/p>\n","protected":false},"excerpt":{"rendered":"<p>Sur l\u2019image, vase en marbre Nero Marquina<br \/>\nDimensions et mat\u00e9riaux sur-mesure sur demande<\/p>\n<p>Deux dimensions disponibles :<br \/>\nMedium : L 23.5 x H 19 cm<br \/>\nLarge :\u00a0L 32 x H 19 cm<\/p>\n<p>R\u00e9alis\u00e9 \u00e0 la main en Italie<br \/>\nD\u00e9lais de production : 6 semaines<\/p>\n<p><span style=\"text-decoration: underline;\"><a href=\"https:\/\/www.theinvisiblecollection.com\/fr\/demande-de-devis\/?product_id=40540\">Contactez-nous pour toute demande de devis ou de renseignements<\/a><\/span><\/p>\n","protected":false},"featured_media":629076,"template":"","meta":{"_acf_changed":false,"content-type":"","_themeisle_gutenberg_block_has_review":false},"product_brand":[],"product_cat":[12537,7517,12531],"product_tag":[9019,9030,9261,10401,10870,31477,8993,9016],"product_designer":[8892,10662],"comfabric":[],"manufacturer":[16732],"reporting_designer":[37663,37882],"samplecomfabric":[],"designer_clubroom":[],"class_list":{"0":"post-40540","1":"product","2":"type-product","3":"status-publish","4":"has-post-thumbnail","6":"product_cat-vases","7":"product_cat-deco-fr","8":"product_cat-objets-de-decoration","9":"product_tag-cuisine","10":"product_tag-marbre-fr-2","11":"product_tag-vase-fr-2","12":"product_tag-mmairo","13":"product_tag-ivan-colominas-fr-fr","14":"product_tag-st-curvy-fr","15":"product_tag-salon","16":"product_tag-chambre-fr-2","17":"pa_size-grand-fr","18":"pa_size-moyenne-l-70-x-l-82-x-h-41-cm","19":"product_designer-mmairo-fr","20":"product_designer-ivan-colominas-fr","21":"manufacturer-mmairo-fr","22":"reporting_designer-mmairo","23":"reporting_designer-ivan-colominas","25":"first","26":"instock","27":"taxable","28":"shipping-taxable","29":"purchasable","30":"product-type-variable"},"acf":[],"_links":{"self":[{"href":"https:\/\/theinvisiblecollection.com\/fr\/wp-json\/wp\/v2\/product\/40540","targetHints":{"allow":["GET"]}}],"collection":[{"href":"https:\/\/theinvisiblecollection.com\/fr\/wp-json\/wp\/v2\/product"}],"about":[{"href":"https:\/\/theinvisiblecollection.com\/fr\/wp-json\/wp\/v2\/types\/product"}],"wp:featuredmedia":[{"embeddable":true,"href":"https:\/\/theinvisiblecollection.com\/fr\/wp-json\/wp\/v2\/media\/629076"}],"wp:attachment":[{"href":"https:\/\/theinvisiblecollection.com\/fr\/wp-json\/wp\/v2\/media?parent=40540"}],"wp:term":[{"taxonomy":"product_brand","embeddable":true,"href":"https:\/\/theinvisiblecollection.com\/fr\/wp-json\/wp\/v2\/product_brand?post=40540"},{"taxonomy":"product_cat","embeddable":true,"href":"https:\/\/theinvisiblecollection.com\/fr\/wp-json\/wp\/v2\/product_cat?post=40540"},{"taxonomy":"product_tag","embeddable":true,"href":"https:\/\/theinvisiblecollection.com\/fr\/wp-json\/wp\/v2\/product_tag?post=40540"},{"taxonomy":"product_designer","embeddable":true,"href":"https:\/\/theinvisiblecollection.com\/fr\/wp-json\/wp\/v2\/product_designer?post=40540"},{"taxonomy":"comfabric","embeddable":true,"href":"https:\/\/theinvisiblecollection.com\/fr\/wp-json\/wp\/v2\/comfabric?post=40540"},{"taxonomy":"manufacturer","embeddable":true,"href":"https:\/\/theinvisiblecollection.com\/fr\/wp-json\/wp\/v2\/manufacturer?post=40540"},{"taxonomy":"reporting_designer","embeddable":true,"href":"https:\/\/theinvisiblecollection.com\/fr\/wp-json\/wp\/v2\/reporting_designer?post=40540"},{"taxonomy":"samplecomfabric","embeddable":true,"href":"https:\/\/theinvisiblecollection.com\/fr\/wp-json\/wp\/v2\/samplecomfabric?post=40540"},{"taxonomy":"clubroom_product_designer","embeddable":true,"href":"https:\/\/theinvisiblecollection.com\/fr\/wp-json\/wp\/v2\/designer_clubroom?post=40540"}],"curies":[{"name":"wp","href":"https:\/\/api.w.org\/{rel}","templated":true}]}}