{"id":40548,"date":"2019-05-23T00:00:00","date_gmt":"2019-05-22T23:00:00","guid":{"rendered":"https:\/\/www.theinvisiblecollection.com\/product\/vase-inside-out-nero-marquina\/"},"modified":"2026-05-01T07:39:42","modified_gmt":"2026-05-01T07:39:42","slug":"vase-inside-out-nero-marquina","status":"publish","type":"product","link":"https:\/\/theinvisiblecollection.com\/fr\/produit\/vase-inside-out-nero-marquina\/","title":{"rendered":"Vase Inside Out Nero Marquina"},"content":{"rendered":"<p>Design par\u00a0Karen Chekerdjian<\/p>\n","protected":false},"excerpt":{"rendered":"<p>Sur l\u2019image, vase en marbre Nero Marquina<br \/>\nDimensions et mat\u00e9riaux sur mesure sur demande<\/p>\n<p>\u2205 8 x H 24 cm<\/p>\n<p>R\u00e9alis\u00e9 \u00e0 la main en Italie<br \/>\nD\u00e9lais de production : 6 semaines<\/p>\n<p><span style=\"text-decoration: underline;\"><a href=\"https:\/\/www.theinvisiblecollection.com\/fr\/demande-de-devis\/?product_id=40548\">Contactez-nous pour toute demande de devis ou de renseignements<\/a><\/span><\/p>\n","protected":false},"featured_media":81108,"template":"","meta":{"_acf_changed":false,"content-type":"","_themeisle_gutenberg_block_has_review":false},"product_brand":[],"product_cat":[7517,12531,12537],"product_tag":[8993,9016,9019,9030,9261,10401,11257,31474],"product_designer":[8892,8905],"comfabric":[],"manufacturer":[16732],"reporting_designer":[37664],"samplecomfabric":[],"designer_clubroom":[],"class_list":{"0":"post-40548","1":"product","2":"type-product","3":"status-publish","4":"has-post-thumbnail","6":"product_cat-deco-fr","7":"product_cat-objets-de-decoration","8":"product_cat-vases","9":"product_tag-salon","10":"product_tag-chambre-fr-2","11":"product_tag-cuisine","12":"product_tag-marbre-fr-2","13":"product_tag-vase-fr-2","14":"product_tag-mmairo","15":"product_tag-karen-chekerdjian-fr-2","16":"product_tag-co-white-fr","17":"pa_material-marbre-nero-marquina-fr","18":"product_designer-mmairo-fr","19":"product_designer-karen-chekerdjian-fr","20":"manufacturer-mmairo-fr","21":"reporting_designer-mmairo","23":"first","24":"instock","25":"taxable","26":"shipping-taxable","27":"purchasable","28":"product-type-simple"},"acf":[],"_links":{"self":[{"href":"https:\/\/theinvisiblecollection.com\/fr\/wp-json\/wp\/v2\/product\/40548","targetHints":{"allow":["GET"]}}],"collection":[{"href":"https:\/\/theinvisiblecollection.com\/fr\/wp-json\/wp\/v2\/product"}],"about":[{"href":"https:\/\/theinvisiblecollection.com\/fr\/wp-json\/wp\/v2\/types\/product"}],"wp:featuredmedia":[{"embeddable":true,"href":"https:\/\/theinvisiblecollection.com\/fr\/wp-json\/wp\/v2\/media\/81108"}],"wp:attachment":[{"href":"https:\/\/theinvisiblecollection.com\/fr\/wp-json\/wp\/v2\/media?parent=40548"}],"wp:term":[{"taxonomy":"product_brand","embeddable":true,"href":"https:\/\/theinvisiblecollection.com\/fr\/wp-json\/wp\/v2\/product_brand?post=40548"},{"taxonomy":"product_cat","embeddable":true,"href":"https:\/\/theinvisiblecollection.com\/fr\/wp-json\/wp\/v2\/product_cat?post=40548"},{"taxonomy":"product_tag","embeddable":true,"href":"https:\/\/theinvisiblecollection.com\/fr\/wp-json\/wp\/v2\/product_tag?post=40548"},{"taxonomy":"product_designer","embeddable":true,"href":"https:\/\/theinvisiblecollection.com\/fr\/wp-json\/wp\/v2\/product_designer?post=40548"},{"taxonomy":"comfabric","embeddable":true,"href":"https:\/\/theinvisiblecollection.com\/fr\/wp-json\/wp\/v2\/comfabric?post=40548"},{"taxonomy":"manufacturer","embeddable":true,"href":"https:\/\/theinvisiblecollection.com\/fr\/wp-json\/wp\/v2\/manufacturer?post=40548"},{"taxonomy":"reporting_designer","embeddable":true,"href":"https:\/\/theinvisiblecollection.com\/fr\/wp-json\/wp\/v2\/reporting_designer?post=40548"},{"taxonomy":"samplecomfabric","embeddable":true,"href":"https:\/\/theinvisiblecollection.com\/fr\/wp-json\/wp\/v2\/samplecomfabric?post=40548"},{"taxonomy":"clubroom_product_designer","embeddable":true,"href":"https:\/\/theinvisiblecollection.com\/fr\/wp-json\/wp\/v2\/designer_clubroom?post=40548"}],"curies":[{"name":"wp","href":"https:\/\/api.w.org\/{rel}","templated":true}]}}