{"id":40560,"date":"2019-11-06T00:00:00","date_gmt":"2019-11-05T23:00:00","guid":{"rendered":"https:\/\/www.theinvisiblecollection.com\/product\/vases-enso\/"},"modified":"2026-05-01T07:39:42","modified_gmt":"2026-05-01T07:39:42","slug":"gustavo-neves-vases-enso","status":"publish","type":"product","link":"https:\/\/theinvisiblecollection.com\/fr\/produit\/gustavo-neves-vases-enso\/","title":{"rendered":"Paire De Vases Enso"},"content":{"rendered":"","protected":false},"excerpt":{"rendered":"<p>\u00c9dition limit\u00e9e de 8 pi\u00e8ces + 4 preuves d\u2019artiste<br \/>\nVases en bronze<\/p>\n<p>Vase 1 : L 13 x l 8 x H 60 cm<br \/>\nVase 2 : L 13 x l 8 x H 61 cm<\/p>\n<p>Fabriqu\u00e9s \u00e0 la main au Br\u00e9sil<br \/>\nD\u00e9lais de production : 20 &#8211; 24 semaines<\/p>\n<p><span style=\"text-decoration: underline;\"><a href=\"https:\/\/www.theinvisiblecollection.com\/fr\/demande-de-devis\/?product_id=40560\">Contactez-nous pour toute demande de devis ou de renseignements<\/a><\/span><\/p>\n","protected":false},"featured_media":81038,"template":"","meta":{"_acf_changed":false,"content-type":"","_themeisle_gutenberg_block_has_review":false},"product_brand":[],"product_cat":[7517,12531,12537],"product_tag":[9058,9261,9315,11334,11335,11337,33319],"product_designer":[8926],"comfabric":[],"manufacturer":[16887],"reporting_designer":[37166],"samplecomfabric":[],"designer_clubroom":[],"class_list":{"0":"post-40560","1":"product","2":"type-product","3":"status-publish","4":"has-post-thumbnail","6":"product_cat-deco-fr","7":"product_cat-objets-de-decoration","8":"product_cat-vases","9":"product_tag-bronze-fr-2","10":"product_tag-vase-fr-2","11":"product_tag-enso-fr","12":"product_tag-eco-friendly-fr","13":"product_tag-eco-design","14":"product_tag-durable","15":"product_tag-edition-limitee","16":"product_designer-gustavo-neves-fr","17":"manufacturer-gustavo-neves-showroom-fr","18":"reporting_designer-gustavo-neves","20":"first","21":"instock","22":"taxable","23":"shipping-taxable","24":"purchasable","25":"product-type-variable"},"acf":[],"_links":{"self":[{"href":"https:\/\/theinvisiblecollection.com\/fr\/wp-json\/wp\/v2\/product\/40560","targetHints":{"allow":["GET"]}}],"collection":[{"href":"https:\/\/theinvisiblecollection.com\/fr\/wp-json\/wp\/v2\/product"}],"about":[{"href":"https:\/\/theinvisiblecollection.com\/fr\/wp-json\/wp\/v2\/types\/product"}],"wp:featuredmedia":[{"embeddable":true,"href":"https:\/\/theinvisiblecollection.com\/fr\/wp-json\/wp\/v2\/media\/81038"}],"wp:attachment":[{"href":"https:\/\/theinvisiblecollection.com\/fr\/wp-json\/wp\/v2\/media?parent=40560"}],"wp:term":[{"taxonomy":"product_brand","embeddable":true,"href":"https:\/\/theinvisiblecollection.com\/fr\/wp-json\/wp\/v2\/product_brand?post=40560"},{"taxonomy":"product_cat","embeddable":true,"href":"https:\/\/theinvisiblecollection.com\/fr\/wp-json\/wp\/v2\/product_cat?post=40560"},{"taxonomy":"product_tag","embeddable":true,"href":"https:\/\/theinvisiblecollection.com\/fr\/wp-json\/wp\/v2\/product_tag?post=40560"},{"taxonomy":"product_designer","embeddable":true,"href":"https:\/\/theinvisiblecollection.com\/fr\/wp-json\/wp\/v2\/product_designer?post=40560"},{"taxonomy":"comfabric","embeddable":true,"href":"https:\/\/theinvisiblecollection.com\/fr\/wp-json\/wp\/v2\/comfabric?post=40560"},{"taxonomy":"manufacturer","embeddable":true,"href":"https:\/\/theinvisiblecollection.com\/fr\/wp-json\/wp\/v2\/manufacturer?post=40560"},{"taxonomy":"reporting_designer","embeddable":true,"href":"https:\/\/theinvisiblecollection.com\/fr\/wp-json\/wp\/v2\/reporting_designer?post=40560"},{"taxonomy":"samplecomfabric","embeddable":true,"href":"https:\/\/theinvisiblecollection.com\/fr\/wp-json\/wp\/v2\/samplecomfabric?post=40560"},{"taxonomy":"clubroom_product_designer","embeddable":true,"href":"https:\/\/theinvisiblecollection.com\/fr\/wp-json\/wp\/v2\/designer_clubroom?post=40560"}],"curies":[{"name":"wp","href":"https:\/\/api.w.org\/{rel}","templated":true}]}}