{"id":4073743,"date":"2023-10-23T20:11:36","date_gmt":"2023-10-23T19:11:36","guid":{"rendered":"https:\/\/theinvisiblecollection.com\/?post_type=product&#038;p=4073743"},"modified":"2026-05-08T04:39:08","modified_gmt":"2026-05-08T04:39:08","slug":"smythson-clubroom-cahier-soho-smythson-x-invisible-collection-bleu-marine","status":"publish","type":"product","link":"https:\/\/theinvisiblecollection.com\/fr\/produit\/smythson-clubroom-cahier-soho-smythson-x-invisible-collection-bleu-marine\/","title":{"rendered":"Cahier Soho Smythson x Invisible Collection Bleu Marine"},"content":{"rendered":"<p style=\"text-align: justify;\">Le carnet Soho est fabriqu\u00e9 \u00e0 la main en Angleterre \u00e0 partir des cuirs les plus raffin\u00e9s et compos\u00e9 de 192 pages en papier poids plume bleu p\u00e2le dor\u00e9es sur la tranche embl\u00e9matique de Smythson. Pratique et luxueux, ce carnet de format moyen vous accompagnera partout, au bureau comme dans votre sac \u00e0 main.<\/p>\n","protected":false},"excerpt":{"rendered":"<ul>\n<li>Cahier reli\u00e9 en cuir d\u2019agneau textur\u00e9<\/li>\n<li>Papier poids plume ultra-l\u00e9ger bleu p\u00e2le et dor\u00e9 sur la tranche, 192 feuilles<\/li>\n<li>Pages avec lignes<\/li>\n<\/ul>\n","protected":false},"featured_media":4073738,"template":"","meta":{"_acf_changed":false,"content-type":"","_themeisle_gutenberg_block_has_review":false},"product_brand":[],"product_cat":[19973,19974],"product_tag":[22790],"product_designer":[],"comfabric":[],"manufacturer":[25467],"reporting_designer":[],"samplecomfabric":[],"designer_clubroom":[25469],"class_list":{"0":"post-4073743","1":"product","2":"type-product","3":"status-publish","4":"has-post-thumbnail","6":"clubroom_taxonomies-gift-room","7":"product_cat-accessoires-pour-la-maison","8":"product_cat-papeterie-et-accessoires-de-bureau","9":"product_tag-disponible-immediatement","10":"manufacturer-smythson-fr","11":"clubroom_product_designer-smythson-fr","12":"exhibitions-paris-fr","14":"first","15":"instock","16":"taxable","17":"shipping-taxable","18":"purchasable","19":"product-type-simple"},"acf":[],"_links":{"self":[{"href":"https:\/\/theinvisiblecollection.com\/fr\/wp-json\/wp\/v2\/product\/4073743","targetHints":{"allow":["GET"]}}],"collection":[{"href":"https:\/\/theinvisiblecollection.com\/fr\/wp-json\/wp\/v2\/product"}],"about":[{"href":"https:\/\/theinvisiblecollection.com\/fr\/wp-json\/wp\/v2\/types\/product"}],"wp:featuredmedia":[{"embeddable":true,"href":"https:\/\/theinvisiblecollection.com\/fr\/wp-json\/wp\/v2\/media\/4073738"}],"wp:attachment":[{"href":"https:\/\/theinvisiblecollection.com\/fr\/wp-json\/wp\/v2\/media?parent=4073743"}],"wp:term":[{"taxonomy":"product_brand","embeddable":true,"href":"https:\/\/theinvisiblecollection.com\/fr\/wp-json\/wp\/v2\/product_brand?post=4073743"},{"taxonomy":"product_cat","embeddable":true,"href":"https:\/\/theinvisiblecollection.com\/fr\/wp-json\/wp\/v2\/product_cat?post=4073743"},{"taxonomy":"product_tag","embeddable":true,"href":"https:\/\/theinvisiblecollection.com\/fr\/wp-json\/wp\/v2\/product_tag?post=4073743"},{"taxonomy":"product_designer","embeddable":true,"href":"https:\/\/theinvisiblecollection.com\/fr\/wp-json\/wp\/v2\/product_designer?post=4073743"},{"taxonomy":"comfabric","embeddable":true,"href":"https:\/\/theinvisiblecollection.com\/fr\/wp-json\/wp\/v2\/comfabric?post=4073743"},{"taxonomy":"manufacturer","embeddable":true,"href":"https:\/\/theinvisiblecollection.com\/fr\/wp-json\/wp\/v2\/manufacturer?post=4073743"},{"taxonomy":"reporting_designer","embeddable":true,"href":"https:\/\/theinvisiblecollection.com\/fr\/wp-json\/wp\/v2\/reporting_designer?post=4073743"},{"taxonomy":"samplecomfabric","embeddable":true,"href":"https:\/\/theinvisiblecollection.com\/fr\/wp-json\/wp\/v2\/samplecomfabric?post=4073743"},{"taxonomy":"clubroom_product_designer","embeddable":true,"href":"https:\/\/theinvisiblecollection.com\/fr\/wp-json\/wp\/v2\/designer_clubroom?post=4073743"}],"curies":[{"name":"wp","href":"https:\/\/api.w.org\/{rel}","templated":true}]}}