{"id":4176682,"date":"2023-11-21T10:51:29","date_gmt":"2023-11-21T09:51:29","guid":{"rendered":"https:\/\/theinvisiblecollection.com\/?post_type=product&#038;p=4176682"},"modified":"2026-05-01T07:37:54","modified_gmt":"2026-05-01T07:37:54","slug":"le-berre-vevaud-table-basse-arcibaldo","status":"publish","type":"product","link":"https:\/\/theinvisiblecollection.com\/fr\/produit\/le-berre-vevaud-table-basse-arcibaldo\/","title":{"rendered":"Table Basse Arcibaldo"},"content":{"rendered":"<p style=\"text-align: justify;\">La table basse Archibald par Le Berre Vevaud offre un design \u00e9quilibr\u00e9 et contemporain. Son pi\u00e8tement et sa boule sont en ch\u00eane bross\u00e9, tandis que son socle est en marbre marquina. Le plateau en verre pr\u00e9sente un chant bomb\u00e9, ajoutant une touche de l\u00e9g\u00e8ret\u00e9 et de sophistication \u00e0 l&#8217;ensemble.<\/p>\n","protected":false},"excerpt":{"rendered":"<p>Table avec plateau en ch\u00eane noir bross\u00e9 et marbre Lilac adouci<br \/>\nPi\u00e8tement en acier laqu\u00e9 \u00e9poxy brillant, couleur Aubergine<\/p>\n<p>L 120 x l 220 x H 73 cm<\/p>\n<p>Fabriqu\u00e9e \u00e0 la main en France<br \/>\nD\u00e9lais de fabrication : 12 semaines<\/p>\n<p><span style=\"text-decoration: underline;\"><a href=\"https:\/\/www.theinvisiblecollection.com\/fr\/demande-de-devis\/?product_id=870206\" target=\"_blank\" rel=\"noopener\">Contactez-nous pour toute demande de devis ou de renseignement<\/a><\/span><\/p>\n","protected":false},"featured_media":4180079,"template":"","meta":{"_acf_changed":false,"content-type":"","_themeisle_gutenberg_block_has_review":false},"product_brand":[],"product_cat":[7509,12503],"product_tag":[7435,14925],"product_designer":[8868],"comfabric":[],"manufacturer":[35599],"reporting_designer":[37160],"samplecomfabric":[],"designer_clubroom":[],"class_list":{"0":"post-4176682","1":"product","2":"type-product","3":"status-publish","4":"has-post-thumbnail","6":"product_cat-tables-basses-dappoint","7":"product_cat-tables-fr","8":"product_tag-new-in-fr","9":"product_tag-hpfav-fr","10":"product_designer-le-berre-vevaud-fr","11":"manufacturer-le-berre-vevaud-oficinna-22-pt-fr","12":"reporting_designer-le-berre-vevaud","14":"first","15":"instock","16":"taxable","17":"shipping-taxable","18":"purchasable","19":"product-type-simple"},"acf":[],"_links":{"self":[{"href":"https:\/\/theinvisiblecollection.com\/fr\/wp-json\/wp\/v2\/product\/4176682","targetHints":{"allow":["GET"]}}],"collection":[{"href":"https:\/\/theinvisiblecollection.com\/fr\/wp-json\/wp\/v2\/product"}],"about":[{"href":"https:\/\/theinvisiblecollection.com\/fr\/wp-json\/wp\/v2\/types\/product"}],"wp:featuredmedia":[{"embeddable":true,"href":"https:\/\/theinvisiblecollection.com\/fr\/wp-json\/wp\/v2\/media\/4180079"}],"wp:attachment":[{"href":"https:\/\/theinvisiblecollection.com\/fr\/wp-json\/wp\/v2\/media?parent=4176682"}],"wp:term":[{"taxonomy":"product_brand","embeddable":true,"href":"https:\/\/theinvisiblecollection.com\/fr\/wp-json\/wp\/v2\/product_brand?post=4176682"},{"taxonomy":"product_cat","embeddable":true,"href":"https:\/\/theinvisiblecollection.com\/fr\/wp-json\/wp\/v2\/product_cat?post=4176682"},{"taxonomy":"product_tag","embeddable":true,"href":"https:\/\/theinvisiblecollection.com\/fr\/wp-json\/wp\/v2\/product_tag?post=4176682"},{"taxonomy":"product_designer","embeddable":true,"href":"https:\/\/theinvisiblecollection.com\/fr\/wp-json\/wp\/v2\/product_designer?post=4176682"},{"taxonomy":"comfabric","embeddable":true,"href":"https:\/\/theinvisiblecollection.com\/fr\/wp-json\/wp\/v2\/comfabric?post=4176682"},{"taxonomy":"manufacturer","embeddable":true,"href":"https:\/\/theinvisiblecollection.com\/fr\/wp-json\/wp\/v2\/manufacturer?post=4176682"},{"taxonomy":"reporting_designer","embeddable":true,"href":"https:\/\/theinvisiblecollection.com\/fr\/wp-json\/wp\/v2\/reporting_designer?post=4176682"},{"taxonomy":"samplecomfabric","embeddable":true,"href":"https:\/\/theinvisiblecollection.com\/fr\/wp-json\/wp\/v2\/samplecomfabric?post=4176682"},{"taxonomy":"clubroom_product_designer","embeddable":true,"href":"https:\/\/theinvisiblecollection.com\/fr\/wp-json\/wp\/v2\/designer_clubroom?post=4176682"}],"curies":[{"name":"wp","href":"https:\/\/api.w.org\/{rel}","templated":true}]}}