{"id":4179470,"date":"2023-10-30T15:39:02","date_gmt":"2023-10-30T14:39:02","guid":{"rendered":"https:\/\/theinvisiblecollection.com\/?post_type=product&#038;p=4179470"},"modified":"2026-05-08T04:39:08","modified_gmt":"2026-05-08T04:39:08","slug":"cslb-studio-bureau-philippe","status":"publish","type":"product","link":"https:\/\/theinvisiblecollection.com\/fr\/produit\/cslb-studio-bureau-philippe\/","title":{"rendered":"Bureau Philippe"},"content":{"rendered":"<p style=\"text-align: justify;\">Le bureau Philippe dessin\u00e9 par CLSB Studio est une r\u00e9interpr\u00e9tation dans un mat\u00e9riau qui nous est cher, le ch\u00eane goug\u00e9, de l&#8217;univers formel des grands architectes que sont Frank Loyd Wright et Walter Gropius.<\/p>\n","protected":false},"excerpt":{"rendered":"<p>Le bureau Philippe dessin\u00e9 par CLSB Studio est une r\u00e9interpr\u00e9tation dans un mat\u00e9riau qui nous est cher, le ch\u00eane goug\u00e9, de l&#8217;univers formel des grands architectes que sont Frank Loyd Wright et Walter Gropius.<\/p>\n","protected":false},"featured_media":4179514,"template":"","meta":{"_acf_changed":false,"content-type":"","_themeisle_gutenberg_block_has_review":false},"product_brand":[],"product_cat":[7704,12503],"product_tag":[8855,9407,9639],"product_designer":[8898],"comfabric":[],"manufacturer":[16870],"reporting_designer":[37354],"samplecomfabric":[],"designer_clubroom":[],"class_list":{"0":"post-4179470","1":"product","2":"type-product","3":"status-publish","4":"has-post-thumbnail","6":"product_cat-bureaux-fr","7":"product_cat-tables-fr","8":"product_tag-table-fr-3","9":"product_tag-cslb-studio","10":"product_tag-bureau-fr","11":"product_designer-cslb-studio-fr","12":"manufacturer-cslb-studio-fr","13":"reporting_designer-cslb-studio","15":"first","16":"instock","17":"taxable","18":"shipping-taxable","19":"purchasable","20":"product-type-simple"},"acf":[],"_links":{"self":[{"href":"https:\/\/theinvisiblecollection.com\/fr\/wp-json\/wp\/v2\/product\/4179470","targetHints":{"allow":["GET"]}}],"collection":[{"href":"https:\/\/theinvisiblecollection.com\/fr\/wp-json\/wp\/v2\/product"}],"about":[{"href":"https:\/\/theinvisiblecollection.com\/fr\/wp-json\/wp\/v2\/types\/product"}],"wp:featuredmedia":[{"embeddable":true,"href":"https:\/\/theinvisiblecollection.com\/fr\/wp-json\/wp\/v2\/media\/4179514"}],"wp:attachment":[{"href":"https:\/\/theinvisiblecollection.com\/fr\/wp-json\/wp\/v2\/media?parent=4179470"}],"wp:term":[{"taxonomy":"product_brand","embeddable":true,"href":"https:\/\/theinvisiblecollection.com\/fr\/wp-json\/wp\/v2\/product_brand?post=4179470"},{"taxonomy":"product_cat","embeddable":true,"href":"https:\/\/theinvisiblecollection.com\/fr\/wp-json\/wp\/v2\/product_cat?post=4179470"},{"taxonomy":"product_tag","embeddable":true,"href":"https:\/\/theinvisiblecollection.com\/fr\/wp-json\/wp\/v2\/product_tag?post=4179470"},{"taxonomy":"product_designer","embeddable":true,"href":"https:\/\/theinvisiblecollection.com\/fr\/wp-json\/wp\/v2\/product_designer?post=4179470"},{"taxonomy":"comfabric","embeddable":true,"href":"https:\/\/theinvisiblecollection.com\/fr\/wp-json\/wp\/v2\/comfabric?post=4179470"},{"taxonomy":"manufacturer","embeddable":true,"href":"https:\/\/theinvisiblecollection.com\/fr\/wp-json\/wp\/v2\/manufacturer?post=4179470"},{"taxonomy":"reporting_designer","embeddable":true,"href":"https:\/\/theinvisiblecollection.com\/fr\/wp-json\/wp\/v2\/reporting_designer?post=4179470"},{"taxonomy":"samplecomfabric","embeddable":true,"href":"https:\/\/theinvisiblecollection.com\/fr\/wp-json\/wp\/v2\/samplecomfabric?post=4179470"},{"taxonomy":"clubroom_product_designer","embeddable":true,"href":"https:\/\/theinvisiblecollection.com\/fr\/wp-json\/wp\/v2\/designer_clubroom?post=4179470"}],"curies":[{"name":"wp","href":"https:\/\/api.w.org\/{rel}","templated":true}]}}