{"id":4179609,"date":"2023-10-30T15:43:09","date_gmt":"2023-10-30T14:43:09","guid":{"rendered":"https:\/\/theinvisiblecollection.com\/?post_type=product&#038;p=4179609"},"modified":"2026-05-01T07:37:54","modified_gmt":"2026-05-01T07:37:54","slug":"cslb-studio-table-dappoint-octagonale","status":"publish","type":"product","link":"https:\/\/theinvisiblecollection.com\/fr\/produit\/cslb-studio-table-dappoint-octagonale\/","title":{"rendered":"Table D&#8217;appoint Octagonale"},"content":{"rendered":"<p style=\"text-align: justify;\">La table d&#8217;appoint Octogonale dessin\u00e9 par CSLB Studio est une r\u00e9f\u00e9rence au mobilier de jardin des ann\u00e9es 40 et 50 qui allie souvent le fer battu et les carreaux de c\u00e9ramique.<\/p>\n","protected":false},"excerpt":{"rendered":"<p>Caroline Sarkozy pour CSLB Studio<br \/>\nPieds en fer martel\u00e9 ou laiton fa\u00e7on Sprintz, plateau en bois recouvert de marqueterie de paille<\/p>\n<p>2 parties<br \/>\nL110 x l 55 x H 33,5 cm<br \/>\nL 130 x l 65 x H 38 cm<\/p>\n<p>R\u00e9alis\u00e9e \u00e0 la main en France<br \/>\nD\u00e9lais de fabrication : 8 semaines<\/p>\n<p><span style=\"text-decoration: underline;\"><a href=\"https:\/\/www.theinvisiblecollection.com\/fr\/demande-de-devis\/?product_id=39264\" target=\"_blank\" rel=\"noopener noreferrer\">Contactez-nous pour toute demande de devis ou de renseignements<\/a><\/span><\/p>\n","protected":false},"featured_media":4179818,"template":"","meta":{"_acf_changed":false,"content-type":"","_themeisle_gutenberg_block_has_review":false},"product_brand":[],"product_cat":[12332,12503],"product_tag":[8855,9066,9406,9407,9416],"product_designer":[8898],"comfabric":[],"manufacturer":[16870],"reporting_designer":[37354],"samplecomfabric":[],"designer_clubroom":[],"class_list":{"0":"post-4179609","1":"product","2":"type-product","3":"status-publish","4":"has-post-thumbnail","6":"product_cat-tables-dappoint","7":"product_cat-tables-fr","8":"product_tag-table-fr-3","9":"product_tag-table-basse","10":"product_tag-cslb-fr","11":"product_tag-cslb-studio","12":"product_tag-design-fr","13":"product_designer-cslb-studio-fr","14":"manufacturer-cslb-studio-fr","15":"reporting_designer-cslb-studio","17":"first","18":"instock","19":"taxable","20":"shipping-taxable","21":"purchasable","22":"product-type-variable"},"acf":[],"_links":{"self":[{"href":"https:\/\/theinvisiblecollection.com\/fr\/wp-json\/wp\/v2\/product\/4179609","targetHints":{"allow":["GET"]}}],"collection":[{"href":"https:\/\/theinvisiblecollection.com\/fr\/wp-json\/wp\/v2\/product"}],"about":[{"href":"https:\/\/theinvisiblecollection.com\/fr\/wp-json\/wp\/v2\/types\/product"}],"wp:featuredmedia":[{"embeddable":true,"href":"https:\/\/theinvisiblecollection.com\/fr\/wp-json\/wp\/v2\/media\/4179818"}],"wp:attachment":[{"href":"https:\/\/theinvisiblecollection.com\/fr\/wp-json\/wp\/v2\/media?parent=4179609"}],"wp:term":[{"taxonomy":"product_brand","embeddable":true,"href":"https:\/\/theinvisiblecollection.com\/fr\/wp-json\/wp\/v2\/product_brand?post=4179609"},{"taxonomy":"product_cat","embeddable":true,"href":"https:\/\/theinvisiblecollection.com\/fr\/wp-json\/wp\/v2\/product_cat?post=4179609"},{"taxonomy":"product_tag","embeddable":true,"href":"https:\/\/theinvisiblecollection.com\/fr\/wp-json\/wp\/v2\/product_tag?post=4179609"},{"taxonomy":"product_designer","embeddable":true,"href":"https:\/\/theinvisiblecollection.com\/fr\/wp-json\/wp\/v2\/product_designer?post=4179609"},{"taxonomy":"comfabric","embeddable":true,"href":"https:\/\/theinvisiblecollection.com\/fr\/wp-json\/wp\/v2\/comfabric?post=4179609"},{"taxonomy":"manufacturer","embeddable":true,"href":"https:\/\/theinvisiblecollection.com\/fr\/wp-json\/wp\/v2\/manufacturer?post=4179609"},{"taxonomy":"reporting_designer","embeddable":true,"href":"https:\/\/theinvisiblecollection.com\/fr\/wp-json\/wp\/v2\/reporting_designer?post=4179609"},{"taxonomy":"samplecomfabric","embeddable":true,"href":"https:\/\/theinvisiblecollection.com\/fr\/wp-json\/wp\/v2\/samplecomfabric?post=4179609"},{"taxonomy":"clubroom_product_designer","embeddable":true,"href":"https:\/\/theinvisiblecollection.com\/fr\/wp-json\/wp\/v2\/designer_clubroom?post=4179609"}],"curies":[{"name":"wp","href":"https:\/\/api.w.org\/{rel}","templated":true}]}}