{"id":4181658,"date":"2023-10-31T16:38:56","date_gmt":"2023-10-31T15:38:56","guid":{"rendered":"https:\/\/theinvisiblecollection.com\/?post_type=product&#038;p=4181658"},"modified":"2026-05-01T07:37:54","modified_gmt":"2026-05-01T07:37:54","slug":"clubroom-lars-nilsson-plat-en-ceramique-marine","status":"publish","type":"product","link":"https:\/\/theinvisiblecollection.com\/fr\/produit\/clubroom-lars-nilsson-plat-en-ceramique-marine\/","title":{"rendered":"Plat en C\u00e9ramique Marine"},"content":{"rendered":"<p style=\"text-align: justify;\"><span data-contrast=\"auto\">Les assiettes en c\u00e9ramique de Lars Nilsson c\u00e9l\u00e8brent la nature. S&#8217;inspirant de la flore et de la faune de la r\u00e9gion de Dalarna au fil des saisons, l\u2019artiste a combin\u00e9 des motifs ray\u00e9s et des palettes de couleurs qui \u00e9voquent le coucher de soleil sur le lac Siljan et ses reflets sur l&#8217;eau.<\/span><span data-ccp-props=\"{&quot;201341983&quot;:0,&quot;335559740&quot;:259}\"><br \/>\n<\/span><span data-contrast=\"auto\">Pour ces grandes assiettes en c\u00e9ramique, Lars Nilsson a utilis\u00e9 un outil ancien pour cr\u00e9er une empreinte ray\u00e9e dans l&#8217;argile qui a ensuite \u00e9t\u00e9 enti\u00e8rement peinte \u00e0 la main avec diff\u00e9rents embouts avant d&#8217;\u00eatre \u00e9maill\u00e9e.<\/span><\/p>\n","protected":false},"excerpt":{"rendered":"<ul>\n<li>Plat<\/li>\n<li>Pi\u00e8ce unique<\/li>\n<li>Composition : c\u00e9ramique \u00e9maill\u00e9e<\/li>\n<\/ul>\n","protected":false},"featured_media":4181700,"template":"","meta":{"_acf_changed":false,"content-type":"","_themeisle_gutenberg_block_has_review":false},"product_brand":[],"product_cat":[12535,19973,19981,19984],"product_tag":[22790,31477],"product_designer":[],"comfabric":[],"manufacturer":[17809],"reporting_designer":[],"samplecomfabric":[],"designer_clubroom":[20500],"class_list":{"0":"post-4181658","1":"product","2":"type-product","3":"status-publish","4":"has-post-thumbnail","6":"clubroom_taxonomies-gift-room","7":"product_cat-arts-de-la-table","8":"product_cat-accessoires-pour-la-maison","9":"product_cat-art-de-la-table","10":"product_cat-assiettes-et-plats","11":"product_tag-disponible-immediatement","12":"product_tag-st-curvy-fr","13":"manufacturer-lars-nilsson-fr","14":"clubroom_product_designer-lars-nilsson-fr","15":"exhibitions-paris-fr","17":"first","18":"instock","19":"taxable","20":"shipping-taxable","21":"purchasable","22":"product-type-simple"},"acf":[],"_links":{"self":[{"href":"https:\/\/theinvisiblecollection.com\/fr\/wp-json\/wp\/v2\/product\/4181658","targetHints":{"allow":["GET"]}}],"collection":[{"href":"https:\/\/theinvisiblecollection.com\/fr\/wp-json\/wp\/v2\/product"}],"about":[{"href":"https:\/\/theinvisiblecollection.com\/fr\/wp-json\/wp\/v2\/types\/product"}],"wp:featuredmedia":[{"embeddable":true,"href":"https:\/\/theinvisiblecollection.com\/fr\/wp-json\/wp\/v2\/media\/4181700"}],"wp:attachment":[{"href":"https:\/\/theinvisiblecollection.com\/fr\/wp-json\/wp\/v2\/media?parent=4181658"}],"wp:term":[{"taxonomy":"product_brand","embeddable":true,"href":"https:\/\/theinvisiblecollection.com\/fr\/wp-json\/wp\/v2\/product_brand?post=4181658"},{"taxonomy":"product_cat","embeddable":true,"href":"https:\/\/theinvisiblecollection.com\/fr\/wp-json\/wp\/v2\/product_cat?post=4181658"},{"taxonomy":"product_tag","embeddable":true,"href":"https:\/\/theinvisiblecollection.com\/fr\/wp-json\/wp\/v2\/product_tag?post=4181658"},{"taxonomy":"product_designer","embeddable":true,"href":"https:\/\/theinvisiblecollection.com\/fr\/wp-json\/wp\/v2\/product_designer?post=4181658"},{"taxonomy":"comfabric","embeddable":true,"href":"https:\/\/theinvisiblecollection.com\/fr\/wp-json\/wp\/v2\/comfabric?post=4181658"},{"taxonomy":"manufacturer","embeddable":true,"href":"https:\/\/theinvisiblecollection.com\/fr\/wp-json\/wp\/v2\/manufacturer?post=4181658"},{"taxonomy":"reporting_designer","embeddable":true,"href":"https:\/\/theinvisiblecollection.com\/fr\/wp-json\/wp\/v2\/reporting_designer?post=4181658"},{"taxonomy":"samplecomfabric","embeddable":true,"href":"https:\/\/theinvisiblecollection.com\/fr\/wp-json\/wp\/v2\/samplecomfabric?post=4181658"},{"taxonomy":"clubroom_product_designer","embeddable":true,"href":"https:\/\/theinvisiblecollection.com\/fr\/wp-json\/wp\/v2\/designer_clubroom?post=4181658"}],"curies":[{"name":"wp","href":"https:\/\/api.w.org\/{rel}","templated":true}]}}