{"id":4196899,"date":"2023-11-29T12:18:51","date_gmt":"2023-11-29T12:18:51","guid":{"rendered":"https:\/\/theinvisiblecollection.com\/?post_type=product&#038;p=4196899"},"modified":"2026-05-01T07:37:51","modified_gmt":"2026-05-01T07:37:51","slug":"banc-keeva-cuir","status":"publish","type":"product","link":"https:\/\/theinvisiblecollection.com\/fr\/produit\/banc-keeva-cuir\/","title":{"rendered":"Banc Keeva Cuir"},"content":{"rendered":"<p style=\"text-align: justify;\">Le banc Keeva Leather de Nish est \u00e0 la fois gracieux et discret avec quelque chose de subtilement impr\u00e9visible. Il peut \u00e0 la fois trouver sa place en toute autonomie dans un int\u00e9rieur ou bien s\u2019adapter \u00e0 d\u2019autres \u00e9l\u00e9ments d\u00e9j\u00e0 pr\u00e9sents tout en respectant la coh\u00e9rence du lieu.<\/p>\n","protected":false},"excerpt":{"rendered":"<p>Le banc Keeva Leather de Nish est \u00e0 la fois gracieux et discret avec quelque chose de subtilement impr\u00e9visible. Il peut \u00e0 la fois trouver sa place en toute autonomie dans un int\u00e9rieur ou bien s\u2019adapter \u00e0 d\u2019autres \u00e9l\u00e9ments d\u00e9j\u00e0 pr\u00e9sents tout en respectant la coh\u00e9rence du lieu.<\/p>\n","protected":false},"featured_media":4196890,"template":"","meta":{"_acf_changed":false,"content-type":"","_themeisle_gutenberg_block_has_review":false},"product_brand":[],"product_cat":[8947,12499],"product_tag":[33319],"product_designer":[25991],"comfabric":[],"manufacturer":[25989],"reporting_designer":[37210],"samplecomfabric":[],"designer_clubroom":[],"class_list":{"0":"post-4196899","1":"product","2":"type-product","3":"status-publish","4":"has-post-thumbnail","6":"product_cat-bancs","7":"product_cat-assises","8":"product_tag-edition-limitee","9":"product_designer-nish-design-fr","10":"manufacturer-nish-design-fr","11":"reporting_designer-nish-design","13":"first","14":"instock","15":"taxable","16":"shipping-taxable","17":"purchasable","18":"product-type-variable"},"acf":[],"_links":{"self":[{"href":"https:\/\/theinvisiblecollection.com\/fr\/wp-json\/wp\/v2\/product\/4196899","targetHints":{"allow":["GET"]}}],"collection":[{"href":"https:\/\/theinvisiblecollection.com\/fr\/wp-json\/wp\/v2\/product"}],"about":[{"href":"https:\/\/theinvisiblecollection.com\/fr\/wp-json\/wp\/v2\/types\/product"}],"wp:featuredmedia":[{"embeddable":true,"href":"https:\/\/theinvisiblecollection.com\/fr\/wp-json\/wp\/v2\/media\/4196890"}],"wp:attachment":[{"href":"https:\/\/theinvisiblecollection.com\/fr\/wp-json\/wp\/v2\/media?parent=4196899"}],"wp:term":[{"taxonomy":"product_brand","embeddable":true,"href":"https:\/\/theinvisiblecollection.com\/fr\/wp-json\/wp\/v2\/product_brand?post=4196899"},{"taxonomy":"product_cat","embeddable":true,"href":"https:\/\/theinvisiblecollection.com\/fr\/wp-json\/wp\/v2\/product_cat?post=4196899"},{"taxonomy":"product_tag","embeddable":true,"href":"https:\/\/theinvisiblecollection.com\/fr\/wp-json\/wp\/v2\/product_tag?post=4196899"},{"taxonomy":"product_designer","embeddable":true,"href":"https:\/\/theinvisiblecollection.com\/fr\/wp-json\/wp\/v2\/product_designer?post=4196899"},{"taxonomy":"comfabric","embeddable":true,"href":"https:\/\/theinvisiblecollection.com\/fr\/wp-json\/wp\/v2\/comfabric?post=4196899"},{"taxonomy":"manufacturer","embeddable":true,"href":"https:\/\/theinvisiblecollection.com\/fr\/wp-json\/wp\/v2\/manufacturer?post=4196899"},{"taxonomy":"reporting_designer","embeddable":true,"href":"https:\/\/theinvisiblecollection.com\/fr\/wp-json\/wp\/v2\/reporting_designer?post=4196899"},{"taxonomy":"samplecomfabric","embeddable":true,"href":"https:\/\/theinvisiblecollection.com\/fr\/wp-json\/wp\/v2\/samplecomfabric?post=4196899"},{"taxonomy":"clubroom_product_designer","embeddable":true,"href":"https:\/\/theinvisiblecollection.com\/fr\/wp-json\/wp\/v2\/designer_clubroom?post=4196899"}],"curies":[{"name":"wp","href":"https:\/\/api.w.org\/{rel}","templated":true}]}}