{"id":4226741,"date":"2023-11-21T16:25:53","date_gmt":"2023-11-21T15:25:53","guid":{"rendered":"https:\/\/theinvisiblecollection.com\/?post_type=product&#038;p=4226741"},"modified":"2026-05-01T07:37:51","modified_gmt":"2026-05-01T07:37:51","slug":"casa-cabana-set-de-6-verres-a-eau-balloton-ambre","status":"publish","type":"product","link":"https:\/\/theinvisiblecollection.com\/fr\/produit\/casa-cabana-set-de-6-verres-a-eau-balloton-ambre\/","title":{"rendered":"Set de 6 Verres \u00e0 eau Balloton Ambre"},"content":{"rendered":"","protected":false},"excerpt":{"rendered":"<ul>\n<li>Set de 6 verres \u00e0 eau souffl\u00e9s \u00e0 la main<\/li>\n<li>Composition : Verre de Murano<\/li>\n<\/ul>\n","protected":false},"featured_media":4226634,"template":"","meta":{"_acf_changed":false,"content-type":"","_themeisle_gutenberg_block_has_review":false},"product_brand":[],"product_cat":[19981,19986],"product_tag":[22790],"product_designer":[],"comfabric":[],"manufacturer":[17689],"reporting_designer":[],"samplecomfabric":[],"designer_clubroom":[20474],"class_list":{"0":"post-4226741","1":"product","2":"type-product","3":"status-publish","4":"has-post-thumbnail","6":"clubroom_taxonomies-gift-room","7":"product_cat-art-de-la-table","8":"product_cat-verres","9":"product_tag-disponible-immediatement","10":"manufacturer-casa-cabana-fr","11":"clubroom_product_designer-casa-cabana-fr","12":"exhibitions-paris-fr","14":"first","15":"instock","16":"taxable","17":"shipping-taxable","18":"purchasable","19":"product-type-simple"},"acf":[],"_links":{"self":[{"href":"https:\/\/theinvisiblecollection.com\/fr\/wp-json\/wp\/v2\/product\/4226741","targetHints":{"allow":["GET"]}}],"collection":[{"href":"https:\/\/theinvisiblecollection.com\/fr\/wp-json\/wp\/v2\/product"}],"about":[{"href":"https:\/\/theinvisiblecollection.com\/fr\/wp-json\/wp\/v2\/types\/product"}],"wp:featuredmedia":[{"embeddable":true,"href":"https:\/\/theinvisiblecollection.com\/fr\/wp-json\/wp\/v2\/media\/4226634"}],"wp:attachment":[{"href":"https:\/\/theinvisiblecollection.com\/fr\/wp-json\/wp\/v2\/media?parent=4226741"}],"wp:term":[{"taxonomy":"product_brand","embeddable":true,"href":"https:\/\/theinvisiblecollection.com\/fr\/wp-json\/wp\/v2\/product_brand?post=4226741"},{"taxonomy":"product_cat","embeddable":true,"href":"https:\/\/theinvisiblecollection.com\/fr\/wp-json\/wp\/v2\/product_cat?post=4226741"},{"taxonomy":"product_tag","embeddable":true,"href":"https:\/\/theinvisiblecollection.com\/fr\/wp-json\/wp\/v2\/product_tag?post=4226741"},{"taxonomy":"product_designer","embeddable":true,"href":"https:\/\/theinvisiblecollection.com\/fr\/wp-json\/wp\/v2\/product_designer?post=4226741"},{"taxonomy":"comfabric","embeddable":true,"href":"https:\/\/theinvisiblecollection.com\/fr\/wp-json\/wp\/v2\/comfabric?post=4226741"},{"taxonomy":"manufacturer","embeddable":true,"href":"https:\/\/theinvisiblecollection.com\/fr\/wp-json\/wp\/v2\/manufacturer?post=4226741"},{"taxonomy":"reporting_designer","embeddable":true,"href":"https:\/\/theinvisiblecollection.com\/fr\/wp-json\/wp\/v2\/reporting_designer?post=4226741"},{"taxonomy":"samplecomfabric","embeddable":true,"href":"https:\/\/theinvisiblecollection.com\/fr\/wp-json\/wp\/v2\/samplecomfabric?post=4226741"},{"taxonomy":"clubroom_product_designer","embeddable":true,"href":"https:\/\/theinvisiblecollection.com\/fr\/wp-json\/wp\/v2\/designer_clubroom?post=4226741"}],"curies":[{"name":"wp","href":"https:\/\/api.w.org\/{rel}","templated":true}]}}