{"id":4277716,"date":"2023-11-29T12:19:03","date_gmt":"2023-11-29T12:19:03","guid":{"rendered":"https:\/\/theinvisiblecollection.com\/?post_type=product&#038;p=4277716"},"modified":"2026-05-08T04:39:06","modified_gmt":"2026-05-08T04:39:06","slug":"nish-design-banc-keeva","status":"publish","type":"product","link":"https:\/\/theinvisiblecollection.com\/fr\/produit\/nish-design-banc-keeva\/","title":{"rendered":"Banc Keeva"},"content":{"rendered":"<p style=\"text-align: justify;\">Le banc Keeva de Nish est \u00e0 la fois gracieux et discret avec quelque chose de subtilement impr\u00e9visible. Il peut \u00e0 la fois trouver sa place en toute autonomie dans un int\u00e9rieur ou bien s\u2019adapter \u00e0 d\u2019autres \u00e9l\u00e9ments d\u00e9j\u00e0 pr\u00e9sents tout en respectant la coh\u00e9rence du lieu. Un design simple et pur qui peut \u00eatre personnalis\u00e9 selon la finition souhait\u00e9e en termes de s\u00e9lection du bois, de teinture ou de d\u00e9tails\/texture de la surface. Ce banc offrira une atmosph\u00e8re unique \u00e0 l&#8217;environnement dans lequel il est plac\u00e9<\/p>\n","protected":false},"excerpt":{"rendered":"<p>Le banc Keeva de Nish est \u00e0 la fois gracieux et discret avec quelque chose de subtilement impr\u00e9visible. Il peut \u00e0 la fois trouver sa place en toute autonomie dans un int\u00e9rieur ou bien s\u2019adapter \u00e0 d\u2019autres \u00e9l\u00e9ments d\u00e9j\u00e0 pr\u00e9sents tout en respectant la coh\u00e9rence du lieu. Un design simple et pur qui peut \u00eatre [&hellip;]<\/p>\n","protected":false},"featured_media":4329787,"template":"","meta":{"_acf_changed":false,"content-type":"","_themeisle_gutenberg_block_has_review":false},"product_brand":[],"product_cat":[8947,12499],"product_tag":[],"product_designer":[25991],"comfabric":[],"manufacturer":[25989],"reporting_designer":[37210],"samplecomfabric":[],"designer_clubroom":[],"class_list":{"0":"post-4277716","1":"product","2":"type-product","3":"status-publish","4":"has-post-thumbnail","6":"product_cat-bancs","7":"product_cat-assises","8":"product_designer-nish-design-fr","9":"manufacturer-nish-design-fr","10":"reporting_designer-nish-design","12":"first","13":"instock","14":"taxable","15":"shipping-taxable","16":"purchasable","17":"product-type-variable"},"acf":[],"_links":{"self":[{"href":"https:\/\/theinvisiblecollection.com\/fr\/wp-json\/wp\/v2\/product\/4277716","targetHints":{"allow":["GET"]}}],"collection":[{"href":"https:\/\/theinvisiblecollection.com\/fr\/wp-json\/wp\/v2\/product"}],"about":[{"href":"https:\/\/theinvisiblecollection.com\/fr\/wp-json\/wp\/v2\/types\/product"}],"wp:featuredmedia":[{"embeddable":true,"href":"https:\/\/theinvisiblecollection.com\/fr\/wp-json\/wp\/v2\/media\/4329787"}],"wp:attachment":[{"href":"https:\/\/theinvisiblecollection.com\/fr\/wp-json\/wp\/v2\/media?parent=4277716"}],"wp:term":[{"taxonomy":"product_brand","embeddable":true,"href":"https:\/\/theinvisiblecollection.com\/fr\/wp-json\/wp\/v2\/product_brand?post=4277716"},{"taxonomy":"product_cat","embeddable":true,"href":"https:\/\/theinvisiblecollection.com\/fr\/wp-json\/wp\/v2\/product_cat?post=4277716"},{"taxonomy":"product_tag","embeddable":true,"href":"https:\/\/theinvisiblecollection.com\/fr\/wp-json\/wp\/v2\/product_tag?post=4277716"},{"taxonomy":"product_designer","embeddable":true,"href":"https:\/\/theinvisiblecollection.com\/fr\/wp-json\/wp\/v2\/product_designer?post=4277716"},{"taxonomy":"comfabric","embeddable":true,"href":"https:\/\/theinvisiblecollection.com\/fr\/wp-json\/wp\/v2\/comfabric?post=4277716"},{"taxonomy":"manufacturer","embeddable":true,"href":"https:\/\/theinvisiblecollection.com\/fr\/wp-json\/wp\/v2\/manufacturer?post=4277716"},{"taxonomy":"reporting_designer","embeddable":true,"href":"https:\/\/theinvisiblecollection.com\/fr\/wp-json\/wp\/v2\/reporting_designer?post=4277716"},{"taxonomy":"samplecomfabric","embeddable":true,"href":"https:\/\/theinvisiblecollection.com\/fr\/wp-json\/wp\/v2\/samplecomfabric?post=4277716"},{"taxonomy":"clubroom_product_designer","embeddable":true,"href":"https:\/\/theinvisiblecollection.com\/fr\/wp-json\/wp\/v2\/designer_clubroom?post=4277716"}],"curies":[{"name":"wp","href":"https:\/\/api.w.org\/{rel}","templated":true}]}}