{"id":4277751,"date":"2023-11-29T12:18:58","date_gmt":"2023-11-29T12:18:58","guid":{"rendered":"https:\/\/theinvisiblecollection.com\/?post_type=product&#038;p=4277751"},"modified":"2026-05-01T07:37:51","modified_gmt":"2026-05-01T07:37:51","slug":"nish-design-banc-kyra","status":"publish","type":"product","link":"https:\/\/theinvisiblecollection.com\/fr\/produit\/nish-design-banc-kyra\/","title":{"rendered":"Banc Kyra"},"content":{"rendered":"<p style=\"text-align: justify;\">Le banc Kyra de Nish est un design fascinant avec beaucoup de potentiel. Cette pi\u00e8ce est d&#8217;une grande simplicit\u00e9 et d&#8217;une solidit\u00e9 \u00e0 toute \u00e9preuve. Choisissez votre bois, la texture de votre surface et la couleur de la lasure.<\/p>\n","protected":false},"excerpt":{"rendered":"<p>Le banc Kyra de Nish est un design fascinant avec beaucoup de potentiel. Cette pi\u00e8ce est d&#8217;une grande simplicit\u00e9 et d&#8217;une solidit\u00e9 \u00e0 toute \u00e9preuve. Choisissez votre bois, la texture de votre surface et la couleur de la lasure.<\/p>\n","protected":false},"featured_media":4277753,"template":"","meta":{"_acf_changed":false,"content-type":"","_themeisle_gutenberg_block_has_review":false},"product_brand":[],"product_cat":[8947,12499],"product_tag":[35326],"product_designer":[25991],"comfabric":[],"manufacturer":[25989],"reporting_designer":[37210],"samplecomfabric":[],"designer_clubroom":[],"class_list":{"0":"post-4277751","1":"product","2":"type-product","3":"status-publish","4":"has-post-thumbnail","6":"product_cat-bancs","7":"product_cat-assises","8":"product_tag-st-scandinavian-fr","9":"product_designer-nish-design-fr","10":"manufacturer-nish-design-fr","11":"reporting_designer-nish-design","13":"first","14":"instock","15":"taxable","16":"shipping-taxable","17":"purchasable","18":"product-type-variable"},"acf":[],"_links":{"self":[{"href":"https:\/\/theinvisiblecollection.com\/fr\/wp-json\/wp\/v2\/product\/4277751","targetHints":{"allow":["GET"]}}],"collection":[{"href":"https:\/\/theinvisiblecollection.com\/fr\/wp-json\/wp\/v2\/product"}],"about":[{"href":"https:\/\/theinvisiblecollection.com\/fr\/wp-json\/wp\/v2\/types\/product"}],"wp:featuredmedia":[{"embeddable":true,"href":"https:\/\/theinvisiblecollection.com\/fr\/wp-json\/wp\/v2\/media\/4277753"}],"wp:attachment":[{"href":"https:\/\/theinvisiblecollection.com\/fr\/wp-json\/wp\/v2\/media?parent=4277751"}],"wp:term":[{"taxonomy":"product_brand","embeddable":true,"href":"https:\/\/theinvisiblecollection.com\/fr\/wp-json\/wp\/v2\/product_brand?post=4277751"},{"taxonomy":"product_cat","embeddable":true,"href":"https:\/\/theinvisiblecollection.com\/fr\/wp-json\/wp\/v2\/product_cat?post=4277751"},{"taxonomy":"product_tag","embeddable":true,"href":"https:\/\/theinvisiblecollection.com\/fr\/wp-json\/wp\/v2\/product_tag?post=4277751"},{"taxonomy":"product_designer","embeddable":true,"href":"https:\/\/theinvisiblecollection.com\/fr\/wp-json\/wp\/v2\/product_designer?post=4277751"},{"taxonomy":"comfabric","embeddable":true,"href":"https:\/\/theinvisiblecollection.com\/fr\/wp-json\/wp\/v2\/comfabric?post=4277751"},{"taxonomy":"manufacturer","embeddable":true,"href":"https:\/\/theinvisiblecollection.com\/fr\/wp-json\/wp\/v2\/manufacturer?post=4277751"},{"taxonomy":"reporting_designer","embeddable":true,"href":"https:\/\/theinvisiblecollection.com\/fr\/wp-json\/wp\/v2\/reporting_designer?post=4277751"},{"taxonomy":"samplecomfabric","embeddable":true,"href":"https:\/\/theinvisiblecollection.com\/fr\/wp-json\/wp\/v2\/samplecomfabric?post=4277751"},{"taxonomy":"clubroom_product_designer","embeddable":true,"href":"https:\/\/theinvisiblecollection.com\/fr\/wp-json\/wp\/v2\/designer_clubroom?post=4277751"}],"curies":[{"name":"wp","href":"https:\/\/api.w.org\/{rel}","templated":true}]}}