{"id":4277819,"date":"2023-11-13T14:14:15","date_gmt":"2023-11-13T13:14:15","guid":{"rendered":"https:\/\/theinvisiblecollection.com\/?post_type=product&#038;p=4277819"},"modified":"2026-05-01T07:37:51","modified_gmt":"2026-05-01T07:37:51","slug":"noma-chaise-sen-recyclee","status":"publish","type":"product","link":"https:\/\/theinvisiblecollection.com\/fr\/produit\/noma-chaise-sen-recyclee\/","title":{"rendered":"Chaise Sen Recycl\u00e9e"},"content":{"rendered":"<p style=\"text-align: justify;\">Sen est une chaise empilable. Ce sont deux coques de plastique recycl\u00e9 ou multiplis de h\u00eatre teint\u00e9 sur une structure en fil d\u2019acier recycl\u00e9. \u00ab\u00a0La chaise Sen, est un fil de m\u00e9tal tendu comme une branche sur lequel se pose une feuille de bois. Un grand soin a \u00e9t\u00e9 port\u00e9 au confort et \u00e0 la posture.\u00a0\u00bb A+A Cooren<\/p>\n","protected":false},"excerpt":{"rendered":"<p>Design A+A Cooren<br \/>\nStructure en acier recycl\u00e9, dossier et si\u00e8ge en plastique recycl\u00e9 ou contreplaqu\u00e9<br \/>\nFinitions et couleurs disponibles en blanc, gris ou noir<br \/>\nAssise et dos en plastique recycl\u00e9 blanc, assise en h\u00eatre et dos en plastique recycl\u00e9 ou assise et dos en h\u00eatre<br \/>\nCouleurs et finitions sur-mesure, sur demande<\/p>\n<p>L 58 x l 53 x H 76 cm<br \/>\nHauteur d\u2019assise :\u00a044 cm<\/p>\n<p>Fabriqu\u00e9e \u00e0 la main en France et en Belgique<br \/>\nD\u00e9lais de production : 12 semaines<\/p>\n<p class=\"p1\"><span style=\"text-decoration: underline;\"><span class=\"s1\"><a href=\"https:\/\/www.theinvisiblecollection.com\/fr\/demande-de-devis\/?product_id=46365\">Contactez-nous pour toute demande de devis ou de renseignements<\/a><\/span><\/span><\/p>\n","protected":false},"featured_media":4277853,"template":"","meta":{"_acf_changed":false,"content-type":"","_themeisle_gutenberg_block_has_review":false},"product_brand":[],"product_cat":[8962,12499,13076],"product_tag":[8942,8953,9017,10159,10172,11334,11335,11337],"product_designer":[10118],"comfabric":[],"manufacturer":[25845],"reporting_designer":[37572],"samplecomfabric":[],"designer_clubroom":[],"class_list":{"0":"post-4277819","1":"product","2":"type-product","3":"status-publish","4":"has-post-thumbnail","6":"product_cat-chaises","7":"product_cat-assises","8":"product_cat-bureau-a-la-maison","9":"product_tag-assise","10":"product_tag-salle-a-manger","11":"product_tag-chaise","12":"product_tag-noma-editions-fr","13":"product_tag-salon-fr-3","14":"product_tag-eco-friendly-fr","15":"product_tag-eco-design","16":"product_tag-durable","17":"pa_choice-empilable","18":"pa_choice-non-empilable","19":"product_designer-noma-editions-fr","20":"manufacturer-noma-atelier-mhm-fr","21":"reporting_designer-noma-editions","23":"first","24":"instock","25":"taxable","26":"shipping-taxable","27":"purchasable","28":"product-type-variable"},"acf":[],"_links":{"self":[{"href":"https:\/\/theinvisiblecollection.com\/fr\/wp-json\/wp\/v2\/product\/4277819","targetHints":{"allow":["GET"]}}],"collection":[{"href":"https:\/\/theinvisiblecollection.com\/fr\/wp-json\/wp\/v2\/product"}],"about":[{"href":"https:\/\/theinvisiblecollection.com\/fr\/wp-json\/wp\/v2\/types\/product"}],"wp:featuredmedia":[{"embeddable":true,"href":"https:\/\/theinvisiblecollection.com\/fr\/wp-json\/wp\/v2\/media\/4277853"}],"wp:attachment":[{"href":"https:\/\/theinvisiblecollection.com\/fr\/wp-json\/wp\/v2\/media?parent=4277819"}],"wp:term":[{"taxonomy":"product_brand","embeddable":true,"href":"https:\/\/theinvisiblecollection.com\/fr\/wp-json\/wp\/v2\/product_brand?post=4277819"},{"taxonomy":"product_cat","embeddable":true,"href":"https:\/\/theinvisiblecollection.com\/fr\/wp-json\/wp\/v2\/product_cat?post=4277819"},{"taxonomy":"product_tag","embeddable":true,"href":"https:\/\/theinvisiblecollection.com\/fr\/wp-json\/wp\/v2\/product_tag?post=4277819"},{"taxonomy":"product_designer","embeddable":true,"href":"https:\/\/theinvisiblecollection.com\/fr\/wp-json\/wp\/v2\/product_designer?post=4277819"},{"taxonomy":"comfabric","embeddable":true,"href":"https:\/\/theinvisiblecollection.com\/fr\/wp-json\/wp\/v2\/comfabric?post=4277819"},{"taxonomy":"manufacturer","embeddable":true,"href":"https:\/\/theinvisiblecollection.com\/fr\/wp-json\/wp\/v2\/manufacturer?post=4277819"},{"taxonomy":"reporting_designer","embeddable":true,"href":"https:\/\/theinvisiblecollection.com\/fr\/wp-json\/wp\/v2\/reporting_designer?post=4277819"},{"taxonomy":"samplecomfabric","embeddable":true,"href":"https:\/\/theinvisiblecollection.com\/fr\/wp-json\/wp\/v2\/samplecomfabric?post=4277819"},{"taxonomy":"clubroom_product_designer","embeddable":true,"href":"https:\/\/theinvisiblecollection.com\/fr\/wp-json\/wp\/v2\/designer_clubroom?post=4277819"}],"curies":[{"name":"wp","href":"https:\/\/api.w.org\/{rel}","templated":true}]}}