{"id":4277863,"date":"2023-11-29T12:18:56","date_gmt":"2023-11-29T12:18:56","guid":{"rendered":"https:\/\/theinvisiblecollection.com\/?post_type=product&#038;p=4277863"},"modified":"2026-05-01T07:37:51","modified_gmt":"2026-05-01T07:37:51","slug":"nish-design-table-basse-neave","status":"publish","type":"product","link":"https:\/\/theinvisiblecollection.com\/fr\/produit\/nish-design-table-basse-neave\/","title":{"rendered":"Table Basse Neave"},"content":{"rendered":"<p style=\"text-align: justify;\">La table basse Neave de Nish est une pi\u00e8ce bien ancr\u00e9e qui trouve pleinement sa place dans un d\u00e9cor. Une pi\u00e8ce \u00e0 part enti\u00e8re, mais qui fonctionne aussi parfaitement lorsqu\u2019elle est associ\u00e9e \u00e0 d\u2019autres pi\u00e8ces d\u2019int\u00e9rieur.<\/p>\n","protected":false},"excerpt":{"rendered":"<p>La table basse Neave de Nish est une pi\u00e8ce bien ancr\u00e9e qui trouve pleinement sa place dans un d\u00e9cor. Une pi\u00e8ce \u00e0 part enti\u00e8re, mais qui fonctionne aussi parfaitement lorsqu\u2019elle est associ\u00e9e \u00e0 d\u2019autres pi\u00e8ces d\u2019int\u00e9rieur.<\/p>\n","protected":false},"featured_media":4329783,"template":"","meta":{"_acf_changed":false,"content-type":"","_themeisle_gutenberg_block_has_review":false},"product_brand":[],"product_cat":[7509,12503],"product_tag":[35326],"product_designer":[25991],"comfabric":[],"manufacturer":[25989],"reporting_designer":[37210],"samplecomfabric":[],"designer_clubroom":[],"class_list":{"0":"post-4277863","1":"product","2":"type-product","3":"status-publish","4":"has-post-thumbnail","6":"product_cat-tables-basses-dappoint","7":"product_cat-tables-fr","8":"product_tag-st-scandinavian-fr","9":"product_designer-nish-design-fr","10":"manufacturer-nish-design-fr","11":"reporting_designer-nish-design","13":"first","14":"instock","15":"taxable","16":"shipping-taxable","17":"purchasable","18":"product-type-variable"},"acf":[],"_links":{"self":[{"href":"https:\/\/theinvisiblecollection.com\/fr\/wp-json\/wp\/v2\/product\/4277863","targetHints":{"allow":["GET"]}}],"collection":[{"href":"https:\/\/theinvisiblecollection.com\/fr\/wp-json\/wp\/v2\/product"}],"about":[{"href":"https:\/\/theinvisiblecollection.com\/fr\/wp-json\/wp\/v2\/types\/product"}],"wp:featuredmedia":[{"embeddable":true,"href":"https:\/\/theinvisiblecollection.com\/fr\/wp-json\/wp\/v2\/media\/4329783"}],"wp:attachment":[{"href":"https:\/\/theinvisiblecollection.com\/fr\/wp-json\/wp\/v2\/media?parent=4277863"}],"wp:term":[{"taxonomy":"product_brand","embeddable":true,"href":"https:\/\/theinvisiblecollection.com\/fr\/wp-json\/wp\/v2\/product_brand?post=4277863"},{"taxonomy":"product_cat","embeddable":true,"href":"https:\/\/theinvisiblecollection.com\/fr\/wp-json\/wp\/v2\/product_cat?post=4277863"},{"taxonomy":"product_tag","embeddable":true,"href":"https:\/\/theinvisiblecollection.com\/fr\/wp-json\/wp\/v2\/product_tag?post=4277863"},{"taxonomy":"product_designer","embeddable":true,"href":"https:\/\/theinvisiblecollection.com\/fr\/wp-json\/wp\/v2\/product_designer?post=4277863"},{"taxonomy":"comfabric","embeddable":true,"href":"https:\/\/theinvisiblecollection.com\/fr\/wp-json\/wp\/v2\/comfabric?post=4277863"},{"taxonomy":"manufacturer","embeddable":true,"href":"https:\/\/theinvisiblecollection.com\/fr\/wp-json\/wp\/v2\/manufacturer?post=4277863"},{"taxonomy":"reporting_designer","embeddable":true,"href":"https:\/\/theinvisiblecollection.com\/fr\/wp-json\/wp\/v2\/reporting_designer?post=4277863"},{"taxonomy":"samplecomfabric","embeddable":true,"href":"https:\/\/theinvisiblecollection.com\/fr\/wp-json\/wp\/v2\/samplecomfabric?post=4277863"},{"taxonomy":"clubroom_product_designer","embeddable":true,"href":"https:\/\/theinvisiblecollection.com\/fr\/wp-json\/wp\/v2\/designer_clubroom?post=4277863"}],"curies":[{"name":"wp","href":"https:\/\/api.w.org\/{rel}","templated":true}]}}