{"id":4304479,"date":"2023-12-15T15:55:03","date_gmt":"2023-12-15T15:55:03","guid":{"rendered":"https:\/\/theinvisiblecollection.com\/?post_type=product&#038;p=4304479"},"modified":"2026-05-01T07:37:51","modified_gmt":"2026-05-01T07:37:51","slug":"le-chateau-de-ma-mere-assiette-pichon-a-dessert-rose","status":"publish","type":"product","link":"https:\/\/theinvisiblecollection.com\/fr\/produit\/le-chateau-de-ma-mere-assiette-pichon-a-dessert-rose\/","title":{"rendered":"Assiette Pichon \u00e0 Dessert Rose"},"content":{"rendered":"<p>Le feston octogonal et le liser\u00e9 en relief perl\u00e9 typiques du service iconique Maison Pichon Uz\u00e8s.<\/p>\n","protected":false},"excerpt":{"rendered":"<ul>\n<li>Assiette \u00e0 dessert<\/li>\n<li>Fabriqu\u00e9e \u00e0 la main \u00e0 Uz\u00e8s, Provence<\/li>\n<\/ul>\n","protected":false},"featured_media":4434297,"template":"","meta":{"_acf_changed":false,"content-type":"","_themeisle_gutenberg_block_has_review":false},"product_brand":[],"product_cat":[19973,19981,19984],"product_tag":[22790],"product_designer":[],"comfabric":[],"manufacturer":[25398],"reporting_designer":[],"samplecomfabric":[],"designer_clubroom":[25402],"class_list":{"0":"post-4304479","1":"product","2":"type-product","3":"status-publish","4":"has-post-thumbnail","6":"clubroom_taxonomies-gift-room","7":"product_cat-accessoires-pour-la-maison","8":"product_cat-art-de-la-table","9":"product_cat-assiettes-et-plats","10":"product_tag-disponible-immediatement","11":"manufacturer-le-chteau-de-ma-mre-fr","12":"clubroom_product_designer-le-chteau-de-ma-mre-fr","13":"exhibitions-new-york-fr","15":"first","16":"instock","17":"taxable","18":"shipping-taxable","19":"purchasable","20":"product-type-simple"},"acf":[],"_links":{"self":[{"href":"https:\/\/theinvisiblecollection.com\/fr\/wp-json\/wp\/v2\/product\/4304479","targetHints":{"allow":["GET"]}}],"collection":[{"href":"https:\/\/theinvisiblecollection.com\/fr\/wp-json\/wp\/v2\/product"}],"about":[{"href":"https:\/\/theinvisiblecollection.com\/fr\/wp-json\/wp\/v2\/types\/product"}],"wp:featuredmedia":[{"embeddable":true,"href":"https:\/\/theinvisiblecollection.com\/fr\/wp-json\/wp\/v2\/media\/4434297"}],"wp:attachment":[{"href":"https:\/\/theinvisiblecollection.com\/fr\/wp-json\/wp\/v2\/media?parent=4304479"}],"wp:term":[{"taxonomy":"product_brand","embeddable":true,"href":"https:\/\/theinvisiblecollection.com\/fr\/wp-json\/wp\/v2\/product_brand?post=4304479"},{"taxonomy":"product_cat","embeddable":true,"href":"https:\/\/theinvisiblecollection.com\/fr\/wp-json\/wp\/v2\/product_cat?post=4304479"},{"taxonomy":"product_tag","embeddable":true,"href":"https:\/\/theinvisiblecollection.com\/fr\/wp-json\/wp\/v2\/product_tag?post=4304479"},{"taxonomy":"product_designer","embeddable":true,"href":"https:\/\/theinvisiblecollection.com\/fr\/wp-json\/wp\/v2\/product_designer?post=4304479"},{"taxonomy":"comfabric","embeddable":true,"href":"https:\/\/theinvisiblecollection.com\/fr\/wp-json\/wp\/v2\/comfabric?post=4304479"},{"taxonomy":"manufacturer","embeddable":true,"href":"https:\/\/theinvisiblecollection.com\/fr\/wp-json\/wp\/v2\/manufacturer?post=4304479"},{"taxonomy":"reporting_designer","embeddable":true,"href":"https:\/\/theinvisiblecollection.com\/fr\/wp-json\/wp\/v2\/reporting_designer?post=4304479"},{"taxonomy":"samplecomfabric","embeddable":true,"href":"https:\/\/theinvisiblecollection.com\/fr\/wp-json\/wp\/v2\/samplecomfabric?post=4304479"},{"taxonomy":"clubroom_product_designer","embeddable":true,"href":"https:\/\/theinvisiblecollection.com\/fr\/wp-json\/wp\/v2\/designer_clubroom?post=4304479"}],"curies":[{"name":"wp","href":"https:\/\/api.w.org\/{rel}","templated":true}]}}