{"id":4320330,"date":"2023-12-01T13:40:38","date_gmt":"2023-12-01T13:40:38","guid":{"rendered":"https:\/\/theinvisiblecollection.com\/?post_type=product&#038;p=4320330"},"modified":"2026-05-01T07:37:49","modified_gmt":"2026-05-01T07:37:49","slug":"fleur-delesalle-table-doffidils-verde-antigua","status":"publish","type":"product","link":"https:\/\/theinvisiblecollection.com\/fr\/produit\/fleur-delesalle-table-doffidils-verde-antigua\/","title":{"rendered":"Table Basse Daffodils Verde Antigua"},"content":{"rendered":"<p style=\"text-align: justify;\">La table basse Daffodils de Fleur Delesalle se caract\u00e9rise par sa forme courbe, douce et organique. Le plateau est con\u00e7u de deux larges cylindres aux diam\u00e8tres diff\u00e9rents. Les deux tables ont exactement la m\u00eame taille de plateaux, mais les pieds ont des hauteurs diff\u00e9rentes permettant le chevauchement des deux tables gigognes.<\/p>\n","protected":false},"excerpt":{"rendered":"<p>Table basse avec plateau en marbre Antigua Verde<br \/>\nBase en bois noir<\/p>\n<p>L 120 x l 80 x H 38 cm<\/p>\n<p>Fabriqu\u00e9e \u00e0 la main en Italie<br \/>\nD\u00e9lais de fabrication : 8 semaines<\/p>\n<p class=\"p1\"><span style=\"text-decoration: underline;\"><span class=\"s1\"><a href=\"https:\/\/www.theinvisiblecollection.com\/fr\/demande-de-devis\/?product_id=1745055\">Contactez-nous pour toute demande de devis ou de renseignements<\/a><\/span><\/span><\/p>\n","protected":false},"featured_media":4320347,"template":"","meta":{"_acf_changed":false,"content-type":"","_themeisle_gutenberg_block_has_review":false},"product_brand":[],"product_cat":[7509,12503],"product_tag":[],"product_designer":[21318],"comfabric":[],"manufacturer":[26712],"reporting_designer":[37482],"samplecomfabric":[],"designer_clubroom":[],"class_list":{"0":"post-4320330","1":"product","2":"type-product","3":"status-publish","4":"has-post-thumbnail","6":"product_cat-tables-basses-dappoint","7":"product_cat-tables-fr","8":"pa_size-grand-fr","9":"pa_size-petit","10":"pa_size-set-de-2-fr","11":"product_designer-fleur-delesalle-fr","12":"manufacturer-laurent-transport-fr","13":"reporting_designer-fleur-delesalle","15":"first","16":"instock","17":"taxable","18":"shipping-taxable","19":"purchasable","20":"product-type-variable"},"acf":[],"_links":{"self":[{"href":"https:\/\/theinvisiblecollection.com\/fr\/wp-json\/wp\/v2\/product\/4320330","targetHints":{"allow":["GET"]}}],"collection":[{"href":"https:\/\/theinvisiblecollection.com\/fr\/wp-json\/wp\/v2\/product"}],"about":[{"href":"https:\/\/theinvisiblecollection.com\/fr\/wp-json\/wp\/v2\/types\/product"}],"wp:featuredmedia":[{"embeddable":true,"href":"https:\/\/theinvisiblecollection.com\/fr\/wp-json\/wp\/v2\/media\/4320347"}],"wp:attachment":[{"href":"https:\/\/theinvisiblecollection.com\/fr\/wp-json\/wp\/v2\/media?parent=4320330"}],"wp:term":[{"taxonomy":"product_brand","embeddable":true,"href":"https:\/\/theinvisiblecollection.com\/fr\/wp-json\/wp\/v2\/product_brand?post=4320330"},{"taxonomy":"product_cat","embeddable":true,"href":"https:\/\/theinvisiblecollection.com\/fr\/wp-json\/wp\/v2\/product_cat?post=4320330"},{"taxonomy":"product_tag","embeddable":true,"href":"https:\/\/theinvisiblecollection.com\/fr\/wp-json\/wp\/v2\/product_tag?post=4320330"},{"taxonomy":"product_designer","embeddable":true,"href":"https:\/\/theinvisiblecollection.com\/fr\/wp-json\/wp\/v2\/product_designer?post=4320330"},{"taxonomy":"comfabric","embeddable":true,"href":"https:\/\/theinvisiblecollection.com\/fr\/wp-json\/wp\/v2\/comfabric?post=4320330"},{"taxonomy":"manufacturer","embeddable":true,"href":"https:\/\/theinvisiblecollection.com\/fr\/wp-json\/wp\/v2\/manufacturer?post=4320330"},{"taxonomy":"reporting_designer","embeddable":true,"href":"https:\/\/theinvisiblecollection.com\/fr\/wp-json\/wp\/v2\/reporting_designer?post=4320330"},{"taxonomy":"samplecomfabric","embeddable":true,"href":"https:\/\/theinvisiblecollection.com\/fr\/wp-json\/wp\/v2\/samplecomfabric?post=4320330"},{"taxonomy":"clubroom_product_designer","embeddable":true,"href":"https:\/\/theinvisiblecollection.com\/fr\/wp-json\/wp\/v2\/designer_clubroom?post=4320330"}],"curies":[{"name":"wp","href":"https:\/\/api.w.org\/{rel}","templated":true}]}}