{"id":4325014,"date":"2023-11-29T09:13:39","date_gmt":"2023-11-29T09:13:39","guid":{"rendered":"https:\/\/theinvisiblecollection.com\/?post_type=product&#038;p=4325014"},"modified":"2026-05-08T04:39:06","modified_gmt":"2026-05-08T04:39:06","slug":"clubroom-goossens-boite-lion","status":"publish","type":"product","link":"https:\/\/theinvisiblecollection.com\/fr\/produit\/clubroom-goossens-boite-lion\/","title":{"rendered":"Bo\u00eete Lion"},"content":{"rendered":"<p class=\"p1\" style=\"text-align: justify;\">La Bo\u00eete Lion de Goossens est une bo\u00eete \u00e0 surprise en laiton massif tremp\u00e9 dans un bain d\u2019or jaune. L\u2019artiste Harumi Klossowska de Rola, connue pour son observation fine du monde animal, s\u2019est amus\u00e9e \u00e0 dessiner cette bo\u00eete boule sur laquelle repose un lion, gardien du secret que renferme la sph\u00e8re. Un objet fantasque et po\u00e9tique, que l\u2019on a envie de garder sous la main sur son bureau ou sa coiffeuse.<\/p>\n","protected":false},"excerpt":{"rendered":"<ul>\n<li>Bo\u00eete d\u00e9corative<\/li>\n<li>Dessin\u00e9e par Harumi Klossowska de Rola<\/li>\n<li>Composition : laiton plaqu\u00e9 or 24 carats<\/li>\n<\/ul>\n<p>&nbsp;<\/p>\n","protected":false},"featured_media":4325024,"template":"","meta":{"_acf_changed":false,"content-type":"","_themeisle_gutenberg_block_has_review":false},"product_brand":[],"product_cat":[12531,19973,19979],"product_tag":[22790,31476],"product_designer":[],"comfabric":[],"manufacturer":[16919],"reporting_designer":[],"samplecomfabric":[],"designer_clubroom":[20481],"class_list":{"0":"post-4325014","1":"product","2":"type-product","3":"status-publish","4":"has-post-thumbnail","6":"clubroom_taxonomies-gift-room","7":"product_cat-objets-de-decoration","8":"product_cat-accessoires-pour-la-maison","9":"product_cat-boites-et-paniers","10":"product_tag-disponible-immediatement","11":"product_tag-st-collectible-fr","12":"product_shipping_class-goossens-1kg-fr","13":"manufacturer-goossens-paris-fr","14":"clubroom_product_designer-goossens-paris-fr","15":"exhibitions-paris-fr","17":"first","18":"instock","19":"taxable","20":"shipping-taxable","21":"purchasable","22":"product-type-simple"},"acf":[],"_links":{"self":[{"href":"https:\/\/theinvisiblecollection.com\/fr\/wp-json\/wp\/v2\/product\/4325014","targetHints":{"allow":["GET"]}}],"collection":[{"href":"https:\/\/theinvisiblecollection.com\/fr\/wp-json\/wp\/v2\/product"}],"about":[{"href":"https:\/\/theinvisiblecollection.com\/fr\/wp-json\/wp\/v2\/types\/product"}],"wp:featuredmedia":[{"embeddable":true,"href":"https:\/\/theinvisiblecollection.com\/fr\/wp-json\/wp\/v2\/media\/4325024"}],"wp:attachment":[{"href":"https:\/\/theinvisiblecollection.com\/fr\/wp-json\/wp\/v2\/media?parent=4325014"}],"wp:term":[{"taxonomy":"product_brand","embeddable":true,"href":"https:\/\/theinvisiblecollection.com\/fr\/wp-json\/wp\/v2\/product_brand?post=4325014"},{"taxonomy":"product_cat","embeddable":true,"href":"https:\/\/theinvisiblecollection.com\/fr\/wp-json\/wp\/v2\/product_cat?post=4325014"},{"taxonomy":"product_tag","embeddable":true,"href":"https:\/\/theinvisiblecollection.com\/fr\/wp-json\/wp\/v2\/product_tag?post=4325014"},{"taxonomy":"product_designer","embeddable":true,"href":"https:\/\/theinvisiblecollection.com\/fr\/wp-json\/wp\/v2\/product_designer?post=4325014"},{"taxonomy":"comfabric","embeddable":true,"href":"https:\/\/theinvisiblecollection.com\/fr\/wp-json\/wp\/v2\/comfabric?post=4325014"},{"taxonomy":"manufacturer","embeddable":true,"href":"https:\/\/theinvisiblecollection.com\/fr\/wp-json\/wp\/v2\/manufacturer?post=4325014"},{"taxonomy":"reporting_designer","embeddable":true,"href":"https:\/\/theinvisiblecollection.com\/fr\/wp-json\/wp\/v2\/reporting_designer?post=4325014"},{"taxonomy":"samplecomfabric","embeddable":true,"href":"https:\/\/theinvisiblecollection.com\/fr\/wp-json\/wp\/v2\/samplecomfabric?post=4325014"},{"taxonomy":"clubroom_product_designer","embeddable":true,"href":"https:\/\/theinvisiblecollection.com\/fr\/wp-json\/wp\/v2\/designer_clubroom?post=4325014"}],"curies":[{"name":"wp","href":"https:\/\/api.w.org\/{rel}","templated":true}]}}