{"id":4330293,"date":"2024-06-19T10:53:30","date_gmt":"2024-06-19T10:53:30","guid":{"rendered":"https:\/\/theinvisiblecollection.com\/?post_type=product&#038;p=4330293"},"modified":"2026-05-01T07:37:49","modified_gmt":"2026-05-01T07:37:49","slug":"lampe-sur-pied-ionic-par-minjae-kim","status":"publish","type":"product","link":"https:\/\/theinvisiblecollection.com\/fr\/produit\/lampe-sur-pied-ionic-par-minjae-kim\/","title":{"rendered":"Lampe Sur Pied Ionic par Minjae Kim"},"content":{"rendered":"<p style=\"text-align: justify;\">Le lampadaire Ionic est un savant m\u00e9lange d\u2019\u00e9l\u00e9gance et d\u2019art. Il pr\u00e9sente une combinaison saisissante de bois de pin massif et d\u2019un abat-jour en soie luxueuse, cr\u00e9ant un contraste visuellement captivant. La texture robuste et naturelle du pin compl\u00e8te la d\u00e9licatesse brillante de la soie, donnant naissance \u00e0 une pi\u00e8ce \u00e0 la fois sculpturale et raffin\u00e9e.<\/p>\n<p>Minjae Kim cultive un langage artistique brut et expressif, o\u00f9 les imperfections et les traces de spontan\u00e9it\u00e9 sont des parties int\u00e9grantes de son processus de cr\u00e9ation, r\u00e9v\u00e9lant la v\u00e9rit\u00e9 et l&#8217;authenticit\u00e9 de son art.<\/p>\n","protected":false},"excerpt":{"rendered":"<p>Le lampadaire Ionic est un savant m\u00e9lange d\u2019\u00e9l\u00e9gance et d\u2019art. Il pr\u00e9sente une combinaison saisissante de bois de pin massif et d\u2019un abat-jour en soie luxueuse, cr\u00e9ant un contraste visuellement captivant. La texture robuste et naturelle du pin compl\u00e8te la d\u00e9licatesse brillante de la soie, donnant naissance \u00e0 une pi\u00e8ce \u00e0 la fois sculpturale et [&hellip;]<\/p>\n","protected":false},"featured_media":4330311,"template":"","meta":{"_acf_changed":false,"content-type":"","_themeisle_gutenberg_block_has_review":false},"product_brand":[],"product_cat":[8966,12507],"product_tag":[14925,31474],"product_designer":[15857],"comfabric":[],"manufacturer":[22038],"reporting_designer":[37464],"samplecomfabric":[],"designer_clubroom":[],"class_list":{"0":"post-4330293","1":"product","2":"type-product","3":"status-publish","4":"has-post-thumbnail","6":"product_cat-lampes-sur-pied","7":"product_cat-luminaires","8":"product_tag-hpfav-fr","9":"product_tag-co-white-fr","10":"pa_lampshade-avec-ligne-marron","11":"pa_lampshade-sans-ligne-marron","12":"product_designer-garce-dimofski-fr","13":"manufacturer-garc-dimofski-atelier-so-pedro-da-cova-fr","14":"reporting_designer-garce-dimofski-fr","16":"first","17":"instock","18":"taxable","19":"shipping-taxable","20":"purchasable","21":"product-type-variable"},"acf":[],"_links":{"self":[{"href":"https:\/\/theinvisiblecollection.com\/fr\/wp-json\/wp\/v2\/product\/4330293","targetHints":{"allow":["GET"]}}],"collection":[{"href":"https:\/\/theinvisiblecollection.com\/fr\/wp-json\/wp\/v2\/product"}],"about":[{"href":"https:\/\/theinvisiblecollection.com\/fr\/wp-json\/wp\/v2\/types\/product"}],"wp:featuredmedia":[{"embeddable":true,"href":"https:\/\/theinvisiblecollection.com\/fr\/wp-json\/wp\/v2\/media\/4330311"}],"wp:attachment":[{"href":"https:\/\/theinvisiblecollection.com\/fr\/wp-json\/wp\/v2\/media?parent=4330293"}],"wp:term":[{"taxonomy":"product_brand","embeddable":true,"href":"https:\/\/theinvisiblecollection.com\/fr\/wp-json\/wp\/v2\/product_brand?post=4330293"},{"taxonomy":"product_cat","embeddable":true,"href":"https:\/\/theinvisiblecollection.com\/fr\/wp-json\/wp\/v2\/product_cat?post=4330293"},{"taxonomy":"product_tag","embeddable":true,"href":"https:\/\/theinvisiblecollection.com\/fr\/wp-json\/wp\/v2\/product_tag?post=4330293"},{"taxonomy":"product_designer","embeddable":true,"href":"https:\/\/theinvisiblecollection.com\/fr\/wp-json\/wp\/v2\/product_designer?post=4330293"},{"taxonomy":"comfabric","embeddable":true,"href":"https:\/\/theinvisiblecollection.com\/fr\/wp-json\/wp\/v2\/comfabric?post=4330293"},{"taxonomy":"manufacturer","embeddable":true,"href":"https:\/\/theinvisiblecollection.com\/fr\/wp-json\/wp\/v2\/manufacturer?post=4330293"},{"taxonomy":"reporting_designer","embeddable":true,"href":"https:\/\/theinvisiblecollection.com\/fr\/wp-json\/wp\/v2\/reporting_designer?post=4330293"},{"taxonomy":"samplecomfabric","embeddable":true,"href":"https:\/\/theinvisiblecollection.com\/fr\/wp-json\/wp\/v2\/samplecomfabric?post=4330293"},{"taxonomy":"clubroom_product_designer","embeddable":true,"href":"https:\/\/theinvisiblecollection.com\/fr\/wp-json\/wp\/v2\/designer_clubroom?post=4330293"}],"curies":[{"name":"wp","href":"https:\/\/api.w.org\/{rel}","templated":true}]}}