{"id":4330321,"date":"2023-12-04T10:51:56","date_gmt":"2023-12-04T10:51:56","guid":{"rendered":"https:\/\/theinvisiblecollection.com\/?post_type=product&#038;p=4330321"},"modified":"2026-05-01T07:37:49","modified_gmt":"2026-05-01T07:37:49","slug":"garce-dimofski-table-basse-ionic-par-minjae-kim","status":"publish","type":"product","link":"https:\/\/theinvisiblecollection.com\/fr\/produit\/garce-dimofski-table-basse-ionic-par-minjae-kim\/","title":{"rendered":"Table Basse Ionic par Minjae Kim"},"content":{"rendered":"<p style=\"text-align: justify;\">La table basse Ionic est compos\u00e9e d\u2019un plateau en bois de sapele, d\u2019un socle peint \u00e0 l\u2019acrylique et d\u2019une plaque en c\u00e9ramique.<\/p>\n<p>Minjae Kim cultive un langage artistique brut et expressif, o\u00f9 les imperfections et les traces de spontan\u00e9it\u00e9 sont des parties int\u00e9grantes de son processus de cr\u00e9ation, r\u00e9v\u00e9lant la v\u00e9rit\u00e9 et l&#8217;authenticit\u00e9 de son art.<\/p>\n","protected":false},"excerpt":{"rendered":"<p>La table basse Ionic est compos\u00e9e d\u2019un plateau en bois de sapele, d\u2019un socle peint \u00e0 l\u2019acrylique et d\u2019une plaque en c\u00e9ramique. Minjae Kim cultive un langage artistique brut et expressif, o\u00f9 les imperfections et les traces de spontan\u00e9it\u00e9 sont des parties int\u00e9grantes de son processus de cr\u00e9ation, r\u00e9v\u00e9lant la v\u00e9rit\u00e9 et l&#8217;authenticit\u00e9 de son [&hellip;]<\/p>\n","protected":false},"featured_media":4330329,"template":"","meta":{"_acf_changed":false,"content-type":"","_themeisle_gutenberg_block_has_review":false},"product_brand":[],"product_cat":[7509,12503],"product_tag":[14925,31474,31475,31477],"product_designer":[15857],"comfabric":[],"manufacturer":[22038],"reporting_designer":[37464],"samplecomfabric":[],"designer_clubroom":[],"class_list":{"0":"post-4330321","1":"product","2":"type-product","3":"status-publish","4":"has-post-thumbnail","6":"product_cat-tables-basses-dappoint","7":"product_cat-tables-fr","8":"product_tag-hpfav-fr","9":"product_tag-co-white-fr","10":"product_tag-st-ceramic-fr","11":"product_tag-st-curvy-fr","12":"product_designer-garce-dimofski-fr","13":"manufacturer-garc-dimofski-atelier-so-pedro-da-cova-fr","14":"reporting_designer-garce-dimofski-fr","15":"exhibitions-paris-fr","17":"first","18":"instock","19":"taxable","20":"shipping-taxable","21":"purchasable","22":"product-type-simple"},"acf":[],"_links":{"self":[{"href":"https:\/\/theinvisiblecollection.com\/fr\/wp-json\/wp\/v2\/product\/4330321","targetHints":{"allow":["GET"]}}],"collection":[{"href":"https:\/\/theinvisiblecollection.com\/fr\/wp-json\/wp\/v2\/product"}],"about":[{"href":"https:\/\/theinvisiblecollection.com\/fr\/wp-json\/wp\/v2\/types\/product"}],"wp:featuredmedia":[{"embeddable":true,"href":"https:\/\/theinvisiblecollection.com\/fr\/wp-json\/wp\/v2\/media\/4330329"}],"wp:attachment":[{"href":"https:\/\/theinvisiblecollection.com\/fr\/wp-json\/wp\/v2\/media?parent=4330321"}],"wp:term":[{"taxonomy":"product_brand","embeddable":true,"href":"https:\/\/theinvisiblecollection.com\/fr\/wp-json\/wp\/v2\/product_brand?post=4330321"},{"taxonomy":"product_cat","embeddable":true,"href":"https:\/\/theinvisiblecollection.com\/fr\/wp-json\/wp\/v2\/product_cat?post=4330321"},{"taxonomy":"product_tag","embeddable":true,"href":"https:\/\/theinvisiblecollection.com\/fr\/wp-json\/wp\/v2\/product_tag?post=4330321"},{"taxonomy":"product_designer","embeddable":true,"href":"https:\/\/theinvisiblecollection.com\/fr\/wp-json\/wp\/v2\/product_designer?post=4330321"},{"taxonomy":"comfabric","embeddable":true,"href":"https:\/\/theinvisiblecollection.com\/fr\/wp-json\/wp\/v2\/comfabric?post=4330321"},{"taxonomy":"manufacturer","embeddable":true,"href":"https:\/\/theinvisiblecollection.com\/fr\/wp-json\/wp\/v2\/manufacturer?post=4330321"},{"taxonomy":"reporting_designer","embeddable":true,"href":"https:\/\/theinvisiblecollection.com\/fr\/wp-json\/wp\/v2\/reporting_designer?post=4330321"},{"taxonomy":"samplecomfabric","embeddable":true,"href":"https:\/\/theinvisiblecollection.com\/fr\/wp-json\/wp\/v2\/samplecomfabric?post=4330321"},{"taxonomy":"clubroom_product_designer","embeddable":true,"href":"https:\/\/theinvisiblecollection.com\/fr\/wp-json\/wp\/v2\/designer_clubroom?post=4330321"}],"curies":[{"name":"wp","href":"https:\/\/api.w.org\/{rel}","templated":true}]}}